{"id":71,"date":"2023-03-29T18:16:17","date_gmt":"2023-03-29T21:16:17","guid":{"rendered":"https:\/\/www.acsc.com.br\/santatec\/?page_id=71"},"modified":"2023-08-10T02:07:09","modified_gmt":"2023-08-10T05:07:09","slug":"biblioteca","status":"publish","type":"page","link":"https:\/\/www.acsc.com.br\/santatec\/biblioteca\/","title":{"rendered":"Biblioteca"},"content":{"rendered":"<p style=\"text-align: justify;\"><span style=\"font-weight: 400;\">A biblioteca \u00e9 o local onde o aluno realiza pesquisas e a retirada de livros para aprendizagem. \u00c9 um espa\u00e7o de desenvolvimento cognitivo e de incentivo \u00e0 leitura. Para aux\u00edlio durante as aulas dos cursos da SantaTec, os alunos podem retirar materiais solicitados pelo professor, como livros, exemplares de anatomia, entre outros.<\/span><\/p>\n<p style=\"text-align: justify;\"><span style=\"font-weight: 400;\">Os alunos usam o per\u00edodo do intervalo para consultar o acervo, retirar livros, acessar os computadores e utilizar o espa\u00e7o para realizar a leitura de livros. As trocas de per\u00edodo tamb\u00e9m s\u00e3o usadas para se realizar a retirada ou devolu\u00e7\u00e3o de livros.<\/span><\/p>\n<p><span style=\"font-weight: 400;\"><strong>Hor\u00e1rio:<\/strong> segunda e quarta: 13:30 \u00e0s 21:00 e ter\u00e7a e quinta:13:30 \u00e0s 17:30.<\/span><\/p>\n<p><strong>E-mail: <\/strong><span style=\"font-weight: 400;\">biblioteca@colegiosantanh.com.br.<\/span><\/p>\n","protected":false},"excerpt":{"rendered":"<p>A biblioteca \u00e9 o local onde o aluno realiza pesquisas e a retirada de livros para aprendizagem. \u00c9 um espa\u00e7o de desenvolvimento cognitivo e de incentivo \u00e0 leitura. Para aux\u00edlio durante as aulas dos cursos da SantaTec, os alunos podem retirar materiais solicitados pelo professor, como livros, exemplares de anatomia, entre outros. Os alunos usam&#8230;<\/p>\n","protected":false},"author":1,"featured_media":0,"parent":0,"menu_order":0,"comment_status":"closed","ping_status":"closed","template":"","meta":{"_acf_changed":false,"footnotes":""},"class_list":["post-71","page","type-page","status-publish","hentry"],"acf":[],"_links":{"self":[{"href":"https:\/\/www.acsc.com.br\/santatec\/wp-json\/wp\/v2\/pages\/71","targetHints":{"allow":["GET"]}}],"collection":[{"href":"https:\/\/www.acsc.com.br\/santatec\/wp-json\/wp\/v2\/pages"}],"about":[{"href":"https:\/\/www.acsc.com.br\/santatec\/wp-json\/wp\/v2\/types\/page"}],"author":[{"embeddable":true,"href":"https:\/\/www.acsc.com.br\/santatec\/wp-json\/wp\/v2\/users\/1"}],"replies":[{"embeddable":true,"href":"https:\/\/www.acsc.com.br\/santatec\/wp-json\/wp\/v2\/comments?post=71"}],"version-history":[{"count":4,"href":"https:\/\/www.acsc.com.br\/santatec\/wp-json\/wp\/v2\/pages\/71\/revisions"}],"predecessor-version":[{"id":183,"href":"https:\/\/www.acsc.com.br\/santatec\/wp-json\/wp\/v2\/pages\/71\/revisions\/183"}],"wp:attachment":[{"href":"https:\/\/www.acsc.com.br\/santatec\/wp-json\/wp\/v2\/media?parent=71"}],"curies":[{"name":"wp","href":"https:\/\/api.w.org\/{rel}","templated":true}]}}