{"id":69,"date":"2023-03-29T18:16:09","date_gmt":"2023-03-29T21:16:09","guid":{"rendered":"https:\/\/www.acsc.com.br\/santatec\/?page_id=69"},"modified":"2023-08-10T17:32:20","modified_gmt":"2023-08-10T20:32:20","slug":"secretaria","status":"publish","type":"page","link":"https:\/\/www.acsc.com.br\/santatec\/secretaria\/","title":{"rendered":"Secretaria"},"content":{"rendered":"<p style=\"text-align: justify;\"><span style=\"font-weight: 400;\">A secretaria \u00e9 o setor que se responsabiliza por organizar, sistematizar, registrar e documentar todos os processos que envolvem a entrada do aluno na institui\u00e7\u00e3o de ensino. Ou seja, o setor realiza matr\u00edculas, contrata\u00e7\u00f5es de cursos, entrega de hist\u00f3rico escolar e diplomas, emiss\u00e3o de atestados de matr\u00edcula e frequ\u00eancia, agendamento de visitas e entrevistas para futuros alunos, e demais atividades institucionais.<\/span><\/p>\n<p><span style=\"font-weight: 400;\"><strong>Hor\u00e1rio de atendimento:<\/strong> segunda \u00e0 sexta-feira das 07:15 \u00e0s 11:45 e das 13:15 \u00e0s 17:20.\u00a0<\/span><\/p>\n<p><span style=\"font-weight: 400;\"><strong>E-mail:<\/strong> secretaria@santatec.com.br<\/span><\/p>\n<p><strong>WhatsApp: <\/strong><a href=\"https:\/\/wa.link\/56r1jk\">51 3527-4862<\/a><\/p>\n","protected":false},"excerpt":{"rendered":"<p>A secretaria \u00e9 o setor que se responsabiliza por organizar, sistematizar, registrar e documentar todos os processos que envolvem a entrada do aluno na institui\u00e7\u00e3o de ensino. Ou seja, o setor realiza matr\u00edculas, contrata\u00e7\u00f5es de cursos, entrega de hist\u00f3rico escolar e diplomas, emiss\u00e3o de atestados de matr\u00edcula e frequ\u00eancia, agendamento de visitas e entrevistas para&#8230;<\/p>\n","protected":false},"author":1,"featured_media":0,"parent":0,"menu_order":0,"comment_status":"closed","ping_status":"closed","template":"","meta":{"_acf_changed":false,"footnotes":""},"class_list":["post-69","page","type-page","status-publish","hentry"],"acf":[],"_links":{"self":[{"href":"https:\/\/www.acsc.com.br\/santatec\/wp-json\/wp\/v2\/pages\/69","targetHints":{"allow":["GET"]}}],"collection":[{"href":"https:\/\/www.acsc.com.br\/santatec\/wp-json\/wp\/v2\/pages"}],"about":[{"href":"https:\/\/www.acsc.com.br\/santatec\/wp-json\/wp\/v2\/types\/page"}],"author":[{"embeddable":true,"href":"https:\/\/www.acsc.com.br\/santatec\/wp-json\/wp\/v2\/users\/1"}],"replies":[{"embeddable":true,"href":"https:\/\/www.acsc.com.br\/santatec\/wp-json\/wp\/v2\/comments?post=69"}],"version-history":[{"count":5,"href":"https:\/\/www.acsc.com.br\/santatec\/wp-json\/wp\/v2\/pages\/69\/revisions"}],"predecessor-version":[{"id":184,"href":"https:\/\/www.acsc.com.br\/santatec\/wp-json\/wp\/v2\/pages\/69\/revisions\/184"}],"wp:attachment":[{"href":"https:\/\/www.acsc.com.br\/santatec\/wp-json\/wp\/v2\/media?parent=69"}],"curies":[{"name":"wp","href":"https:\/\/api.w.org\/{rel}","templated":true}]}}