{"id":67,"date":"2023-03-29T18:15:57","date_gmt":"2023-03-29T21:15:57","guid":{"rendered":"https:\/\/www.acsc.com.br\/santatec\/?page_id=67"},"modified":"2023-08-11T11:05:24","modified_gmt":"2023-08-11T14:05:24","slug":"tesouraria","status":"publish","type":"page","link":"https:\/\/www.acsc.com.br\/santatec\/tesouraria\/","title":{"rendered":"Tesouraria"},"content":{"rendered":"<p style=\"text-align: justify;\"><span style=\"font-weight: 400;\">A tesouraria \u00e9 o setor respons\u00e1vel pela quest\u00e3o financeira do col\u00e9gio, neste local voc\u00ea vai encontrar algumas atividades, como: emiss\u00e3o de boleto banc\u00e1rio, emiss\u00e3o de valores pagos, confec\u00e7\u00e3o de declara\u00e7\u00e3o de bolsista, negocia\u00e7\u00e3o de valores, emiss\u00e3o de contrato de matr\u00edcula do Complexo de Piscinas, e outras compet\u00eancias e d\u00favidas envolvidas com a quest\u00e3o monet\u00e1ria.<\/span><\/p>\n<p>&nbsp;<\/p>\n<p><span style=\"font-weight: 400;\"><strong>WhatsApp:<\/strong> <\/span><a href=\"https:\/\/wa.link\/36lhvj\"><span style=\"font-weight: 400;\">51 99529-6352<\/span><\/a><\/p>\n<p><span style=\"font-weight: 400;\"><strong>Hor\u00e1rio de atendimento:<\/strong> segunda \u00e0 sexta-feira das 07:15 \u00e0s 11:45 e das 13:15 \u00e0s 17:20.\u00a0 <\/span><span style=\"font-weight: 400;\">Na quarta-feira atendimento at\u00e9 \u00e0s 20:30.<\/span><\/p>\n<p><span style=\"font-weight: 400;\"><strong>E-mail:<\/strong> tesouraria@colegiosantanh.com.br.<\/span><\/p>\n","protected":false},"excerpt":{"rendered":"<p>A tesouraria \u00e9 o setor respons\u00e1vel pela quest\u00e3o financeira do col\u00e9gio, neste local voc\u00ea vai encontrar algumas atividades, como: emiss\u00e3o de boleto banc\u00e1rio, emiss\u00e3o de valores pagos, confec\u00e7\u00e3o de declara\u00e7\u00e3o de bolsista, negocia\u00e7\u00e3o de valores, emiss\u00e3o de contrato de matr\u00edcula do Complexo de Piscinas, e outras compet\u00eancias e d\u00favidas envolvidas com a quest\u00e3o monet\u00e1ria. &nbsp;&#8230;<\/p>\n","protected":false},"author":1,"featured_media":0,"parent":0,"menu_order":0,"comment_status":"closed","ping_status":"closed","template":"","meta":{"_acf_changed":false,"footnotes":""},"class_list":["post-67","page","type-page","status-publish","hentry"],"acf":[],"_links":{"self":[{"href":"https:\/\/www.acsc.com.br\/santatec\/wp-json\/wp\/v2\/pages\/67","targetHints":{"allow":["GET"]}}],"collection":[{"href":"https:\/\/www.acsc.com.br\/santatec\/wp-json\/wp\/v2\/pages"}],"about":[{"href":"https:\/\/www.acsc.com.br\/santatec\/wp-json\/wp\/v2\/types\/page"}],"author":[{"embeddable":true,"href":"https:\/\/www.acsc.com.br\/santatec\/wp-json\/wp\/v2\/users\/1"}],"replies":[{"embeddable":true,"href":"https:\/\/www.acsc.com.br\/santatec\/wp-json\/wp\/v2\/comments?post=67"}],"version-history":[{"count":4,"href":"https:\/\/www.acsc.com.br\/santatec\/wp-json\/wp\/v2\/pages\/67\/revisions"}],"predecessor-version":[{"id":211,"href":"https:\/\/www.acsc.com.br\/santatec\/wp-json\/wp\/v2\/pages\/67\/revisions\/211"}],"wp:attachment":[{"href":"https:\/\/www.acsc.com.br\/santatec\/wp-json\/wp\/v2\/media?parent=67"}],"curies":[{"name":"wp","href":"https:\/\/api.w.org\/{rel}","templated":true}]}}