{"id":65,"date":"2023-03-29T18:15:49","date_gmt":"2023-03-29T21:15:49","guid":{"rendered":"https:\/\/www.acsc.com.br\/santatec\/?page_id=65"},"modified":"2023-08-10T01:56:40","modified_gmt":"2023-08-10T04:56:40","slug":"cipe","status":"publish","type":"page","link":"https:\/\/www.acsc.com.br\/santatec\/cipe\/","title":{"rendered":"CIPE"},"content":{"rendered":"<p style=\"text-align: justify;\"><span style=\"font-weight: 400;\">O Centro Integrado Pedag\u00f3gico (CIPE) \u00e9 formado por uma equipe de profissionais que atuam diretamente com o aluno e o professor. Temos a orienta\u00e7\u00e3o pedag\u00f3gica que acompanha o aluno em seu rendimento nos cursos, investiga e orienta processos comportamentais em cada indiv\u00edduo, zelando pela forma\u00e7\u00e3o dos alunos em suas profiss\u00f5es. Neste local tamb\u00e9m encontramos a supervis\u00e3o pedag\u00f3gica, que <\/span><span style=\"font-weight: 400;\">auxilia o professor em sua pr\u00e1tica, propondo novas abordagens, metodologias e estrat\u00e9gias para a forma\u00e7\u00e3o dos alunos e tamb\u00e9m resolu\u00e7\u00f5es de conflitos. O setor realiza a elabora\u00e7\u00e3o do calend\u00e1rio escolar e das informa\u00e7\u00f5es do projeto pol\u00edtico pedag\u00f3gico proposto pela Santatec.<\/span><\/p>\n<p><span style=\"font-weight: 400;\">\u00a0<\/span><\/p>\n<p><span style=\"font-weight: 400;\"><strong>Hor\u00e1rio de atendimento:<\/strong> segunda \u00e0 quinta-feira das 14:00 \u00e0s 21:30.<\/span><\/p>\n<p><span style=\"font-weight: 400;\"><strong>E-mail:<\/strong> contato@santatec.com.br<\/span><\/p>\n","protected":false},"excerpt":{"rendered":"<p>O Centro Integrado Pedag\u00f3gico (CIPE) \u00e9 formado por uma equipe de profissionais que atuam diretamente com o aluno e o professor. Temos a orienta\u00e7\u00e3o pedag\u00f3gica que acompanha o aluno em seu rendimento nos cursos, investiga e orienta processos comportamentais em cada indiv\u00edduo, zelando pela forma\u00e7\u00e3o dos alunos em suas profiss\u00f5es. Neste local tamb\u00e9m encontramos a&#8230;<\/p>\n","protected":false},"author":1,"featured_media":0,"parent":0,"menu_order":0,"comment_status":"closed","ping_status":"closed","template":"","meta":{"_acf_changed":false,"footnotes":""},"class_list":["post-65","page","type-page","status-publish","hentry"],"acf":[],"_links":{"self":[{"href":"https:\/\/www.acsc.com.br\/santatec\/wp-json\/wp\/v2\/pages\/65","targetHints":{"allow":["GET"]}}],"collection":[{"href":"https:\/\/www.acsc.com.br\/santatec\/wp-json\/wp\/v2\/pages"}],"about":[{"href":"https:\/\/www.acsc.com.br\/santatec\/wp-json\/wp\/v2\/types\/page"}],"author":[{"embeddable":true,"href":"https:\/\/www.acsc.com.br\/santatec\/wp-json\/wp\/v2\/users\/1"}],"replies":[{"embeddable":true,"href":"https:\/\/www.acsc.com.br\/santatec\/wp-json\/wp\/v2\/comments?post=65"}],"version-history":[{"count":3,"href":"https:\/\/www.acsc.com.br\/santatec\/wp-json\/wp\/v2\/pages\/65\/revisions"}],"predecessor-version":[{"id":173,"href":"https:\/\/www.acsc.com.br\/santatec\/wp-json\/wp\/v2\/pages\/65\/revisions\/173"}],"wp:attachment":[{"href":"https:\/\/www.acsc.com.br\/santatec\/wp-json\/wp\/v2\/media?parent=65"}],"curies":[{"name":"wp","href":"https:\/\/api.w.org\/{rel}","templated":true}]}}