{"id":63,"date":"2023-03-29T18:15:42","date_gmt":"2023-03-29T21:15:42","guid":{"rendered":"https:\/\/www.acsc.com.br\/santatec\/?page_id=63"},"modified":"2023-08-10T01:56:34","modified_gmt":"2023-08-10T04:56:34","slug":"sod","status":"publish","type":"page","link":"https:\/\/www.acsc.com.br\/santatec\/sod\/","title":{"rendered":"SOD"},"content":{"rendered":"<p style=\"text-align: justify;\"><span style=\"font-weight: 400;\">O Servi\u00e7o de Orienta\u00e7\u00e3o Disciplinar (SOD), tem o objetivo de perceber, de acompanhar, de ajudar e de orientar cada aluno no seu desenvolvimento no processo de ensino-aprendizagem. Esse setor tem a responsabilidade de manter a ordem e disciplina entre os alunos, sendo composto por um grupo de monitores que zelam pelo bem-estar e seguran\u00e7a dos estudantes. Dentre as compet\u00eancias, o SOD tamb\u00e9m colabora para o processo de integra\u00e7\u00e3o entre Fam\u00edlia e Escola, orientando sobre a estrutura e o funcionamento, auxiliando na organiza\u00e7\u00e3o e no cumprimento do plano de estudos.\u00a0<\/span><\/p>\n<p><span style=\"font-weight: 400;\"><strong>Hor\u00e1rio atendimento:<\/strong> 13:30 \u00e0s 22:30.<\/span><\/p>\n<p><span style=\"font-weight: 400;\"><strong>E-mail:<\/strong> sod@colegiosantanh.com.br<\/span><\/p>\n","protected":false},"excerpt":{"rendered":"<p>O Servi\u00e7o de Orienta\u00e7\u00e3o Disciplinar (SOD), tem o objetivo de perceber, de acompanhar, de ajudar e de orientar cada aluno no seu desenvolvimento no processo de ensino-aprendizagem. Esse setor tem a responsabilidade de manter a ordem e disciplina entre os alunos, sendo composto por um grupo de monitores que zelam pelo bem-estar e seguran\u00e7a dos&#8230;<\/p>\n","protected":false},"author":1,"featured_media":0,"parent":0,"menu_order":0,"comment_status":"closed","ping_status":"closed","template":"","meta":{"_acf_changed":false,"footnotes":""},"class_list":["post-63","page","type-page","status-publish","hentry"],"acf":[],"_links":{"self":[{"href":"https:\/\/www.acsc.com.br\/santatec\/wp-json\/wp\/v2\/pages\/63","targetHints":{"allow":["GET"]}}],"collection":[{"href":"https:\/\/www.acsc.com.br\/santatec\/wp-json\/wp\/v2\/pages"}],"about":[{"href":"https:\/\/www.acsc.com.br\/santatec\/wp-json\/wp\/v2\/types\/page"}],"author":[{"embeddable":true,"href":"https:\/\/www.acsc.com.br\/santatec\/wp-json\/wp\/v2\/users\/1"}],"replies":[{"embeddable":true,"href":"https:\/\/www.acsc.com.br\/santatec\/wp-json\/wp\/v2\/comments?post=63"}],"version-history":[{"count":3,"href":"https:\/\/www.acsc.com.br\/santatec\/wp-json\/wp\/v2\/pages\/63\/revisions"}],"predecessor-version":[{"id":172,"href":"https:\/\/www.acsc.com.br\/santatec\/wp-json\/wp\/v2\/pages\/63\/revisions\/172"}],"wp:attachment":[{"href":"https:\/\/www.acsc.com.br\/santatec\/wp-json\/wp\/v2\/media?parent=63"}],"curies":[{"name":"wp","href":"https:\/\/api.w.org\/{rel}","templated":true}]}}