{"id":61,"date":"2023-03-29T18:15:34","date_gmt":"2023-03-29T21:15:34","guid":{"rendered":"https:\/\/www.acsc.com.br\/santatec\/?page_id=61"},"modified":"2023-08-10T01:56:28","modified_gmt":"2023-08-10T04:56:28","slug":"direcao","status":"publish","type":"page","link":"https:\/\/www.acsc.com.br\/santatec\/direcao\/","title":{"rendered":"Dire\u00e7\u00e3o"},"content":{"rendered":"<p style=\"text-align: justify;\"><span style=\"font-weight: 400;\">O setor da dire\u00e7\u00e3o tem como papel realizar a gest\u00e3o escolar, realizando um trabalho educacional e sendo a maior refer\u00eancia pedag\u00f3gica. Suas atribui\u00e7\u00f5es lhe conferem a responsabilidade de garantir a qualidade do ensino na institui\u00e7\u00e3o e atender toda a comunidade escolar, de modo que atuem juntos no processo de ensino e aprendizagem para que ele seja efetivo.<\/span><\/p>\n","protected":false},"excerpt":{"rendered":"<p>O setor da dire\u00e7\u00e3o tem como papel realizar a gest\u00e3o escolar, realizando um trabalho educacional e sendo a maior refer\u00eancia pedag\u00f3gica. Suas atribui\u00e7\u00f5es lhe conferem a responsabilidade de garantir a qualidade do ensino na institui\u00e7\u00e3o e atender toda a comunidade escolar, de modo que atuem juntos no processo de ensino e aprendizagem para que ele&#8230;<\/p>\n","protected":false},"author":1,"featured_media":0,"parent":0,"menu_order":0,"comment_status":"closed","ping_status":"closed","template":"","meta":{"_acf_changed":false,"footnotes":""},"class_list":["post-61","page","type-page","status-publish","hentry"],"acf":[],"_links":{"self":[{"href":"https:\/\/www.acsc.com.br\/santatec\/wp-json\/wp\/v2\/pages\/61","targetHints":{"allow":["GET"]}}],"collection":[{"href":"https:\/\/www.acsc.com.br\/santatec\/wp-json\/wp\/v2\/pages"}],"about":[{"href":"https:\/\/www.acsc.com.br\/santatec\/wp-json\/wp\/v2\/types\/page"}],"author":[{"embeddable":true,"href":"https:\/\/www.acsc.com.br\/santatec\/wp-json\/wp\/v2\/users\/1"}],"replies":[{"embeddable":true,"href":"https:\/\/www.acsc.com.br\/santatec\/wp-json\/wp\/v2\/comments?post=61"}],"version-history":[{"count":3,"href":"https:\/\/www.acsc.com.br\/santatec\/wp-json\/wp\/v2\/pages\/61\/revisions"}],"predecessor-version":[{"id":171,"href":"https:\/\/www.acsc.com.br\/santatec\/wp-json\/wp\/v2\/pages\/61\/revisions\/171"}],"wp:attachment":[{"href":"https:\/\/www.acsc.com.br\/santatec\/wp-json\/wp\/v2\/media?parent=61"}],"curies":[{"name":"wp","href":"https:\/\/api.w.org\/{rel}","templated":true}]}}