{"id":55,"date":"2023-03-29T18:13:56","date_gmt":"2023-03-29T21:13:56","guid":{"rendered":"https:\/\/www.acsc.com.br\/santatec\/?page_id=55"},"modified":"2023-08-10T01:56:22","modified_gmt":"2023-08-10T04:56:22","slug":"instrumentacao-cirurgica","status":"publish","type":"page","link":"https:\/\/www.acsc.com.br\/santatec\/instrumentacao-cirurgica\/","title":{"rendered":"Instrumenta\u00e7\u00e3o Cir\u00fargica"},"content":{"rendered":"<h4><b>Objetivo<\/b><\/h4>\n<p style=\"text-align: justify;\"><span style=\"font-weight: 400;\">O curso de Qualifica\u00e7\u00e3o em Instrumenta\u00e7\u00e3o Cir\u00fargica tem como objetivo formar profissionais capacitados para prestar assist\u00eancia especializada no ordenamento, controle do instrumental e material cir\u00fargico ao m\u00e9dico e seus auxiliares, durante todos os procedimentos cir\u00fargicos.<\/span><\/p>\n<p>&nbsp;<\/p>\n<h4><b>Carga Hor\u00e1ria<\/b><\/h4>\n<ul>\n<li style=\"font-weight: 400;\" aria-level=\"1\"><span style=\"font-weight: 400;\">150 horas<\/span><\/li>\n<\/ul>\n<h4><b>Pr\u00e9-requisitos<\/b><\/h4>\n<ul>\n<li style=\"font-weight: 400;\" aria-level=\"1\"><span style=\"font-weight: 400;\">T\u00e9cnico em Enfermagem conclu\u00eddo<\/span><\/li>\n<\/ul>\n<p>&nbsp;<\/p>\n<h4><b>Conte\u00fado Program\u00e1tico<\/b><\/h4>\n<ul>\n<li style=\"font-weight: 400;\" aria-level=\"1\"><span style=\"font-weight: 400;\">M\u00f3dulo I<\/span><\/li>\n<li style=\"font-weight: 400;\" aria-level=\"1\"><span style=\"font-weight: 400;\">Psicologia Aplicada<\/span><\/li>\n<li style=\"font-weight: 400;\" aria-level=\"1\"><span style=\"font-weight: 400;\">\u00c9tica e Bio\u00e9tica<\/span><\/li>\n<li style=\"font-weight: 400;\" aria-level=\"1\"><span style=\"font-weight: 400;\">Anatomia<\/span><\/li>\n<li style=\"font-weight: 400;\" aria-level=\"1\"><span style=\"font-weight: 400;\">Microbiologia<\/span><\/li>\n<li style=\"font-weight: 400;\" aria-level=\"1\"><span style=\"font-weight: 400;\">Registros<\/span><\/li>\n<li style=\"font-weight: 400;\" aria-level=\"1\"><span style=\"font-weight: 400;\">Farmacologia<\/span><\/li>\n<li style=\"font-weight: 400;\" aria-level=\"1\"><span style=\"font-weight: 400;\">Intercorr\u00eancias<\/span><\/li>\n<li style=\"font-weight: 400;\" aria-level=\"1\"><span style=\"font-weight: 400;\">M\u00f3dulo II<\/span><\/li>\n<li style=\"font-weight: 400;\" aria-level=\"1\"><span style=\"font-weight: 400;\">Estrutura e funcionamento do Centro Cir\u00fargico<\/span><\/li>\n<li style=\"font-weight: 400;\" aria-level=\"1\"><span style=\"font-weight: 400;\">Centro de Material e Esteriliza\u00e7\u00e3o<\/span><\/li>\n<li style=\"font-weight: 400;\" aria-level=\"1\"><span style=\"font-weight: 400;\">Interven\u00e7\u00f5es Cir\u00fargicas<\/span><\/li>\n<li style=\"font-weight: 400;\" aria-level=\"1\"><span style=\"font-weight: 400;\">V\u00eddeo Cirurgia<\/span><\/li>\n<li style=\"font-weight: 400;\" aria-level=\"1\"><span style=\"font-weight: 400;\">Est\u00e1gio Supervisionado<\/span><\/li>\n<\/ul>\n","protected":false},"excerpt":{"rendered":"<p>Objetivo O curso de Qualifica\u00e7\u00e3o em Instrumenta\u00e7\u00e3o Cir\u00fargica tem como objetivo formar profissionais capacitados para prestar assist\u00eancia especializada no ordenamento, controle do instrumental e material cir\u00fargico ao m\u00e9dico e seus auxiliares, durante todos os procedimentos cir\u00fargicos. &nbsp; Carga Hor\u00e1ria 150 horas Pr\u00e9-requisitos T\u00e9cnico em Enfermagem conclu\u00eddo &nbsp; Conte\u00fado Program\u00e1tico M\u00f3dulo I Psicologia Aplicada \u00c9tica e&#8230;<\/p>\n","protected":false},"author":1,"featured_media":0,"parent":0,"menu_order":0,"comment_status":"closed","ping_status":"closed","template":"","meta":{"_acf_changed":false,"footnotes":""},"class_list":["post-55","page","type-page","status-publish","hentry"],"acf":[],"_links":{"self":[{"href":"https:\/\/www.acsc.com.br\/santatec\/wp-json\/wp\/v2\/pages\/55","targetHints":{"allow":["GET"]}}],"collection":[{"href":"https:\/\/www.acsc.com.br\/santatec\/wp-json\/wp\/v2\/pages"}],"about":[{"href":"https:\/\/www.acsc.com.br\/santatec\/wp-json\/wp\/v2\/types\/page"}],"author":[{"embeddable":true,"href":"https:\/\/www.acsc.com.br\/santatec\/wp-json\/wp\/v2\/users\/1"}],"replies":[{"embeddable":true,"href":"https:\/\/www.acsc.com.br\/santatec\/wp-json\/wp\/v2\/comments?post=55"}],"version-history":[{"count":3,"href":"https:\/\/www.acsc.com.br\/santatec\/wp-json\/wp\/v2\/pages\/55\/revisions"}],"predecessor-version":[{"id":170,"href":"https:\/\/www.acsc.com.br\/santatec\/wp-json\/wp\/v2\/pages\/55\/revisions\/170"}],"wp:attachment":[{"href":"https:\/\/www.acsc.com.br\/santatec\/wp-json\/wp\/v2\/media?parent=55"}],"curies":[{"name":"wp","href":"https:\/\/api.w.org\/{rel}","templated":true}]}}