{"id":53,"date":"2023-03-29T18:13:47","date_gmt":"2023-03-29T21:13:47","guid":{"rendered":"https:\/\/www.acsc.com.br\/santatec\/?page_id=53"},"modified":"2023-08-10T01:56:16","modified_gmt":"2023-08-10T04:56:16","slug":"coleta-de-material-biologico","status":"publish","type":"page","link":"https:\/\/www.acsc.com.br\/santatec\/coleta-de-material-biologico\/","title":{"rendered":"Coleta de Material Biol\u00f3gico"},"content":{"rendered":"<h4><b>Objetivo<\/b><\/h4>\n<p style=\"text-align: justify;\"><span style=\"font-weight: 400;\">O curso de qualifica\u00e7\u00e3o em Coleta de Material Biol\u00f3gico tem como objetivo preparar o aluno para a adequada obten\u00e7\u00e3o (pr\u00e1tica\/t\u00e9cnicas) das principais amostras de material em laborat\u00f3rio cl\u00ednico, al\u00e9m de prestar atendimento qualificado e humano, atendendo o paciente em suas necessidades.<\/span><\/p>\n<h4><b>Conte\u00fado Program\u00e1tico<\/b><\/h4>\n<ul>\n<li style=\"font-weight: 400;\" aria-level=\"1\"><span style=\"font-weight: 400;\">Anatomia dos s\u00edtios de coleta<\/span><\/li>\n<li style=\"font-weight: 400;\" aria-level=\"1\"><span style=\"font-weight: 400;\">Legisla\u00e7\u00e3o<\/span><\/li>\n<li style=\"font-weight: 400;\" aria-level=\"1\"><span style=\"font-weight: 400;\">Bio\u00e9tica e biosseguran\u00e7a<\/span><\/li>\n<li style=\"font-weight: 400;\" aria-level=\"1\"><span style=\"font-weight: 400;\">Rotinas e compet\u00eancias do servi\u00e7o<\/span><\/li>\n<li style=\"font-weight: 400;\" aria-level=\"1\"><span style=\"font-weight: 400;\">Tipos de amostras e coletas biol\u00f3gicas<\/span><\/li>\n<li style=\"font-weight: 400;\" aria-level=\"1\"><span style=\"font-weight: 400;\">Recipientes de coleta<\/span><\/li>\n<li style=\"font-weight: 400;\" aria-level=\"1\"><span style=\"font-weight: 400;\">T\u00e9cnicas de coleta<\/span><\/li>\n<li style=\"font-weight: 400;\" aria-level=\"1\"><span style=\"font-weight: 400;\">Cuidados pr\u00e9 e p\u00f3s coleta<\/span><\/li>\n<li style=\"font-weight: 400;\" aria-level=\"1\"><span style=\"font-weight: 400;\">Prepara\u00e7\u00e3o e acondicionamento de amostras<\/span><\/li>\n<li style=\"font-weight: 400;\" aria-level=\"1\"><span style=\"font-weight: 400;\">Processamento de amostras<\/span><span style=\"font-weight: 400;\"><br \/>\n<\/span><span style=\"font-weight: 400;\">20 horas<\/span><\/li>\n<li style=\"font-weight: 400;\" aria-level=\"1\"><span style=\"font-weight: 400;\">Est\u00e1gio Supervisionado<\/span><span style=\"font-weight: 400;\"><br \/>\n<\/span><span style=\"font-weight: 400;\">20 horas<\/span><\/li>\n<\/ul>\n<h4><b>Carga Hor\u00e1ria<\/b><\/h4>\n<ul>\n<li style=\"font-weight: 400;\" aria-level=\"1\"><span style=\"font-weight: 400;\">20 horas te\u00f3ricas e 20 horas de est\u00e1gio<\/span><\/li>\n<\/ul>\n<h4><b>Pr\u00e9-requisitos<\/b><\/h4>\n<ul>\n<li style=\"font-weight: 400;\" aria-level=\"1\"><span style=\"font-weight: 400;\">Estar matriculado no 4\u00ba semestre e\/ou m\u00f3dulo do curso T\u00e9cnico em Enfermagem.<\/span><\/li>\n<\/ul>\n","protected":false},"excerpt":{"rendered":"<p>Objetivo O curso de qualifica\u00e7\u00e3o em Coleta de Material Biol\u00f3gico tem como objetivo preparar o aluno para a adequada obten\u00e7\u00e3o (pr\u00e1tica\/t\u00e9cnicas) das principais amostras de material em laborat\u00f3rio cl\u00ednico, al\u00e9m de prestar atendimento qualificado e humano, atendendo o paciente em suas necessidades. Conte\u00fado Program\u00e1tico Anatomia dos s\u00edtios de coleta Legisla\u00e7\u00e3o Bio\u00e9tica e biosseguran\u00e7a Rotinas e&#8230;<\/p>\n","protected":false},"author":1,"featured_media":0,"parent":0,"menu_order":0,"comment_status":"closed","ping_status":"closed","template":"","meta":{"_acf_changed":false,"footnotes":""},"class_list":["post-53","page","type-page","status-publish","hentry"],"acf":[],"_links":{"self":[{"href":"https:\/\/www.acsc.com.br\/santatec\/wp-json\/wp\/v2\/pages\/53","targetHints":{"allow":["GET"]}}],"collection":[{"href":"https:\/\/www.acsc.com.br\/santatec\/wp-json\/wp\/v2\/pages"}],"about":[{"href":"https:\/\/www.acsc.com.br\/santatec\/wp-json\/wp\/v2\/types\/page"}],"author":[{"embeddable":true,"href":"https:\/\/www.acsc.com.br\/santatec\/wp-json\/wp\/v2\/users\/1"}],"replies":[{"embeddable":true,"href":"https:\/\/www.acsc.com.br\/santatec\/wp-json\/wp\/v2\/comments?post=53"}],"version-history":[{"count":3,"href":"https:\/\/www.acsc.com.br\/santatec\/wp-json\/wp\/v2\/pages\/53\/revisions"}],"predecessor-version":[{"id":169,"href":"https:\/\/www.acsc.com.br\/santatec\/wp-json\/wp\/v2\/pages\/53\/revisions\/169"}],"wp:attachment":[{"href":"https:\/\/www.acsc.com.br\/santatec\/wp-json\/wp\/v2\/media?parent=53"}],"curies":[{"name":"wp","href":"https:\/\/api.w.org\/{rel}","templated":true}]}}