{"id":51,"date":"2023-03-29T18:13:36","date_gmt":"2023-03-29T21:13:36","guid":{"rendered":"https:\/\/www.acsc.com.br\/santatec\/?page_id=51"},"modified":"2024-04-01T16:56:20","modified_gmt":"2024-04-01T19:56:20","slug":"cuidador-de-idosos","status":"publish","type":"page","link":"https:\/\/www.acsc.com.br\/santatec\/cuidador-de-idosos\/","title":{"rendered":"Cuidador de Idosos"},"content":{"rendered":"<h4 style=\"text-align: justify;\"><b>Objetivo<\/b><\/h4>\n<p style=\"text-align: justify;\"><span style=\"font-weight: 400;\">O curso de qualifica\u00e7\u00e3o de Cuidador de Idosos tem como objetivo proporcionar conhecimentos te\u00f3rico-pr\u00e1ticos, para formar profissionais competentes, \u00e9ticos e respons\u00e1veis, capazes de resgatar os conceitos de cidadania dos idosos e seu direito a um atendimento de qualidade.<\/span><\/p>\n<p><img loading=\"lazy\" decoding=\"async\" class=\"aligncenter wp-image-247 size-full\" src=\"https:\/\/www.acsc.com.br\/santatec\/wp-content\/uploads\/sites\/3\/2024\/04\/WhatsApp-Image-2024-04-01-at-10.56.09.jpeg\" alt=\"\" width=\"791\" height=\"754\" srcset=\"https:\/\/www.acsc.com.br\/santatec\/wp-content\/uploads\/sites\/3\/2024\/04\/WhatsApp-Image-2024-04-01-at-10.56.09.jpeg 791w, https:\/\/www.acsc.com.br\/santatec\/wp-content\/uploads\/sites\/3\/2024\/04\/WhatsApp-Image-2024-04-01-at-10.56.09-300x286.jpeg 300w\" sizes=\"auto, (max-width: 791px) 100vw, 791px\" \/><\/p>\n","protected":false},"excerpt":{"rendered":"<p>Objetivo O curso de qualifica\u00e7\u00e3o de Cuidador de Idosos tem como objetivo proporcionar conhecimentos te\u00f3rico-pr\u00e1ticos, para formar profissionais competentes, \u00e9ticos e respons\u00e1veis, capazes de resgatar os conceitos de cidadania dos idosos e seu direito a um atendimento de qualidade.<\/p>\n","protected":false},"author":1,"featured_media":0,"parent":0,"menu_order":0,"comment_status":"closed","ping_status":"closed","template":"","meta":{"_acf_changed":false,"footnotes":""},"class_list":["post-51","page","type-page","status-publish","hentry"],"acf":[],"_links":{"self":[{"href":"https:\/\/www.acsc.com.br\/santatec\/wp-json\/wp\/v2\/pages\/51","targetHints":{"allow":["GET"]}}],"collection":[{"href":"https:\/\/www.acsc.com.br\/santatec\/wp-json\/wp\/v2\/pages"}],"about":[{"href":"https:\/\/www.acsc.com.br\/santatec\/wp-json\/wp\/v2\/types\/page"}],"author":[{"embeddable":true,"href":"https:\/\/www.acsc.com.br\/santatec\/wp-json\/wp\/v2\/users\/1"}],"replies":[{"embeddable":true,"href":"https:\/\/www.acsc.com.br\/santatec\/wp-json\/wp\/v2\/comments?post=51"}],"version-history":[{"count":5,"href":"https:\/\/www.acsc.com.br\/santatec\/wp-json\/wp\/v2\/pages\/51\/revisions"}],"predecessor-version":[{"id":248,"href":"https:\/\/www.acsc.com.br\/santatec\/wp-json\/wp\/v2\/pages\/51\/revisions\/248"}],"wp:attachment":[{"href":"https:\/\/www.acsc.com.br\/santatec\/wp-json\/wp\/v2\/media?parent=51"}],"curies":[{"name":"wp","href":"https:\/\/api.w.org\/{rel}","templated":true}]}}