{"id":49,"date":"2023-03-29T18:13:28","date_gmt":"2023-03-29T21:13:28","guid":{"rendered":"https:\/\/www.acsc.com.br\/santatec\/?page_id=49"},"modified":"2024-09-17T13:52:40","modified_gmt":"2024-09-17T16:52:40","slug":"enfermagem","status":"publish","type":"page","link":"https:\/\/www.acsc.com.br\/santatec\/enfermagem\/","title":{"rendered":"Enfermagem"},"content":{"rendered":"<section class=\"l-section wpb_row height_medium\"><div class=\"l-section-h i-cf\"><div class=\"g-cols vc_row via_grid cols_1 laptops-cols_inherit tablets-cols_inherit mobiles-cols_1 valign_top type_default stacking_default\"><div class=\"wpb_column vc_column_container\"><div class=\"vc_column-inner\"><div class=\"wpb_text_column\"><div class=\"wpb_wrapper\"><h4 style=\"text-align: justify;\"><b>A Profiss\u00e3o<\/b><\/h4>\n<p style=\"text-align: justify;\"><span style=\"font-weight: 400;\">O T\u00e9cnico em Enfermagem \u00e9 um profissional da \u00e1rea da sa\u00fade que exerce atividade de n\u00edvel m\u00e9dio, envolvendo orienta\u00e7\u00e3o e acompanhamento do trabalho de enfermagem em grau auxiliar e participa\u00e7\u00e3o no planejamento da assist\u00eancia de enfermagem, cabendo-lhe especialmente: participar da programa\u00e7\u00e3o da assist\u00eancia de enfermagem; executar a\u00e7\u00f5es assistenciais de enfermagem; participar da orienta\u00e7\u00e3o e supervis\u00e3o do trabalho de enfermagem em grau auxiliar; participar da equipe de sa\u00fade.<\/span><\/p>\n<h4 style=\"text-align: justify;\"><b>Mercado de Trabalho<\/b><\/h4>\n<p style=\"text-align: justify;\"><span style=\"font-weight: 400;\">O campo de atua\u00e7\u00e3o para o T\u00e9cnico em Enfermagem \u00e9 bastante amplo e oferece v\u00e1rias oportunidades de trabalho no espa\u00e7o hospitalar p\u00fablico ou privado, cl\u00ednicas, unidades de sa\u00fade, escolas, creches e domic\u00edlios, tendo um ensino qualificado que prepara o aluno para concursos na \u00e1rea da sa\u00fade.<\/span><\/p>\n<h4 style=\"text-align: justify;\"><b>O Curso<\/b><\/h4>\n<p style=\"text-align: justify;\"><span style=\"font-weight: 400;\">O curso do T\u00e9cnico em Enfermagem \u00e9 composto de quatro semestres, com carga hor\u00e1ria de 1280 horas acrescidas de 400 horas de Est\u00e1gio Supervisionado. As turmas s\u00e3o oferecidas nos per\u00edodos diurno e noturno, com salas de aula equipadas com multim\u00eddia, laborat\u00f3rios espec\u00edficos, corpo administrativo eficiente, biblioteca com acervo atualizado e professores qualificados.<\/span><\/p>\n<p style=\"text-align: justify;\"><span style=\"font-weight: 400;\">Nosso diferencial inclui <\/span><b>parcerias com o Hospital Regina e o Hospital S\u00e3o Jos\u00e9 de Ivoti<\/b><span style=\"font-weight: 400;\">, que fazem parte da nossa rede de institui\u00e7\u00f5es. Os alunos ter\u00e3o a oportunidade de realizar um est\u00e1gio de qualidade, em setores do Hospital Regina, como por exemplo: pediatria, centro obst\u00e9trico, sala de recupera\u00e7\u00e3o, bloco cir\u00fargico, maternidade e UTI adulto. No hospital S\u00e3o Jos\u00e9, os alunos s\u00e3o encaminhados aos setores de emerg\u00eancia e cl\u00ednicas.\u00a0<\/span><\/p>\n<p style=\"text-align: justify;\"><span style=\"font-weight: 400;\">Cada setor conta com um supervisor de est\u00e1gio respons\u00e1vel por uma turma com n\u00famero limitado de alunos em forma\u00e7\u00e3o, com o objetivo de assegurar um acompanhamento adequado e um desenvolvimento cont\u00ednuo de cada estudante. Esse supervisor oferece suporte constante, possibilitando a aplica\u00e7\u00e3o pr\u00e1tica dos conhecimentos te\u00f3ricos adquiridos, promovendo assim uma experi\u00eancia formativa mais eficaz e direcionada. Ap\u00f3s a conclus\u00e3o do curso, os alunos t\u00eam a oportunidade de ingressar nos hospitais parceiros por meio de um processo seletivo de contrata\u00e7\u00e3o.<\/span><\/p>\n<\/div><\/div><div class=\"w-separator size_medium\"><\/div><div class=\"w-btn-wrapper align_center\"><a class=\"w-btn us-btn-style_1 icon_atleft\" target=\"_blank\" href=\"https:\/\/www.acsc.com.br\/santatec\/wp-content\/uploads\/sites\/3\/2023\/04\/NOVA-GRADE-CURRICULAR.docx.pdf\" rel=\"noopener\"><i class=\"fas fa-download\"><\/i><span class=\"w-btn-label\">GRADE CURRICULAR<\/span><\/a><\/div><div class=\"w-separator size_medium\"><\/div><div class=\"wpb_text_column\"><div class=\"wpb_wrapper\"><div class=\"w-gallery cols_6 link_file\"><div class=\"w-gallery-list\"><a class=\"w-gallery-item order_1\" href=\"https:\/\/www.acsc.com.br\/santatec\/wp-content\/uploads\/sites\/3\/2023\/08\/don-1-32.jpg\" title=\"don-1-32\"><div class=\"w-gallery-item-img\"><img loading=\"lazy\" decoding=\"async\" width=\"150\" height=\"150\" src=\"https:\/\/www.acsc.com.br\/santatec\/wp-content\/uploads\/sites\/3\/2023\/08\/don-1-32-150x150.jpg\" class=\"attachment-thumbnail size-thumbnail\" alt=\"\" \/><\/div><\/a><a class=\"w-gallery-item order_2\" href=\"https:\/\/www.acsc.com.br\/santatec\/wp-content\/uploads\/sites\/3\/2023\/08\/don-1-66.jpg\" title=\"don-1-66\"><div class=\"w-gallery-item-img\"><img loading=\"lazy\" decoding=\"async\" width=\"150\" height=\"150\" src=\"https:\/\/www.acsc.com.br\/santatec\/wp-content\/uploads\/sites\/3\/2023\/08\/don-1-66-150x150.jpg\" class=\"attachment-thumbnail size-thumbnail\" alt=\"\" \/><\/div><\/a><a class=\"w-gallery-item order_3\" href=\"https:\/\/www.acsc.com.br\/santatec\/wp-content\/uploads\/sites\/3\/2023\/08\/don-1-65.jpg\" title=\"don-1-65\"><div class=\"w-gallery-item-img\"><img loading=\"lazy\" decoding=\"async\" width=\"150\" height=\"150\" src=\"https:\/\/www.acsc.com.br\/santatec\/wp-content\/uploads\/sites\/3\/2023\/08\/don-1-65-150x150.jpg\" class=\"attachment-thumbnail size-thumbnail\" alt=\"\" \/><\/div><\/a><a class=\"w-gallery-item order_4\" href=\"https:\/\/www.acsc.com.br\/santatec\/wp-content\/uploads\/sites\/3\/2023\/08\/don-1-61.jpg\" title=\"don-1-61\"><div class=\"w-gallery-item-img\"><img loading=\"lazy\" decoding=\"async\" width=\"150\" height=\"150\" src=\"https:\/\/www.acsc.com.br\/santatec\/wp-content\/uploads\/sites\/3\/2023\/08\/don-1-61-150x150.jpg\" class=\"attachment-thumbnail size-thumbnail\" alt=\"\" \/><\/div><\/a><a class=\"w-gallery-item order_5\" href=\"https:\/\/www.acsc.com.br\/santatec\/wp-content\/uploads\/sites\/3\/2023\/08\/don-1-42.jpg\" title=\"don-1-42\"><div class=\"w-gallery-item-img\"><img loading=\"lazy\" decoding=\"async\" width=\"150\" height=\"150\" src=\"https:\/\/www.acsc.com.br\/santatec\/wp-content\/uploads\/sites\/3\/2023\/08\/don-1-42-150x150.jpg\" class=\"attachment-thumbnail size-thumbnail\" alt=\"\" \/><\/div><\/a><\/div><\/div>\n<\/div><\/div><\/div><\/div><\/div><\/div><\/section>\n","protected":false},"excerpt":{"rendered":"A Profiss\u00e3o O T\u00e9cnico em Enfermagem \u00e9 um profissional da \u00e1rea da sa\u00fade que exerce atividade de n\u00edvel m\u00e9dio, envolvendo orienta\u00e7\u00e3o e acompanhamento do trabalho de enfermagem em grau auxiliar e participa\u00e7\u00e3o no planejamento da assist\u00eancia de enfermagem, cabendo-lhe especialmente: participar da programa\u00e7\u00e3o da assist\u00eancia de enfermagem; executar a\u00e7\u00f5es assistenciais de enfermagem; participar da orienta\u00e7\u00e3o...","protected":false},"author":1,"featured_media":0,"parent":0,"menu_order":0,"comment_status":"closed","ping_status":"closed","template":"","meta":{"_acf_changed":false,"footnotes":""},"class_list":["post-49","page","type-page","status-publish","hentry"],"acf":[],"_links":{"self":[{"href":"https:\/\/www.acsc.com.br\/santatec\/wp-json\/wp\/v2\/pages\/49","targetHints":{"allow":["GET"]}}],"collection":[{"href":"https:\/\/www.acsc.com.br\/santatec\/wp-json\/wp\/v2\/pages"}],"about":[{"href":"https:\/\/www.acsc.com.br\/santatec\/wp-json\/wp\/v2\/types\/page"}],"author":[{"embeddable":true,"href":"https:\/\/www.acsc.com.br\/santatec\/wp-json\/wp\/v2\/users\/1"}],"replies":[{"embeddable":true,"href":"https:\/\/www.acsc.com.br\/santatec\/wp-json\/wp\/v2\/comments?post=49"}],"version-history":[{"count":9,"href":"https:\/\/www.acsc.com.br\/santatec\/wp-json\/wp\/v2\/pages\/49\/revisions"}],"predecessor-version":[{"id":288,"href":"https:\/\/www.acsc.com.br\/santatec\/wp-json\/wp\/v2\/pages\/49\/revisions\/288"}],"wp:attachment":[{"href":"https:\/\/www.acsc.com.br\/santatec\/wp-json\/wp\/v2\/media?parent=49"}],"curies":[{"name":"wp","href":"https:\/\/api.w.org\/{rel}","templated":true}]}}