{"id":4,"date":"2023-03-29T14:36:07","date_gmt":"2023-03-29T17:36:07","guid":{"rendered":"https:\/\/www.acsc.com.br\/santatec\/?page_id=4"},"modified":"2025-10-22T16:36:56","modified_gmt":"2025-10-22T19:36:56","slug":"home","status":"publish","type":"page","link":"https:\/\/www.acsc.com.br\/santatec\/","title":{"rendered":"HOME"},"content":{"rendered":"<section class=\"l-section wpb_row height_auto width_full\"><div class=\"l-section-h i-cf\"><div class=\"g-cols vc_row via_grid cols_1 laptops-cols_inherit tablets-cols_inherit mobiles-cols_1 valign_top type_default stacking_default\"><div class=\"wpb_column vc_column_container\"><div class=\"vc_column-inner\">[rev_slider_vc alias=&#8221;slider-1&#8243;]<\/div><\/div><\/div><\/div><\/section><section class=\"l-section wpb_row height_medium\"><div class=\"l-section-h i-cf\"><div class=\"g-cols vc_row via_grid cols_4 laptops-cols_inherit tablets-cols_inherit mobiles-cols_1 valign_middle type_default stacking_default\"><div class=\"wpb_column vc_column_container\"><div class=\"vc_column-inner\"><a class=\"w-flipbox animation_cardflip direction_w\" target=\"_blank\" href=\"https:\/\/www.acsc.com.br\/santatec\/wp-content\/uploads\/sites\/3\/2025\/02\/CALENDARIO-SANTATEC-2025.1.pdf\" rel=\"noopener\"><div class=\"w-flipbox-h easing_ease\" style=\"transition-duration:0.5s;\"><div class=\"w-flipbox-hh\"><div class=\"w-flipbox-front us_custom_cc515b6b\" style=\"background:#eeeeee;\"><div class=\"w-flipbox-front-h\"><div class=\"w-flipbox-front-icon style_circle\" style=\"font-size:2rem;background:#C10016;color:#ffffff;\"><i class=\"fas fa-calendar\"><\/i><\/div><h4 class=\"w-flipbox-front-title\">CALEND\u00c1RIO 2025\/1<\/h4><\/div><\/div><div class=\"w-flipbox-back us_custom_cc515b6b\" style=\"display:none;\"><div class=\"w-flipbox-back-h\"><h4 class=\"w-flipbox-back-title\" style=\"font-size:20;\">Atividades letivas 2025.<\/h4><\/div><\/div><\/div><\/div><\/a><\/div><\/div><div class=\"wpb_column vc_column_container\"><div class=\"vc_column-inner\"><a class=\"w-flipbox animation_cardflip direction_w\" href=\"https:\/\/www.acsc.com.br\/santatec\/enfermagem\/\"><div class=\"w-flipbox-h easing_ease\" style=\"transition-duration:0.5s;\"><div class=\"w-flipbox-hh\"><div class=\"w-flipbox-front us_custom_cc515b6b\" style=\"background:#eeeeee;\"><div class=\"w-flipbox-front-h\"><div class=\"w-flipbox-front-icon style_circle\" style=\"font-size:2rem;background:#C10016;color:#ffffff;\"><i class=\"fas fa-hospital-user\"><\/i><\/div><h4 class=\"w-flipbox-front-title\">T\u00c9C. ENFERMAGEM<\/h4><\/div><\/div><div class=\"w-flipbox-back us_custom_cc515b6b\" style=\"display:none;\"><div class=\"w-flipbox-back-h\"><h4 class=\"w-flipbox-back-title\" style=\"font-size:20;\">Inova\u00e7\u00e3o, Excel\u00eancia e Cuidado<\/h4><\/div><\/div><\/div><\/div><\/a><\/div><\/div><div class=\"wpb_column vc_column_container\"><div class=\"vc_column-inner\"><a class=\"w-flipbox animation_cardflip direction_w\" href=\"https:\/\/www.acsc.com.br\/santatec\/cursos-de-qualificacao\/\"><div class=\"w-flipbox-h easing_ease\" style=\"transition-duration:0.5s;\"><div class=\"w-flipbox-hh\"><div class=\"w-flipbox-front us_custom_cc515b6b\" style=\"background:#eeeeee;\"><div class=\"w-flipbox-front-h\"><div class=\"w-flipbox-front-icon style_circle\" style=\"font-size:2rem;background:#C10016;color:#ffffff;\"><i class=\"fas fa-clipboard-list\"><\/i><\/div><h4 class=\"w-flipbox-front-title\">CURSOS DE QUALIFICA\u00c7\u00c3O<\/h4><\/div><\/div><div class=\"w-flipbox-back us_custom_cc515b6b\" style=\"display:none;\"><div class=\"w-flipbox-back-h\"><h4 class=\"w-flipbox-back-title\" style=\"font-size:20;\">Cursos oferecidos.<\/h4><\/div><\/div><\/div><\/div><\/a><\/div><\/div><div class=\"wpb_column vc_column_container\"><div class=\"vc_column-inner\"><a class=\"w-flipbox animation_cardflip direction_w\" title=\"Materiais\" href=\"https:\/\/www.acsc.com.br\/santatec\/fale-conosco\/\"><div class=\"w-flipbox-h easing_ease\" style=\"transition-duration:0.5s;\"><div class=\"w-flipbox-hh\"><div class=\"w-flipbox-front us_custom_b91b18e4\" style=\"background:#eeeeee;\"><div class=\"w-flipbox-front-h\"><div class=\"w-flipbox-front-icon style_circle\" style=\"font-size:2rem;background:#C10016;color:#ffffff;\"><i class=\"fas fa-bullhorn\"><\/i><\/div><h4 class=\"w-flipbox-front-title\">FALE CONOSCO<\/h4><\/div><\/div><div class=\"w-flipbox-back us_custom_b91b18e4\" style=\"display:none;\"><div class=\"w-flipbox-back-h\"><h4 class=\"w-flipbox-back-title\" style=\"font-size:20;\">Fale Conosco.<\/h4><\/div><\/div><\/div><\/div><\/a><\/div><\/div><\/div><\/div><\/section><section class=\"l-section wpb_row height_auto\"><div class=\"l-section-overlay\" style=\"background:#ffffff\"><\/div><div class=\"l-section-h i-cf\"><div class=\"g-cols vc_row via_grid cols_1 laptops-cols_inherit tablets-cols_inherit mobiles-cols_1 valign_top type_default stacking_default\"><div class=\"wpb_column vc_column_container\"><div class=\"vc_column-inner\"><div class=\"w-separator size_medium with_line width_30 thick_1 style_solid color_border align_center with_content\"><div class=\"w-separator-h\"><i class=\"fas fa-arrow-down\"><\/i><\/div><\/div><div class=\"g-cols wpb_row via_grid cols_1 laptops-cols_inherit tablets-cols_inherit mobiles-cols_1 valign_top type_default stacking_default\"><div class=\"wpb_column vc_column_container\"><div class=\"vc_column-inner\"><div class=\"wpb_text_column\"><div class=\"wpb_wrapper\"><h2 class=\"title\" style=\"text-align: center;\">Por dentro da SANTATEC<\/h2>\n<div class=\"inside\"><\/div>\n<\/div><\/div><div class=\"w-separator size_medium with_line width_30 thick_1 style_solid color_border align_center with_content\"><div class=\"w-separator-h\"><i class=\"fas fa-arrow-down\"><\/i><\/div><\/div><div class=\"w-grid type_carousel layout_blog_classic cols_3\" id=\"us_grid_1\"><style>#us_grid_1 .w-grid-item{padding:1.5rem}#us_grid_1 .w-grid-list{margin:-1.5rem}.w-grid + #us_grid_1 .w-grid-list,.w-grid-none + #us_grid_1 .w-grid-list{margin-top:1.5rem}.layout_blog_classic .w-grid-item-h{}.layout_blog_classic .usg_post_image_1{margin-bottom:1rem!important}.layout_blog_classic .usg_post_title_1{font-size:1.4rem!important;font-weight:700!important;margin-bottom:0.5rem!important}.layout_blog_classic .usg_hwrapper_1{color:var(--color-content-faded)!important;font-size:0.9rem!important}.layout_blog_classic .usg_post_taxonomy_1{font-weight:700!important;text-transform:uppercase!important}.layout_blog_classic .usg_post_content_1{max-width:600px!important;margin-top:0.5rem!important}<\/style><div class=\"w-grid-list owl-carousel navstyle_circle navpos_outside\" style=\"--arrows-size:1.8rem;\">\t<article class=\"w-grid-item post-307 post type-post status-publish format-standard has-post-thumbnail hentry category-noticias\" data-id=\"307\">\r\n\t\t<div class=\"w-grid-item-h\">\r\n\t\t\t\t\t\t<div class=\"w-post-elm post_image usg_post_image_1 stretched\"><a href=\"https:\/\/www.acsc.com.br\/santatec\/semana-santatec-2025\/\" aria-label=\"Semana SantaTec 2025\"><img loading=\"lazy\" decoding=\"async\" width=\"1024\" height=\"768\" src=\"https:\/\/www.acsc.com.br\/santatec\/wp-content\/uploads\/sites\/3\/2025\/05\/1-CAPA-1024x768.jpg\" class=\"attachment-large size-large wp-post-image\" alt=\"\" srcset=\"https:\/\/www.acsc.com.br\/santatec\/wp-content\/uploads\/sites\/3\/2025\/05\/1-CAPA-1024x768.jpg 1024w, https:\/\/www.acsc.com.br\/santatec\/wp-content\/uploads\/sites\/3\/2025\/05\/1-CAPA-300x225.jpg 300w, https:\/\/www.acsc.com.br\/santatec\/wp-content\/uploads\/sites\/3\/2025\/05\/1-CAPA.jpg 1200w\" sizes=\"auto, (max-width: 1024px) 100vw, 1024px\" \/><\/a><\/div><h2 class=\"w-post-elm post_title usg_post_title_1 entry-title color_link_inherit\"><a href=\"https:\/\/www.acsc.com.br\/santatec\/semana-santatec-2025\/\">Semana SantaTec 2025<\/a><\/h2><div class=\"w-hwrapper usg_hwrapper_1 has_text_color align_none valign_top wrap\"><div class=\"w-post-elm post_taxonomy usg_post_taxonomy_1 style_simple\"><a class=\"term-1 term-noticias\" href=\"https:\/\/www.acsc.com.br\/santatec\/category\/noticias\/\">Not\u00edcias<\/a><\/div><time class=\"w-post-elm post_date usg_post_date_1 entry-date published\" datetime=\"2025-05-26T14:25:24-03:00\" title=\"26 maio 2025 \u00e0s 14:25:24 America\/Sao_Paulo\">11 meses atr\u00e1s<\/time><\/div><div class=\"w-post-elm post_content usg_post_content_1\">Entre os dias 19 e 22 de maio, ocorreu a Semana SantaTec, em homenagem \u00e0 Semana da Enfermagem. O evento foi marcado por momentos de aprofundamento te\u00f3rico, reflex\u00e3o pessoal e&hellip;<\/div>\t\t<\/div>\r\n\t<\/article>\r\n\t<article class=\"w-grid-item post-298 post type-post status-publish format-standard has-post-thumbnail hentry category-noticias\" data-id=\"298\">\r\n\t\t<div class=\"w-grid-item-h\">\r\n\t\t\t\t\t\t<div class=\"w-post-elm post_image usg_post_image_1 stretched\"><a href=\"https:\/\/www.acsc.com.br\/santatec\/volta-as-aulas\/\" aria-label=\"Volta \u00e0s aulas!\"><img loading=\"lazy\" decoding=\"async\" width=\"1024\" height=\"768\" src=\"https:\/\/www.acsc.com.br\/santatec\/wp-content\/uploads\/sites\/3\/2025\/02\/1-CAPA-1024x768.jpg\" class=\"attachment-large size-large wp-post-image\" alt=\"\" srcset=\"https:\/\/www.acsc.com.br\/santatec\/wp-content\/uploads\/sites\/3\/2025\/02\/1-CAPA-1024x768.jpg 1024w, https:\/\/www.acsc.com.br\/santatec\/wp-content\/uploads\/sites\/3\/2025\/02\/1-CAPA-300x225.jpg 300w, https:\/\/www.acsc.com.br\/santatec\/wp-content\/uploads\/sites\/3\/2025\/02\/1-CAPA.jpg 1600w\" sizes=\"auto, (max-width: 1024px) 100vw, 1024px\" \/><\/a><\/div><h2 class=\"w-post-elm post_title usg_post_title_1 entry-title color_link_inherit\"><a href=\"https:\/\/www.acsc.com.br\/santatec\/volta-as-aulas\/\">Volta \u00e0s aulas!<\/a><\/h2><div class=\"w-hwrapper usg_hwrapper_1 has_text_color align_none valign_top wrap\"><div class=\"w-post-elm post_taxonomy usg_post_taxonomy_1 style_simple\"><a class=\"term-1 term-noticias\" href=\"https:\/\/www.acsc.com.br\/santatec\/category\/noticias\/\">Not\u00edcias<\/a><\/div><time class=\"w-post-elm post_date usg_post_date_1 entry-date published\" datetime=\"2025-02-26T09:29:11-03:00\" title=\"26 fevereiro 2025 \u00e0s 09:29:11 America\/Sao_Paulo\">1 ano atr\u00e1s<\/time><\/div><div class=\"w-post-elm post_content usg_post_content_1\">No dia 12 de fevereiro, a SantaTec Escola de Educa\u00e7\u00e3o Profissional recebeu seus alunos do T\u00e9cnico em Enfermagem para o in\u00edcio de mais um semestre letivo. Entre os destaques, os&hellip;<\/div>\t\t<\/div>\r\n\t<\/article>\r\n\t<article class=\"w-grid-item post-265 post type-post status-publish format-standard has-post-thumbnail hentry category-noticias\" data-id=\"265\">\r\n\t\t<div class=\"w-grid-item-h\">\r\n\t\t\t\t\t\t<div class=\"w-post-elm post_image usg_post_image_1 stretched\"><a href=\"https:\/\/www.acsc.com.br\/santatec\/semana-santatec\/\" aria-label=\"Semana SantaTec\"><img loading=\"lazy\" decoding=\"async\" width=\"1024\" height=\"768\" src=\"https:\/\/www.acsc.com.br\/santatec\/wp-content\/uploads\/sites\/3\/2024\/08\/1-CAPA-1024x768.jpg\" class=\"attachment-large size-large wp-post-image\" alt=\"\" srcset=\"https:\/\/www.acsc.com.br\/santatec\/wp-content\/uploads\/sites\/3\/2024\/08\/1-CAPA-1024x768.jpg 1024w, https:\/\/www.acsc.com.br\/santatec\/wp-content\/uploads\/sites\/3\/2024\/08\/1-CAPA-300x225.jpg 300w, https:\/\/www.acsc.com.br\/santatec\/wp-content\/uploads\/sites\/3\/2024\/08\/1-CAPA.jpg 1200w\" sizes=\"auto, (max-width: 1024px) 100vw, 1024px\" \/><\/a><\/div><h2 class=\"w-post-elm post_title usg_post_title_1 entry-title color_link_inherit\"><a href=\"https:\/\/www.acsc.com.br\/santatec\/semana-santatec\/\">Semana SantaTec<\/a><\/h2><div class=\"w-hwrapper usg_hwrapper_1 has_text_color align_none valign_top wrap\"><div class=\"w-post-elm post_taxonomy usg_post_taxonomy_1 style_simple\"><a class=\"term-1 term-noticias\" href=\"https:\/\/www.acsc.com.br\/santatec\/category\/noticias\/\">Not\u00edcias<\/a><\/div><time class=\"w-post-elm post_date usg_post_date_1 entry-date published\" datetime=\"2024-08-27T09:59:09-03:00\" title=\"27 agosto 2024 \u00e0s 09:59:09 America\/Sao_Paulo\">2 anos atr\u00e1s<\/time><\/div><div class=\"w-post-elm post_content usg_post_content_1\">A Semana SantaTec, realizada entre os dias 19 e 23 de agosto, proporcionou uma programa\u00e7\u00e3o diversificada e enriquecedora. A abertura, na segunda-feira, foi conduzida pela Pastoral do Col\u00e9gio Santa Catarina,&hellip;<\/div>\t\t<\/div>\r\n\t<\/article>\r\n\t<article class=\"w-grid-item post-252 post type-post status-publish format-standard has-post-thumbnail hentry category-noticias\" data-id=\"252\">\r\n\t\t<div class=\"w-grid-item-h\">\r\n\t\t\t\t\t\t<div class=\"w-post-elm post_image usg_post_image_1 stretched\"><a href=\"https:\/\/www.acsc.com.br\/santatec\/formatura-do-curso-tecnico-em-enfermagem\/\" aria-label=\"Formatura do Curso T\u00e9cnico em Enfermagem\"><img loading=\"lazy\" decoding=\"async\" width=\"800\" height=\"533\" src=\"https:\/\/www.acsc.com.br\/santatec\/wp-content\/uploads\/sites\/3\/2024\/08\/10-CAPA.jpg\" class=\"attachment-large size-large wp-post-image\" alt=\"\" srcset=\"https:\/\/www.acsc.com.br\/santatec\/wp-content\/uploads\/sites\/3\/2024\/08\/10-CAPA.jpg 800w, https:\/\/www.acsc.com.br\/santatec\/wp-content\/uploads\/sites\/3\/2024\/08\/10-CAPA-300x200.jpg 300w\" sizes=\"auto, (max-width: 800px) 100vw, 800px\" \/><\/a><\/div><h2 class=\"w-post-elm post_title usg_post_title_1 entry-title color_link_inherit\"><a href=\"https:\/\/www.acsc.com.br\/santatec\/formatura-do-curso-tecnico-em-enfermagem\/\">Formatura do Curso T\u00e9cnico em Enfermagem<\/a><\/h2><div class=\"w-hwrapper usg_hwrapper_1 has_text_color align_none valign_top wrap\"><div class=\"w-post-elm post_taxonomy usg_post_taxonomy_1 style_simple\"><a class=\"term-1 term-noticias\" href=\"https:\/\/www.acsc.com.br\/santatec\/category\/noticias\/\">Not\u00edcias<\/a><\/div><time class=\"w-post-elm post_date usg_post_date_1 entry-date published\" datetime=\"2024-08-16T14:39:33-03:00\" title=\"16 agosto 2024 \u00e0s 14:39:33 America\/Sao_Paulo\">2 anos atr\u00e1s<\/time><\/div><div class=\"w-post-elm post_content usg_post_content_1\">No dia 13 de julho, a turma do T\u00e9cnico em Enfermagem realizou a sua t\u00e3o esperada formatura. O evento come\u00e7ou com a entrada triunfal dos formandos pelos corredores da Escola,&hellip;<\/div>\t\t<\/div>\r\n\t<\/article>\r\n\t<article class=\"w-grid-item post-238 post type-post status-publish format-standard has-post-thumbnail hentry category-noticias\" data-id=\"238\">\r\n\t\t<div class=\"w-grid-item-h\">\r\n\t\t\t\t\t\t<div class=\"w-post-elm post_image usg_post_image_1 stretched\"><a href=\"https:\/\/www.acsc.com.br\/santatec\/volta-as-aulas-na-santatec\/\" aria-label=\"Volta \u00e0s aulas na Santatec\"><img loading=\"lazy\" decoding=\"async\" width=\"1024\" height=\"768\" src=\"https:\/\/www.acsc.com.br\/santatec\/wp-content\/uploads\/sites\/3\/2024\/02\/Santatec-grupo-1024x768.jpeg\" class=\"attachment-large size-large wp-post-image\" alt=\"\" srcset=\"https:\/\/www.acsc.com.br\/santatec\/wp-content\/uploads\/sites\/3\/2024\/02\/Santatec-grupo-1024x768.jpeg 1024w, https:\/\/www.acsc.com.br\/santatec\/wp-content\/uploads\/sites\/3\/2024\/02\/Santatec-grupo-300x225.jpeg 300w, https:\/\/www.acsc.com.br\/santatec\/wp-content\/uploads\/sites\/3\/2024\/02\/Santatec-grupo.jpeg 1600w\" sizes=\"auto, (max-width: 1024px) 100vw, 1024px\" \/><\/a><\/div><h2 class=\"w-post-elm post_title usg_post_title_1 entry-title color_link_inherit\"><a href=\"https:\/\/www.acsc.com.br\/santatec\/volta-as-aulas-na-santatec\/\">Volta \u00e0s aulas na Santatec<\/a><\/h2><div class=\"w-hwrapper usg_hwrapper_1 has_text_color align_none valign_top wrap\"><div class=\"w-post-elm post_taxonomy usg_post_taxonomy_1 style_simple\"><a class=\"term-1 term-noticias\" href=\"https:\/\/www.acsc.com.br\/santatec\/category\/noticias\/\">Not\u00edcias<\/a><\/div><time class=\"w-post-elm post_date usg_post_date_1 entry-date published\" datetime=\"2024-02-22T15:00:10-03:00\" title=\"22 fevereiro 2024 \u00e0s 15:00:10 America\/Sao_Paulo\">2 anos atr\u00e1s<\/time><\/div><div class=\"w-post-elm post_content usg_post_content_1\">Com grande entusiasmo, a comunidade acad\u00eamica da Santatec Escola de Educa\u00e7\u00e3o Profissional iniciou um novo semestre letivo. No dia 14 de fevereiro, os estudantes estagi\u00e1rios estavam presentes em uma reuni\u00e3o&hellip;<\/div>\t\t<\/div>\r\n\t<\/article>\r\n\t<article class=\"w-grid-item post-227 post type-post status-publish format-standard has-post-thumbnail hentry category-noticias\" data-id=\"227\">\r\n\t\t<div class=\"w-grid-item-h\">\r\n\t\t\t\t\t\t<div class=\"w-post-elm post_image usg_post_image_1 stretched\"><a href=\"https:\/\/www.acsc.com.br\/santatec\/formatura-tecnico-em-enfermagem-2\/\" aria-label=\"Formatura T\u00e9cnico em Enfermagem\"><img loading=\"lazy\" decoding=\"async\" width=\"800\" height=\"600\" src=\"https:\/\/www.acsc.com.br\/santatec\/wp-content\/uploads\/sites\/3\/2024\/01\/IMG_9790.jpeg\" class=\"attachment-large size-large wp-post-image\" alt=\"\" srcset=\"https:\/\/www.acsc.com.br\/santatec\/wp-content\/uploads\/sites\/3\/2024\/01\/IMG_9790.jpeg 800w, https:\/\/www.acsc.com.br\/santatec\/wp-content\/uploads\/sites\/3\/2024\/01\/IMG_9790-300x225.jpeg 300w\" sizes=\"auto, (max-width: 800px) 100vw, 800px\" \/><\/a><\/div><h2 class=\"w-post-elm post_title usg_post_title_1 entry-title color_link_inherit\"><a href=\"https:\/\/www.acsc.com.br\/santatec\/formatura-tecnico-em-enfermagem-2\/\">Formatura T\u00e9cnico em Enfermagem<\/a><\/h2><div class=\"w-hwrapper usg_hwrapper_1 has_text_color align_none valign_top wrap\"><div class=\"w-post-elm post_taxonomy usg_post_taxonomy_1 style_simple\"><a class=\"term-1 term-noticias\" href=\"https:\/\/www.acsc.com.br\/santatec\/category\/noticias\/\">Not\u00edcias<\/a><\/div><time class=\"w-post-elm post_date usg_post_date_1 entry-date published\" datetime=\"2024-01-05T17:04:25-03:00\" title=\"5 janeiro 2024 \u00e0s 17:04:25 America\/Sao_Paulo\">2 anos atr\u00e1s<\/time><\/div><div class=\"w-post-elm post_content usg_post_content_1\">Na noite do dia 16 de dezembro de 2023, os corredores da Santatec Educa\u00e7\u00e3o Profissional brilhavam com a alegria e a expectativa da formatura dos T\u00e9cnicos em Enfermagem. A noite&hellip;<\/div>\t\t<\/div>\r\n\t<\/article>\r\n<\/div><div class=\"g-preloader type_1\">\r\n\t<div><\/div>\r\n<\/div>\r\n\t<div class=\"w-grid-json hidden\" onclick='return {&quot;action&quot;:&quot;us_ajax_grid&quot;,&quot;ajax_url&quot;:&quot;https:\\\/\\\/www.acsc.com.br\\\/santatec\\\/wp-admin\\\/admin-ajax.php&quot;,&quot;infinite_scroll&quot;:0,&quot;max_num_pages&quot;:2,&quot;pagination&quot;:&quot;none&quot;,&quot;permalink_url&quot;:&quot;https:\\\/\\\/www.acsc.com.br\\\/santatec\\\/wp-json\\\/wp\\\/v2\\\/pages\\\/4&quot;,&quot;template_vars&quot;:{&quot;columns&quot;:&quot;3&quot;,&quot;exclude_items&quot;:&quot;none&quot;,&quot;img_size&quot;:&quot;default&quot;,&quot;ignore_items_size&quot;:0,&quot;items_layout&quot;:&quot;blog_classic&quot;,&quot;items_offset&quot;:&quot;1&quot;,&quot;load_animation&quot;:&quot;none&quot;,&quot;overriding_link&quot;:&quot;none&quot;,&quot;post_id&quot;:4,&quot;query_args&quot;:{&quot;post_type&quot;:[&quot;post&quot;],&quot;post_status&quot;:[&quot;publish&quot;,&quot;acf-disabled&quot;],&quot;posts_per_page&quot;:&quot;6&quot;},&quot;orderby_query_args&quot;:{&quot;orderby&quot;:{&quot;date&quot;:&quot;DESC&quot;}},&quot;type&quot;:&quot;carousel&quot;,&quot;us_grid_ajax_index&quot;:1,&quot;us_grid_filter_params&quot;:null,&quot;us_grid_index&quot;:1,&quot;_us_grid_post_type&quot;:&quot;post&quot;},&quot;carousel_settings&quot;:{&quot;autoHeight&quot;:0,&quot;autoplay&quot;:0,&quot;carousel_fade&quot;:0,&quot;center&quot;:0,&quot;dots&quot;:0,&quot;items&quot;:&quot;3&quot;,&quot;loop&quot;:false,&quot;nav&quot;:1,&quot;slideby&quot;:&quot;1&quot;,&quot;smooth_play&quot;:0,&quot;speed&quot;:250,&quot;timeout&quot;:3000,&quot;transition&quot;:&quot;&quot;,&quot;aria_labels&quot;:{&quot;prev&quot;:&quot;Anterior&quot;,&quot;next&quot;:&quot;Seguinte&quot;}},&quot;carousel_breakpoints&quot;:{&quot;0&quot;:{&quot;autoHeight&quot;:0,&quot;autoplay&quot;:1,&quot;autoplayHoverPause&quot;:1,&quot;items&quot;:1,&quot;loop&quot;:true,&quot;stagePadding&quot;:0},&quot;601&quot;:{&quot;autoHeight&quot;:0,&quot;autoplay&quot;:1,&quot;autoplayHoverPause&quot;:1,&quot;items&quot;:2,&quot;loop&quot;:false,&quot;stagePadding&quot;:0},&quot;1025&quot;:{&quot;autoHeight&quot;:0,&quot;autoplay&quot;:1,&quot;autoplayHoverPause&quot;:1,&quot;items&quot;:3,&quot;loop&quot;:false,&quot;stagePadding&quot;:0},&quot;1381&quot;:{&quot;items&quot;:3,&quot;stagePadding&quot;:0}}}'><\/div>\r\n\t<\/div><\/div><\/div><\/div><div class=\"w-separator size_custom\" style=\"height:32px\"><\/div><\/div><\/div><\/div><\/div><\/section><section class=\"l-section wpb_row height_medium with_img\"><div class=\"l-section-img\" data-img-width=\"1920\" data-img-height=\"1020\" style=\"background-image: url(https:\/\/www.acsc.com.br\/santatec\/wp-content\/uploads\/sites\/3\/2023\/03\/Barra.jpg);background-position: bottom center;\"><\/div><div class=\"l-section-h i-cf\"><div class=\"g-cols vc_row via_grid cols_1 laptops-cols_inherit tablets-cols_inherit mobiles-cols_1 valign_top type_default stacking_default\"><div class=\"wpb_column vc_column_container\"><div class=\"vc_column-inner\"><div class=\"wpb_text_column\"><div class=\"wpb_wrapper\"><h4 style=\"text-align: center;\"><span style=\"color: #ffffff;\">MATR\u00cdCULAS ABERTAS PARA 2026<\/span><br \/>\n<span style=\"color: #ffffff;\">Agende sua visita e venha conhecer o nossa Escola!<\/span><\/h4>\n<\/div><\/div><div class=\"w-separator size_small\"><\/div><div class=\"w-btn-wrapper align_center\"><a class=\"w-btn us-btn-style_1 us_custom_64e1dcdb has_text_color icon_atleft\" title=\"Matr\u00edculas\" href=\"https:\/\/wa.link\/pxlewn\"><i class=\"far fa-hand-point-right\"><\/i><span class=\"w-btn-label\">AGENDAR AGORA<\/span><\/a><\/div><\/div><\/div><\/div><\/div><\/section>\n","protected":false},"excerpt":{"rendered":"Na noite do dia 16 de dezembro de 2023, os corredores da Santatec Educa\u00e7\u00e3o Profissional brilhavam com a alegria e a expectativa da formatura dos T\u00e9cnicos em Enfermagem. A noite prometia ser repleta de emo\u00e7\u00f5es, marcando o encerramento de uma etapa significativa na jornada acad\u00eamica dos formandos. A atmosfera solene come\u00e7ou a se formar, no...","protected":false},"author":1,"featured_media":0,"parent":0,"menu_order":0,"comment_status":"closed","ping_status":"closed","template":"","meta":{"_acf_changed":false,"footnotes":""},"class_list":["post-4","page","type-page","status-publish","hentry"],"acf":[],"_links":{"self":[{"href":"https:\/\/www.acsc.com.br\/santatec\/wp-json\/wp\/v2\/pages\/4","targetHints":{"allow":["GET"]}}],"collection":[{"href":"https:\/\/www.acsc.com.br\/santatec\/wp-json\/wp\/v2\/pages"}],"about":[{"href":"https:\/\/www.acsc.com.br\/santatec\/wp-json\/wp\/v2\/types\/page"}],"author":[{"embeddable":true,"href":"https:\/\/www.acsc.com.br\/santatec\/wp-json\/wp\/v2\/users\/1"}],"replies":[{"embeddable":true,"href":"https:\/\/www.acsc.com.br\/santatec\/wp-json\/wp\/v2\/comments?post=4"}],"version-history":[{"count":38,"href":"https:\/\/www.acsc.com.br\/santatec\/wp-json\/wp\/v2\/pages\/4\/revisions"}],"predecessor-version":[{"id":320,"href":"https:\/\/www.acsc.com.br\/santatec\/wp-json\/wp\/v2\/pages\/4\/revisions\/320"}],"wp:attachment":[{"href":"https:\/\/www.acsc.com.br\/santatec\/wp-json\/wp\/v2\/media?parent=4"}],"curies":[{"name":"wp","href":"https:\/\/api.w.org\/{rel}","templated":true}]}}