{"id":33,"date":"2023-03-29T18:06:50","date_gmt":"2023-03-29T21:06:50","guid":{"rendered":"https:\/\/www.acsc.com.br\/santatec\/?page_id=33"},"modified":"2023-04-17T12:21:49","modified_gmt":"2023-04-17T15:21:49","slug":"metodologia","status":"publish","type":"page","link":"https:\/\/www.acsc.com.br\/santatec\/metodologia\/","title":{"rendered":"Metodologia"},"content":{"rendered":"<p><span style=\"font-weight: 400;\">Nossas aulas contam com turmas 100% presenciais, com salas de aula qualificadas para o desempenho e ocupa\u00e7\u00e3o dos alunos, \u00e9 realizado atividades individuais durante as aulas, sendo os materiais did\u00e1ticos enviados pelo Google Class.<\/span><\/p>\n<p><span style=\"font-weight: 400;\">As aulas da escola Santatec s\u00e3o dadas de forma te\u00f3rica nos 4 primeiros semestres, em algumas disciplinas temos pr\u00e1tica em laborat\u00f3rio na escola, e no 5\u00ba semestre \u00e9 feito o est\u00e1gio curricular nas institui\u00e7\u00f5es hospitalares parceiras, atualmente hospital Regina e hospital S\u00e3o Jos\u00e9.<\/span><\/p>\n","protected":false},"excerpt":{"rendered":"<p>Nossas aulas contam com turmas 100% presenciais, com salas de aula qualificadas para o desempenho e ocupa\u00e7\u00e3o dos alunos, \u00e9 realizado atividades individuais durante as aulas, sendo os materiais did\u00e1ticos enviados pelo Google Class. As aulas da escola Santatec s\u00e3o dadas de forma te\u00f3rica nos 4 primeiros semestres, em algumas disciplinas temos pr\u00e1tica em laborat\u00f3rio&#8230;<\/p>\n","protected":false},"author":1,"featured_media":0,"parent":0,"menu_order":0,"comment_status":"closed","ping_status":"closed","template":"","meta":{"_acf_changed":false,"footnotes":""},"class_list":["post-33","page","type-page","status-publish","hentry"],"acf":[],"_links":{"self":[{"href":"https:\/\/www.acsc.com.br\/santatec\/wp-json\/wp\/v2\/pages\/33","targetHints":{"allow":["GET"]}}],"collection":[{"href":"https:\/\/www.acsc.com.br\/santatec\/wp-json\/wp\/v2\/pages"}],"about":[{"href":"https:\/\/www.acsc.com.br\/santatec\/wp-json\/wp\/v2\/types\/page"}],"author":[{"embeddable":true,"href":"https:\/\/www.acsc.com.br\/santatec\/wp-json\/wp\/v2\/users\/1"}],"replies":[{"embeddable":true,"href":"https:\/\/www.acsc.com.br\/santatec\/wp-json\/wp\/v2\/comments?post=33"}],"version-history":[{"count":2,"href":"https:\/\/www.acsc.com.br\/santatec\/wp-json\/wp\/v2\/pages\/33\/revisions"}],"predecessor-version":[{"id":121,"href":"https:\/\/www.acsc.com.br\/santatec\/wp-json\/wp\/v2\/pages\/33\/revisions\/121"}],"wp:attachment":[{"href":"https:\/\/www.acsc.com.br\/santatec\/wp-json\/wp\/v2\/media?parent=33"}],"curies":[{"name":"wp","href":"https:\/\/api.w.org\/{rel}","templated":true}]}}