{"id":31,"date":"2023-03-29T18:06:42","date_gmt":"2023-03-29T21:06:42","guid":{"rendered":"https:\/\/www.acsc.com.br\/santatec\/?page_id=31"},"modified":"2023-08-11T09:15:36","modified_gmt":"2023-08-11T12:15:36","slug":"sobre-a-unidade","status":"publish","type":"page","link":"https:\/\/www.acsc.com.br\/santatec\/sobre-a-unidade\/","title":{"rendered":"Sobre a Unidade"},"content":{"rendered":"<h4 style=\"text-align: justify;\"><b>Nossa filosofia<\/b><\/h4>\n<p style=\"text-align: justify;\"><span style=\"font-weight: 400;\">Os Estabelecimentos Educacionais das Irm\u00e3s de Santa Catarina, VM, fundamentam sua miss\u00e3o na Filosofia Crist\u00e3-Cat\u00f3lica, no Carisma e Espiritualidade da Bem-aventurada Regina Protmann, fundadora da Congrega\u00e7\u00e3o.<\/span><\/p>\n<p style=\"text-align: justify;\"><span style=\"font-weight: 400;\">Acreditamos em Jesus Cristo, presen\u00e7a viva do Amor entre os homens. Seu Reino se concretiza na escuta, no di\u00e1logo, no respeito, na participa\u00e7\u00e3o, na justi\u00e7a e na solidariedade, valores do Evangelho.<\/span><\/p>\n<p style=\"text-align: justify;\"><span style=\"font-weight: 400;\">Os Estabelecimentos empenham todos os esfor\u00e7os na Educa\u00e7\u00e3o, centrada no sentido da vida e no processo da excel\u00eancia acad\u00eamica, pedag\u00f3gica e human\u00edstica, para justificar e qualificar as rela\u00e7\u00f5es pessoais, sociais, pol\u00edticas e transcendentais, a fim de que o ser humano aspire \u00e0 plenitude.<\/span><\/p>\n<p style=\"text-align: justify;\"><span style=\"font-weight: 400;\">A Educa\u00e7\u00e3o busca, atrav\u00e9s de encontros significativos, o favorecimento ao autoconhecimento, da confian\u00e7a, da coragem e da autonomia em todos os n\u00edveis. Interliga a mente, o corpo e a alma, formando um(a) cidad\u00e3o(\u00e3) \u00e9tico(a), c\u00edvico(a) e religioso(a) que aprende a amar a vida, o conhecimento e a cultura.<\/span><\/p>\n<p style=\"text-align: justify;\"><span style=\"font-weight: 400;\">A Filosofia das Irm\u00e3s de Santa Catarina objetiva a implantar nos cora\u00e7\u00f5es dos(as) educandos(as), o Temor de Deus, a Virtude, a Honestidade, a Disciplina, ensinando-os(as) a ler e escrever para que possam compreender e enfrentar a complexidade do mundo que os cerca.<\/span><\/p>\n<h4 style=\"text-align: justify;\"><b>Nossa Vis\u00e3o<\/b><\/h4>\n<p style=\"text-align: justify;\"><span style=\"font-weight: 400;\">Ser centro gerador de vida plena para a humanidade.<\/span><\/p>\n<p style=\"text-align: justify;\">\n<h4 style=\"text-align: justify;\"><b>Nossa Miss\u00e3o<\/b><\/h4>\n<p style=\"text-align: justify;\"><span style=\"font-weight: 400;\">Promover e consolidar Educa\u00e7\u00e3o como processo de crescimento humano-crist\u00e3o e profissional, tendo como base os Valores Evang\u00e9licos, a Ci\u00eancia e Tecnologia para que as pessoas possam interagir com compet\u00eancia e responsabilidade social.<\/span><\/p>\n<p style=\"text-align: justify;\">\n<h4 style=\"text-align: justify;\"><b>Princ\u00edpios<\/b><\/h4>\n<ul>\n<li style=\"font-weight: 400; text-align: justify;\" aria-level=\"1\"><span style=\"font-weight: 400;\">F\u00e9 e testemunho crist\u00e3o s\u00e3o a identifica\u00e7\u00e3o do nosso ser e fazer Educa\u00e7\u00e3o;<\/span><\/li>\n<li style=\"font-weight: 400; text-align: justify;\" aria-level=\"1\"><span style=\"font-weight: 400;\">A Educa\u00e7\u00e3o se constr\u00f3i como processo participativo, exigindo da Comunidade Escolar uma cont\u00ednua intera\u00e7\u00e3o;<\/span><\/li>\n<li style=\"font-weight: 400; text-align: justify;\" aria-level=\"1\"><span style=\"font-weight: 400;\">A excel\u00eancia no e do saber na Institui\u00e7\u00e3o Escolar se expressa no ser e no agir qualificado do Educador e Educando;<\/span><\/li>\n<li style=\"font-weight: 400; text-align: justify;\" aria-level=\"1\"><span style=\"font-weight: 400;\">A cultura da solidariedade se efetiva em pr\u00e1ticas escolares e comunit\u00e1rias.<\/span><\/li>\n<\/ul>\n","protected":false},"excerpt":{"rendered":"<p>Nossa filosofia Os Estabelecimentos Educacionais das Irm\u00e3s de Santa Catarina, VM, fundamentam sua miss\u00e3o na Filosofia Crist\u00e3-Cat\u00f3lica, no Carisma e Espiritualidade da Bem-aventurada Regina Protmann, fundadora da Congrega\u00e7\u00e3o. Acreditamos em Jesus Cristo, presen\u00e7a viva do Amor entre os homens. Seu Reino se concretiza na escuta, no di\u00e1logo, no respeito, na participa\u00e7\u00e3o, na justi\u00e7a e na&#8230;<\/p>\n","protected":false},"author":1,"featured_media":0,"parent":0,"menu_order":0,"comment_status":"closed","ping_status":"closed","template":"","meta":{"_acf_changed":false,"footnotes":""},"class_list":["post-31","page","type-page","status-publish","hentry"],"acf":[],"_links":{"self":[{"href":"https:\/\/www.acsc.com.br\/santatec\/wp-json\/wp\/v2\/pages\/31","targetHints":{"allow":["GET"]}}],"collection":[{"href":"https:\/\/www.acsc.com.br\/santatec\/wp-json\/wp\/v2\/pages"}],"about":[{"href":"https:\/\/www.acsc.com.br\/santatec\/wp-json\/wp\/v2\/types\/page"}],"author":[{"embeddable":true,"href":"https:\/\/www.acsc.com.br\/santatec\/wp-json\/wp\/v2\/users\/1"}],"replies":[{"embeddable":true,"href":"https:\/\/www.acsc.com.br\/santatec\/wp-json\/wp\/v2\/comments?post=31"}],"version-history":[{"count":3,"href":"https:\/\/www.acsc.com.br\/santatec\/wp-json\/wp\/v2\/pages\/31\/revisions"}],"predecessor-version":[{"id":210,"href":"https:\/\/www.acsc.com.br\/santatec\/wp-json\/wp\/v2\/pages\/31\/revisions\/210"}],"wp:attachment":[{"href":"https:\/\/www.acsc.com.br\/santatec\/wp-json\/wp\/v2\/media?parent=31"}],"curies":[{"name":"wp","href":"https:\/\/api.w.org\/{rel}","templated":true}]}}