{"id":289,"date":"2024-09-17T13:57:32","date_gmt":"2024-09-17T16:57:32","guid":{"rendered":"https:\/\/www.acsc.com.br\/santatec\/?page_id=289"},"modified":"2024-09-17T13:57:32","modified_gmt":"2024-09-17T16:57:32","slug":"urgencia-e-emergencia","status":"publish","type":"page","link":"https:\/\/www.acsc.com.br\/santatec\/urgencia-e-emergencia\/","title":{"rendered":"Urg\u00eancia e Emerg\u00eancia"},"content":{"rendered":"<p><b>Objetivo<\/b><\/p>\n<p><span style=\"font-weight: 400;\">O curso tem como objetivo preparar o profissional para atuar em atendimento pr\u00e9 hospitalar\u00a0 e ao suporte b\u00e1sico de vida em unidades fixas e m\u00f3veis, realizando atendimento ao paciente grave, traumas e emerg\u00eancias. O curso ensina o aluno a reconhecer e aplicar protocolos estabelecidos no cen\u00e1rio de urg\u00eancia e emerg\u00eancia.<\/span><\/p>\n<p>&nbsp;<\/p>\n<p><b>Conte\u00fado Program\u00e1tico<\/b><b><\/b><\/p>\n<ul>\n<li aria-level=\"1\"><b>30 horas:<\/b><\/li>\n<\/ul>\n<ul>\n<li style=\"list-style-type: none;\">\n<ul>\n<li style=\"font-weight: 400;\" aria-level=\"1\"><span style=\"font-weight: 400;\">Legisla\u00e7\u00e3o<\/span><\/li>\n<li style=\"font-weight: 400;\" aria-level=\"1\"><span style=\"font-weight: 400;\">Preven\u00e7\u00e3o e Controle de Riscos<\/span><\/li>\n<li style=\"font-weight: 400;\" aria-level=\"1\"><span style=\"font-weight: 400;\">Rotinas e Compet\u00eancias dos Servi\u00e7os de Emerg\u00eancia<\/span><\/li>\n<li style=\"font-weight: 400;\" aria-level=\"1\"><span style=\"font-weight: 400;\">Emerg\u00eancias Traum\u00e1ticas<\/span><\/li>\n<li style=\"font-weight: 400;\" aria-level=\"1\"><b>30 horas:<\/b><\/li>\n<li style=\"font-weight: 400;\" aria-level=\"1\"><span style=\"font-weight: 400;\">Emerg\u00eancias Cl\u00ednicas<\/span><\/li>\n<li style=\"font-weight: 400;\" aria-level=\"1\"><b>20 horas:<\/b><\/li>\n<li style=\"font-weight: 400;\" aria-level=\"1\"><span style=\"font-weight: 400;\">Est\u00e1gio supervisionado<\/span><\/li>\n<\/ul>\n<\/li>\n<\/ul>\n<ul>\n<li style=\"list-style-type: none;\"><\/li>\n<\/ul>\n<p><b>Carga hor\u00e1ria:<\/b><\/p>\n<ul>\n<li style=\"font-weight: 400;\" aria-level=\"1\"><span style=\"font-weight: 400;\">60 horas de teoria e 20 horas de pr\u00e1tica, ao total 80 horas de curso.<\/span><\/li>\n<\/ul>\n<p><b>Pr\u00e9-requisitos<\/b><\/p>\n<ul>\n<li style=\"font-weight: 400;\" aria-level=\"1\"><span style=\"font-weight: 400;\">T\u00e9cnico em Enfermagem conclu\u00eddo.<\/span><\/li>\n<\/ul>\n","protected":false},"excerpt":{"rendered":"<p>Objetivo O curso tem como objetivo preparar o profissional para atuar em atendimento pr\u00e9 hospitalar\u00a0 e ao suporte b\u00e1sico de vida em unidades fixas e m\u00f3veis, realizando atendimento ao paciente grave, traumas e emerg\u00eancias. O curso ensina o aluno a reconhecer e aplicar protocolos estabelecidos no cen\u00e1rio de urg\u00eancia e emerg\u00eancia. &nbsp; Conte\u00fado Program\u00e1tico 30&#8230;<\/p>\n","protected":false},"author":1,"featured_media":0,"parent":0,"menu_order":0,"comment_status":"closed","ping_status":"closed","template":"","meta":{"_acf_changed":false,"footnotes":""},"class_list":["post-289","page","type-page","status-publish","hentry"],"acf":[],"_links":{"self":[{"href":"https:\/\/www.acsc.com.br\/santatec\/wp-json\/wp\/v2\/pages\/289","targetHints":{"allow":["GET"]}}],"collection":[{"href":"https:\/\/www.acsc.com.br\/santatec\/wp-json\/wp\/v2\/pages"}],"about":[{"href":"https:\/\/www.acsc.com.br\/santatec\/wp-json\/wp\/v2\/types\/page"}],"author":[{"embeddable":true,"href":"https:\/\/www.acsc.com.br\/santatec\/wp-json\/wp\/v2\/users\/1"}],"replies":[{"embeddable":true,"href":"https:\/\/www.acsc.com.br\/santatec\/wp-json\/wp\/v2\/comments?post=289"}],"version-history":[{"count":1,"href":"https:\/\/www.acsc.com.br\/santatec\/wp-json\/wp\/v2\/pages\/289\/revisions"}],"predecessor-version":[{"id":290,"href":"https:\/\/www.acsc.com.br\/santatec\/wp-json\/wp\/v2\/pages\/289\/revisions\/290"}],"wp:attachment":[{"href":"https:\/\/www.acsc.com.br\/santatec\/wp-json\/wp\/v2\/media?parent=289"}],"curies":[{"name":"wp","href":"https:\/\/api.w.org\/{rel}","templated":true}]}}