{"id":145,"date":"2023-04-17T13:59:11","date_gmt":"2023-04-17T16:59:11","guid":{"rendered":"https:\/\/www.acsc.com.br\/santatec\/?page_id=145"},"modified":"2023-04-17T13:59:11","modified_gmt":"2023-04-17T16:59:11","slug":"cursos-de-qualificacao","status":"publish","type":"page","link":"https:\/\/www.acsc.com.br\/santatec\/cursos-de-qualificacao\/","title":{"rendered":"Cursos de Qualifica\u00e7\u00e3o"},"content":{"rendered":"<section class=\"l-section wpb_row height_medium\"><div class=\"l-section-h i-cf\"><div class=\"g-cols vc_row via_grid cols_1 laptops-cols_inherit tablets-cols_inherit mobiles-cols_1 valign_top type_default stacking_default\"><div class=\"wpb_column vc_column_container\"><div class=\"vc_column-inner\"><div class=\"w-tabs layout_hor style_default switch_click has_scrolling\" style=\"--sections-title-size:1em\"><div class=\"w-tabs-list items_3 align_none\"><div class=\"w-tabs-list-h\"><button class=\"w-tabs-item active\" aria-controls=\"content-v32d\" aria-expanded=\"false\"><span class=\"w-tabs-item-title\">Cuidador de Idosos<\/span><\/button><button class=\"w-tabs-item\" aria-controls=\"content-z3f9\" aria-expanded=\"false\"><span class=\"w-tabs-item-title\">Coleta de Material Biol\u00f3gico<\/span><\/button><button class=\"w-tabs-item\" aria-controls=\"content-i48f\" aria-expanded=\"false\"><span class=\"w-tabs-item-title\">Instrumenta\u00e7\u00e3o Cir\u00fargica<\/span><\/button><\/div><\/div><div class=\"w-tabs-sections titles-align_none icon_chevron cpos_right\"><div class=\"w-tabs-section active\" id=\"v32d\"><button class=\"w-tabs-section-header active\" aria-controls=\"content-v32d\" aria-expanded=\"true\"><div class=\"w-tabs-section-title\">Cuidador de Idosos<\/div><div class=\"w-tabs-section-control\"><\/div><\/button><div  class=\"w-tabs-section-content\" id=\"content-v32d\"><div class=\"w-tabs-section-content-h i-cf\"><div class=\"wpb_text_column\"><div class=\"wpb_wrapper\"><h4><b>Objetivo<\/b><\/h4>\n<p>O curso de qualifica\u00e7\u00e3o de Cuidador de Idosos tem como objetivo proporcionar conhecimentos te\u00f3rico-pr\u00e1ticos, para formar profissionais competentes, \u00e9ticos e respons\u00e1veis, capazes de resgatar os conceitos de cidadania dos idosos e seu direito a um atendimento de qualidade.<\/p>\n<h4><b>Conte\u00fado Program\u00e1tico<\/b><\/h4>\n<ul>\n<li aria-level=\"1\">M\u00f3dulo I<\/li>\n<li aria-level=\"1\">Estatuto do Idoso<\/li>\n<li aria-level=\"1\">Fun\u00e7\u00f5es do Cuidador<\/li>\n<li aria-level=\"1\">\u00c9tica e Orienta\u00e7\u00e3o Profissional<\/li>\n<li aria-level=\"1\">M\u00f3dulo II<\/li>\n<li aria-level=\"1\">Sa\u00fade do Idoso<\/li>\n<li aria-level=\"1\">Alimenta\u00e7\u00e3o<\/li>\n<li aria-level=\"1\">Principais Doen\u00e7as<\/li>\n<li aria-level=\"1\">Primeiros Socorros B\u00e1sicos<\/li>\n<li aria-level=\"1\">Mobilidade \u2013 Preven\u00e7\u00e3o de Quedas<\/li>\n<li aria-level=\"1\">M\u00f3dulo III<\/li>\n<li aria-level=\"1\">Lazer e Entretenimento<\/li>\n<li aria-level=\"1\">Principais Doen\u00e7as Psicopatol\u00f3gicas<\/li>\n<li aria-level=\"1\">Envelhecimento e Processo do Luto<\/li>\n<\/ul>\n<h4><b>Carga Hor\u00e1ria<\/b><\/h4>\n<ul>\n<li aria-level=\"1\">54 horas te\u00f3ricas<\/li>\n<\/ul>\n<\/div><\/div><\/div><\/div><\/div><div class=\"w-tabs-section\" id=\"z3f9\"><button class=\"w-tabs-section-header\" aria-controls=\"content-z3f9\" aria-expanded=\"false\"><div class=\"w-tabs-section-title\">Coleta de Material Biol\u00f3gico<\/div><div class=\"w-tabs-section-control\"><\/div><\/button><div  class=\"w-tabs-section-content\" id=\"content-z3f9\"><div class=\"w-tabs-section-content-h i-cf\"><div class=\"wpb_text_column\"><div class=\"wpb_wrapper\"><h4><b>Objetivo<\/b><\/h4>\n<p>O curso de qualifica\u00e7\u00e3o em Coleta de Material Biol\u00f3gico tem como objetivo preparar o aluno para a adequada obten\u00e7\u00e3o (pr\u00e1tica\/t\u00e9cnicas) das principais amostras de material em laborat\u00f3rio cl\u00ednico, al\u00e9m de prestar atendimento qualificado e humano, atendendo o paciente em suas necessidades.<\/p>\n<h4><b>Conte\u00fado Program\u00e1tico<\/b><\/h4>\n<ul>\n<li aria-level=\"1\">Anatomia dos s\u00edtios de coleta<\/li>\n<li aria-level=\"1\">Legisla\u00e7\u00e3o<\/li>\n<li aria-level=\"1\">Bio\u00e9tica e biosseguran\u00e7a<\/li>\n<li aria-level=\"1\">Rotinas e compet\u00eancias do servi\u00e7o<\/li>\n<li aria-level=\"1\">Tipos de amostras e coletas biol\u00f3gicas<\/li>\n<li aria-level=\"1\">Recipientes de coleta<\/li>\n<li aria-level=\"1\">T\u00e9cnicas de coleta<\/li>\n<li aria-level=\"1\">Cuidados pr\u00e9 e p\u00f3s coleta<\/li>\n<li aria-level=\"1\">Prepara\u00e7\u00e3o e acondicionamento de amostras<\/li>\n<li aria-level=\"1\">Processamento de amostras<br \/>\n20 horas<\/li>\n<li aria-level=\"1\">Est\u00e1gio Supervisionado<br \/>\n20 horas<\/li>\n<\/ul>\n<h4><b>Carga Hor\u00e1ria<\/b><\/h4>\n<ul>\n<li aria-level=\"1\">20 horas te\u00f3ricas e 20 horas de est\u00e1gio<\/li>\n<\/ul>\n<h4><b>Pr\u00e9-requisitos<\/b><\/h4>\n<ul>\n<li aria-level=\"1\">Estar matriculado no 4\u00ba semestre e\/ou m\u00f3dulo do curso T\u00e9cnico em Enfermagem.<\/li>\n<\/ul>\n<\/div><\/div><\/div><\/div><\/div><div class=\"w-tabs-section\" id=\"i48f\"><button class=\"w-tabs-section-header\" aria-controls=\"content-i48f\" aria-expanded=\"false\"><div class=\"w-tabs-section-title\">Instrumenta\u00e7\u00e3o Cir\u00fargica<\/div><div class=\"w-tabs-section-control\"><\/div><\/button><div  class=\"w-tabs-section-content\" id=\"content-i48f\"><div class=\"w-tabs-section-content-h i-cf\"><div class=\"wpb_text_column\"><div class=\"wpb_wrapper\"><h4><b>Objetivo<\/b><\/h4>\n<p>O curso de Qualifica\u00e7\u00e3o em Instrumenta\u00e7\u00e3o Cir\u00fargica tem como objetivo formar profissionais capacitados para prestar assist\u00eancia especializada no ordenamento, controle do instrumental e material cir\u00fargico ao m\u00e9dico e seus auxiliares, durante todos os procedimentos cir\u00fargicos.<\/p>\n<p>&nbsp;<\/p>\n<h4><b>Carga Hor\u00e1ria<\/b><\/h4>\n<ul>\n<li aria-level=\"1\">150 horas<\/li>\n<\/ul>\n<h4><b>Pr\u00e9-requisitos<\/b><\/h4>\n<ul>\n<li aria-level=\"1\">T\u00e9cnico em Enfermagem conclu\u00eddo<\/li>\n<\/ul>\n<p>&nbsp;<\/p>\n<h4><b>Conte\u00fado Program\u00e1tico<\/b><\/h4>\n<ul>\n<li aria-level=\"1\">M\u00f3dulo I<\/li>\n<li aria-level=\"1\">Psicologia Aplicada<\/li>\n<li aria-level=\"1\">\u00c9tica e Bio\u00e9tica<\/li>\n<li aria-level=\"1\">Anatomia<\/li>\n<li aria-level=\"1\">Microbiologia<\/li>\n<li aria-level=\"1\">Registros<\/li>\n<li aria-level=\"1\">Farmacologia<\/li>\n<li aria-level=\"1\">Intercorr\u00eancias<\/li>\n<li aria-level=\"1\">M\u00f3dulo II<\/li>\n<li aria-level=\"1\">Estrutura e funcionamento do Centro Cir\u00fargico<\/li>\n<li aria-level=\"1\">Centro de Material e Esteriliza\u00e7\u00e3o<\/li>\n<li aria-level=\"1\">Interven\u00e7\u00f5es Cir\u00fargicas<\/li>\n<li aria-level=\"1\">V\u00eddeo Cirurgia<\/li>\n<li aria-level=\"1\">Est\u00e1gio Supervisionado<\/li>\n<\/ul>\n<\/div><\/div><\/div><\/div><\/div><\/div><\/div><\/div><\/div><\/div><\/div><\/section>\n","protected":false},"excerpt":{"rendered":"Cuidador de IdososColeta de Material Biol\u00f3gicoInstrumenta\u00e7\u00e3o Cir\u00fargicaCuidador de IdososObjetivo O curso de qualifica\u00e7\u00e3o de Cuidador de Idosos tem como objetivo proporcionar conhecimentos te\u00f3rico-pr\u00e1ticos, para formar profissionais competentes, \u00e9ticos e respons\u00e1veis, capazes de resgatar os conceitos de cidadania dos idosos e seu direito a um atendimento de qualidade. Conte\u00fado Program\u00e1tico M\u00f3dulo I Estatuto do Idoso Fun\u00e7\u00f5es...","protected":false},"author":1,"featured_media":0,"parent":0,"menu_order":0,"comment_status":"closed","ping_status":"closed","template":"","meta":{"_acf_changed":false,"footnotes":""},"class_list":["post-145","page","type-page","status-publish","hentry"],"acf":[],"_links":{"self":[{"href":"https:\/\/www.acsc.com.br\/santatec\/wp-json\/wp\/v2\/pages\/145","targetHints":{"allow":["GET"]}}],"collection":[{"href":"https:\/\/www.acsc.com.br\/santatec\/wp-json\/wp\/v2\/pages"}],"about":[{"href":"https:\/\/www.acsc.com.br\/santatec\/wp-json\/wp\/v2\/types\/page"}],"author":[{"embeddable":true,"href":"https:\/\/www.acsc.com.br\/santatec\/wp-json\/wp\/v2\/users\/1"}],"replies":[{"embeddable":true,"href":"https:\/\/www.acsc.com.br\/santatec\/wp-json\/wp\/v2\/comments?post=145"}],"version-history":[{"count":1,"href":"https:\/\/www.acsc.com.br\/santatec\/wp-json\/wp\/v2\/pages\/145\/revisions"}],"predecessor-version":[{"id":146,"href":"https:\/\/www.acsc.com.br\/santatec\/wp-json\/wp\/v2\/pages\/145\/revisions\/146"}],"wp:attachment":[{"href":"https:\/\/www.acsc.com.br\/santatec\/wp-json\/wp\/v2\/media?parent=145"}],"curies":[{"name":"wp","href":"https:\/\/api.w.org\/{rel}","templated":true}]}}