{"id":127,"date":"2023-04-17T12:29:22","date_gmt":"2023-04-17T15:29:22","guid":{"rendered":"https:\/\/www.acsc.com.br\/santatec\/?page_id=127"},"modified":"2023-11-08T14:19:26","modified_gmt":"2023-11-08T17:19:26","slug":"infraestrutura","status":"publish","type":"page","link":"https:\/\/www.acsc.com.br\/santatec\/infraestrutura\/","title":{"rendered":"Infraestrutura"},"content":{"rendered":"<section class=\"l-section wpb_row height_medium\"><div class=\"l-section-h i-cf\"><div class=\"g-cols vc_row via_grid cols_1 laptops-cols_inherit tablets-cols_inherit mobiles-cols_1 valign_top type_default stacking_default\"><div class=\"wpb_column vc_column_container\"><div class=\"vc_column-inner\"><div class=\"wpb_text_column\"><div class=\"wpb_wrapper\"><p style=\"text-align: justify;\"><span style=\"font-weight: 400;\">A Santatec Escola de Educa\u00e7\u00e3o Profissional possui salas de aula preparadas com projetores e computadores para acesso \u00e0 aprendizagem na realiza\u00e7\u00e3o das aulas te\u00f3ricas pelos professores. Para as aulas pr\u00e1ticas, temos dois laborat\u00f3rios:\u00a0<\/span><\/p>\n<p style=\"text-align: justify;\"><b>Laborat\u00f3rio de Procedimentos<\/b><\/p>\n<p style=\"text-align: justify;\"><span style=\"font-weight: 400;\">O Laborat\u00f3rio de Procedimentos cont\u00e9m pe\u00e7as anat\u00f4micas, esqueletos, bonecos de estudo, tanto quanto camas hospitalares e incubadoras para melhor compreens\u00e3o e visualiza\u00e7\u00e3o das atividades. Neste laborat\u00f3rio, os alunos aprendem a realizar procedimentos como: puls\u00e3o venosa, introdu\u00e7\u00e3o de curativos e coloca\u00e7\u00e3o de sondas, verifica\u00e7\u00e3o de press\u00e3o arterial, verifica\u00e7\u00e3o de glicemia, entre diversos outros, por meio de provas pr\u00e1ticas.<\/span><\/p>\n<p style=\"text-align: justify;\"><b>Laborat\u00f3rio Cir\u00fargico<\/b><\/p>\n<p style=\"text-align: justify;\"><span style=\"font-weight: 400;\">O Laborat\u00f3rio Cir\u00fargico possui o objetivo de proporcionar a pr\u00e1tica real\u00edstica de um procedimento cir\u00fargico profissional. <\/span><span style=\"font-weight: 400;\">S\u00e3o realizadas atividades para o desenvolvimento de habilidades na \u00e1rea de t\u00e9cnicas cir\u00fargicas, feitas com material biol\u00f3gico e artificial. Nele voc\u00ea encontra equipamentos como: carro anest\u00e9sico, macas, bonecos, autoclave, estufas e materiais cir\u00fargicos em geral para treino e desenvolvimento das habilidades do campo da enfermagem.<\/span><\/p>\n<p>\u00a0<\/p>\n<\/div><\/div><div class=\"w-slider style_none fit_scaledown\"><div class=\"w-slider-h\"><div class=\"royalSlider\"><div class=\"rsContent\"><a class=\"rsImg\" data-rsw=\"800\" data-rsh=\"533\" href=\"https:\/\/www.acsc.com.br\/santatec\/wp-content\/uploads\/sites\/3\/2023\/11\/Laboratorios-4.jpg\"><span data-alt=\"\"><\/span><\/a><\/div><div class=\"rsContent\"><a class=\"rsImg\" data-rsw=\"800\" data-rsh=\"533\" href=\"https:\/\/www.acsc.com.br\/santatec\/wp-content\/uploads\/sites\/3\/2023\/11\/Laboratorios-2.jpg\"><span data-alt=\"\"><\/span><\/a><\/div><div class=\"rsContent\"><a class=\"rsImg\" data-rsw=\"800\" data-rsh=\"533\" href=\"https:\/\/www.acsc.com.br\/santatec\/wp-content\/uploads\/sites\/3\/2023\/11\/Laboratorios-1.jpg\"><span data-alt=\"\"><\/span><\/a><\/div><div class=\"rsContent\"><a class=\"rsImg\" data-rsw=\"800\" data-rsh=\"533\" href=\"https:\/\/www.acsc.com.br\/santatec\/wp-content\/uploads\/sites\/3\/2023\/11\/Laboratorios-3.jpg\"><span data-alt=\"\"><\/span><\/a><\/div><div class=\"rsContent\"><a class=\"rsImg\" data-rsw=\"800\" data-rsh=\"533\" href=\"https:\/\/www.acsc.com.br\/santatec\/wp-content\/uploads\/sites\/3\/2023\/11\/Laboratorios-7.jpg\"><span data-alt=\"\"><\/span><\/a><\/div><div class=\"rsContent\"><a class=\"rsImg\" data-rsw=\"800\" data-rsh=\"533\" href=\"https:\/\/www.acsc.com.br\/santatec\/wp-content\/uploads\/sites\/3\/2023\/11\/Laboratorios-5.jpg\"><span data-alt=\"\"><\/span><\/a><\/div><div class=\"rsContent\"><a class=\"rsImg\" data-rsw=\"683\" data-rsh=\"1024\" href=\"https:\/\/www.acsc.com.br\/santatec\/wp-content\/uploads\/sites\/3\/2023\/11\/Laboratorios-6-683x1024.jpg\"><span data-alt=\"\"><\/span><\/a><\/div><\/div><img decoding=\"async\" src=\"https:\/\/www.acsc.com.br\/santatec\/wp-content\/uploads\/sites\/3\/2023\/11\/Laboratorios-4.jpg\" width=\"800\" height=\"533\" alt loading=\"lazy\"><\/div><div class=\"w-slider-json\" onclick='return {&quot;autoScaleSlider&quot;:true,&quot;loop&quot;:true,&quot;fadeInLoadedSlide&quot;:false,&quot;slidesSpacing&quot;:0,&quot;imageScalePadding&quot;:0,&quot;numImagesToPreload&quot;:2,&quot;arrowsNav&quot;:true,&quot;arrowsNavAutoHide&quot;:false,&quot;transitionType&quot;:&quot;move&quot;,&quot;transitionSpeed&quot;:250,&quot;block&quot;:{&quot;moveEffect&quot;:&quot;none&quot;,&quot;speed&quot;:300},&quot;thumbs&quot;:{&quot;fitInViewport&quot;:false},&quot;controlNavigation&quot;:&quot;none&quot;,&quot;imageScaleMode&quot;:&quot;fit-if-smaller&quot;,&quot;autoScaleSliderWidth&quot;:800,&quot;autoScaleSliderHeight&quot;:533}'><\/div><\/div><\/div><\/div><\/div><\/div><\/section>\n","protected":false},"excerpt":{"rendered":"A Santatec Escola de Educa\u00e7\u00e3o Profissional possui salas de aula preparadas com projetores e computadores para acesso \u00e0 aprendizagem na realiza\u00e7\u00e3o das aulas te\u00f3ricas pelos professores. Para as aulas pr\u00e1ticas, temos dois laborat\u00f3rios:\u00a0 Laborat\u00f3rio de Procedimentos O Laborat\u00f3rio de Procedimentos cont\u00e9m pe\u00e7as anat\u00f4micas, esqueletos, bonecos de estudo, tanto quanto camas hospitalares e incubadoras para melhor...","protected":false},"author":1,"featured_media":0,"parent":0,"menu_order":0,"comment_status":"closed","ping_status":"closed","template":"","meta":{"_acf_changed":false,"footnotes":""},"class_list":["post-127","page","type-page","status-publish","hentry"],"acf":[],"_links":{"self":[{"href":"https:\/\/www.acsc.com.br\/santatec\/wp-json\/wp\/v2\/pages\/127","targetHints":{"allow":["GET"]}}],"collection":[{"href":"https:\/\/www.acsc.com.br\/santatec\/wp-json\/wp\/v2\/pages"}],"about":[{"href":"https:\/\/www.acsc.com.br\/santatec\/wp-json\/wp\/v2\/types\/page"}],"author":[{"embeddable":true,"href":"https:\/\/www.acsc.com.br\/santatec\/wp-json\/wp\/v2\/users\/1"}],"replies":[{"embeddable":true,"href":"https:\/\/www.acsc.com.br\/santatec\/wp-json\/wp\/v2\/comments?post=127"}],"version-history":[{"count":6,"href":"https:\/\/www.acsc.com.br\/santatec\/wp-json\/wp\/v2\/pages\/127\/revisions"}],"predecessor-version":[{"id":226,"href":"https:\/\/www.acsc.com.br\/santatec\/wp-json\/wp\/v2\/pages\/127\/revisions\/226"}],"wp:attachment":[{"href":"https:\/\/www.acsc.com.br\/santatec\/wp-json\/wp\/v2\/media?parent=127"}],"curies":[{"name":"wp","href":"https:\/\/api.w.org\/{rel}","templated":true}]}}