{"id":61,"date":"2023-03-25T09:06:36","date_gmt":"2023-03-25T12:06:36","guid":{"rendered":"https:\/\/www.acsc.com.br\/santacatarina\/?page_id=61"},"modified":"2023-08-10T01:28:30","modified_gmt":"2023-08-10T04:28:30","slug":"infraestrutura","status":"publish","type":"page","link":"https:\/\/www.acsc.com.br\/santacatarina\/infraestrutura\/","title":{"rendered":"Infraestrutura"},"content":{"rendered":"<section class=\"l-section wpb_row height_medium\"><div class=\"l-section-h i-cf\"><div class=\"g-cols vc_row via_grid cols_1 laptops-cols_inherit tablets-cols_inherit mobiles-cols_1 valign_top type_default stacking_default\"><div class=\"wpb_column vc_column_container\"><div class=\"vc_column-inner\"><div class=\"wpb_text_column\"><div class=\"wpb_wrapper\"><p style=\"text-align: justify;\">Fundado em 1900, o Col\u00e9gio Santa Catarina ocupa cerca de dois hectares. Localizado no bairro Hamburgo Velho, em Novo Hamburgo, o complexo estudantil conta com \u00e1rea pedag\u00f3gica, laborat\u00f3rios, \u00e1rea esportiva e espa\u00e7o para cultura e espiritualidade.<br \/>\nNa \u00e1rea pedag\u00f3gica, o SantaNH conta com uma biblioteca com mais de 30 mil exemplares, al\u00e9m de sala de Ingl\u00eas, sala de Artes, espa\u00e7os l\u00fadicos e audiovisual.<br \/>\nIntegram o pedag\u00f3gico ainda os laborat\u00f3rios de Biologia, Qu\u00edmica, F\u00edsica, Inform\u00e1tica, Enfermagem e Sa\u00fade Bucal.<br \/>\nO Santa Catarina conta tamb\u00e9m com um Complexo de Piscinas, pista atl\u00e9tica, gin\u00e1sio, sala de jogos e sala de atividades esportivas.<br \/>\nPreocupado com o segmento espiritual e cultural, o col\u00e9gio conta com capela, audit\u00f3rio, sal\u00e3o social, sal\u00e3o nobre, salas de reuni\u00f5es, casa de reflex\u00e3o, jardins e \u00e1rea verde.<\/p>\n<\/div><\/div><div class=\"w-separator size_medium\"><\/div>[vc_images_carousel images=&#8221;235,236,237,238,239,240,241,242,243,244,245,246&#8243; img_size=&#8221;full&#8221; autoplay=&#8221;yes&#8221; partial_view=&#8221;yes&#8221; wrap=&#8221;yes&#8221;]<\/div><\/div><\/div><\/div><\/section>\n","protected":false},"excerpt":{"rendered":"Fundado em 1900, o Col\u00e9gio Santa Catarina ocupa cerca de dois hectares. Localizado no bairro Hamburgo Velho, em Novo Hamburgo, o complexo estudantil conta com \u00e1rea pedag\u00f3gica, laborat\u00f3rios, \u00e1rea esportiva e espa\u00e7o para cultura e espiritualidade. Na \u00e1rea pedag\u00f3gica, o SantaNH conta com uma biblioteca com mais de 30 mil exemplares, al\u00e9m de sala de...","protected":false},"author":1,"featured_media":0,"parent":0,"menu_order":0,"comment_status":"closed","ping_status":"closed","template":"","meta":{"_acf_changed":false,"footnotes":""},"class_list":["post-61","page","type-page","status-publish","hentry"],"acf":[],"_links":{"self":[{"href":"https:\/\/www.acsc.com.br\/santacatarina\/wp-json\/wp\/v2\/pages\/61","targetHints":{"allow":["GET"]}}],"collection":[{"href":"https:\/\/www.acsc.com.br\/santacatarina\/wp-json\/wp\/v2\/pages"}],"about":[{"href":"https:\/\/www.acsc.com.br\/santacatarina\/wp-json\/wp\/v2\/types\/page"}],"author":[{"embeddable":true,"href":"https:\/\/www.acsc.com.br\/santacatarina\/wp-json\/wp\/v2\/users\/1"}],"replies":[{"embeddable":true,"href":"https:\/\/www.acsc.com.br\/santacatarina\/wp-json\/wp\/v2\/comments?post=61"}],"version-history":[{"count":5,"href":"https:\/\/www.acsc.com.br\/santacatarina\/wp-json\/wp\/v2\/pages\/61\/revisions"}],"predecessor-version":[{"id":413,"href":"https:\/\/www.acsc.com.br\/santacatarina\/wp-json\/wp\/v2\/pages\/61\/revisions\/413"}],"wp:attachment":[{"href":"https:\/\/www.acsc.com.br\/santacatarina\/wp-json\/wp\/v2\/media?parent=61"}],"curies":[{"name":"wp","href":"https:\/\/api.w.org\/{rel}","templated":true}]}}