{"id":57,"date":"2023-03-25T09:06:17","date_gmt":"2023-03-25T12:06:17","guid":{"rendered":"https:\/\/www.acsc.com.br\/santacatarina\/?page_id=57"},"modified":"2023-08-10T01:26:51","modified_gmt":"2023-08-10T04:26:51","slug":"espaco-adventure","status":"publish","type":"page","link":"https:\/\/www.acsc.com.br\/santacatarina\/espaco-adventure\/","title":{"rendered":"Espa\u00e7o Adventure"},"content":{"rendered":"<section class=\"l-section wpb_row height_medium\"><div class=\"l-section-h i-cf\"><div class=\"g-cols vc_row via_grid cols_2-1 laptops-cols_inherit tablets-cols_inherit mobiles-cols_1 valign_top type_default stacking_default\"><div class=\"wpb_column vc_column_container\"><div class=\"vc_column-inner\"><div class=\"wpb_text_column\"><div class=\"wpb_wrapper\"><p style=\"text-align: justify;\"><b>A PROPOSTA: <\/b><span style=\"font-weight: 400;\">O Espa\u00e7o Adventure, o Novo Turno Inverso do Col\u00e9gio Santa Catarina, \u00e9 ideal para as fam\u00edlias que desejam um ambiente seguro e acolhedor, promovendo o desenvolvimento integral de seus filhos com atividades l\u00fadicas em conex\u00e3o com a natureza para o desenvolvimento de habilidades que agregam \u00e0 vida e ao autocuidado. As atividades s\u00e3o organizadas atrav\u00e9s da metodologia de projetos, com a participa\u00e7\u00e3o de professores especialistas que comp\u00f5em o quadro de professores da escola nas diversas \u00e1reas do conhecimento como artes, biologia, qu\u00edmica, entre outras.<\/span><\/p>\n<p style=\"text-align: justify;\"><b>SOBRE O ESPA\u00c7O: <\/b><span style=\"font-weight: 400;\">O espa\u00e7o \u00e9 pensado para os estudantes da Creche III ao 4\u00ba ano e busca ressignificar o ambiente escolar no turno inverso ao ensino regular em que o aluno est\u00e1 matriculado, proporcionando \u201cAVENTURAS\u201d diferentes num espa\u00e7o prazeroso e amplo, utilizando principalmente a \u00e1rea verde do Col\u00e9gio. O ESPA\u00c7O ADVENTURE \u00e9 um ambiente acolhedor, promovendo o desenvolvimento integral dos alunos, aprendizagens diversificadas tornando o p\u00fablico protagonista ao sugerir temas para investiga\u00e7\u00e3o que despertem a curiosidade e a constru\u00e7\u00e3o de novos conhecimentos, como tamb\u00e9m o acompanhamento das tarefas de casa.<\/span><\/p>\n<p style=\"text-align: justify;\"><b>OBJETIVOS:<\/b><span style=\"font-weight: 400;\"> Promover aos alunos atividades que desenvolvam a explora\u00e7\u00e3o, investiga\u00e7\u00e3o e aprendizagem utilizando elementos da natureza diariamente; Oportunizar o autocuidado e as pr\u00e1ticas saud\u00e1veis; Favorecer o desenvolvimento da crian\u00e7a mediante a independ\u00eancia, a liberdade com limites e o desenvolvimento f\u00edsico e social; Trabalhar nos educandos suas potencialidades f\u00edsicas, cognitivas e s\u00f3cio-afetivas; Disponibilizar aos alunos um ambiente acolhedor e interativo para a produ\u00e7\u00e3o de conhecimentos, experi\u00eancias e viv\u00eancias que fa\u00e7am sentido para a vida.<\/span><\/p>\n<p style=\"text-align: justify;\"><b>HOR\u00c1RIO DE FUNCIONAMENTO:<\/b><\/p>\n<p style=\"text-align: justify;\"><span style=\"font-weight: 400;\">Manh\u00e3: 7h15min \u00e0s 13h15min<\/span><\/p>\n<p style=\"text-align: justify;\"><span style=\"font-weight: 400;\">Tarde: 11h45min \u00e0s 17h30min<\/span><\/p>\n<p style=\"text-align: justify;\"><b>Mais informa\u00e7\u00f5es, entre em contato com a Secretaria do Col\u00e9gio pelo telefone: (51) 3527-4862 ou e-mail:<\/b> <a href=\"http:\/\/www.colegiosantanh.com.br\/fale-conosco\/\"><span style=\"font-weight: 400;\">contato@colegiosantanh.com.br<\/span><\/a><\/p>\n<\/div><\/div><\/div><\/div><div class=\"wpb_column vc_column_container\"><div class=\"vc_column-inner\">[vc_single_image image=&#8221;271&#8243; img_size=&#8221;full&#8221; add_caption=&#8221;yes&#8221; alignment=&#8221;center&#8221; onclick=&#8221;link_image&#8221;]<div class=\"w-message color_blue\"><div class=\"w-message-body\"><p>O espa\u00e7o \u00e9 pensado para os estudantes da Creche III ao 4\u00ba ano e busca ressignificar o ambiente escolar no turno inverso ao ensino regular em que o aluno est\u00e1 matriculado, proporcionando \u201cAVENTURAS\u201d diferentes num espa\u00e7o prazeroso e amplo, utilizando principalmente a \u00e1rea verde do Col\u00e9gio.<\/p>\n<\/div><\/div><\/div><\/div><\/div><\/div><\/section>\n","protected":false},"excerpt":{"rendered":"A PROPOSTA: O Espa\u00e7o Adventure, o Novo Turno Inverso do Col\u00e9gio Santa Catarina, \u00e9 ideal para as fam\u00edlias que desejam um ambiente seguro e acolhedor, promovendo o desenvolvimento integral de seus filhos com atividades l\u00fadicas em conex\u00e3o com a natureza para o desenvolvimento de habilidades que agregam \u00e0 vida e ao autocuidado. As atividades s\u00e3o...","protected":false},"author":1,"featured_media":0,"parent":0,"menu_order":0,"comment_status":"closed","ping_status":"closed","template":"","meta":{"_acf_changed":false,"footnotes":""},"class_list":["post-57","page","type-page","status-publish","hentry"],"acf":[],"_links":{"self":[{"href":"https:\/\/www.acsc.com.br\/santacatarina\/wp-json\/wp\/v2\/pages\/57","targetHints":{"allow":["GET"]}}],"collection":[{"href":"https:\/\/www.acsc.com.br\/santacatarina\/wp-json\/wp\/v2\/pages"}],"about":[{"href":"https:\/\/www.acsc.com.br\/santacatarina\/wp-json\/wp\/v2\/types\/page"}],"author":[{"embeddable":true,"href":"https:\/\/www.acsc.com.br\/santacatarina\/wp-json\/wp\/v2\/users\/1"}],"replies":[{"embeddable":true,"href":"https:\/\/www.acsc.com.br\/santacatarina\/wp-json\/wp\/v2\/comments?post=57"}],"version-history":[{"count":6,"href":"https:\/\/www.acsc.com.br\/santacatarina\/wp-json\/wp\/v2\/pages\/57\/revisions"}],"predecessor-version":[{"id":411,"href":"https:\/\/www.acsc.com.br\/santacatarina\/wp-json\/wp\/v2\/pages\/57\/revisions\/411"}],"wp:attachment":[{"href":"https:\/\/www.acsc.com.br\/santacatarina\/wp-json\/wp\/v2\/media?parent=57"}],"curies":[{"name":"wp","href":"https:\/\/api.w.org\/{rel}","templated":true}]}}