{"id":53,"date":"2023-03-25T09:05:41","date_gmt":"2023-03-25T12:05:41","guid":{"rendered":"https:\/\/www.acsc.com.br\/santacatarina\/?page_id=53"},"modified":"2023-08-10T01:30:27","modified_gmt":"2023-08-10T04:30:27","slug":"aee","status":"publish","type":"page","link":"https:\/\/www.acsc.com.br\/santacatarina\/aee\/","title":{"rendered":"Atendimento Educacional Especializado (AEE)"},"content":{"rendered":"<p style=\"text-align: justify;\">O AEE tem por objetivo desenvolver o acesso ao processo de escolariza\u00e7\u00e3o de acordo com as necessidades espec\u00edficas de cada estudante, promovendo a acessibilidade atrav\u00e9s de atividades, recursos de acessibilidade e pedag\u00f3gicos, buscando complementar ou suplementar a forma\u00e7\u00e3o do estudante para a sua participa\u00e7\u00e3o na sociedade e desenvolvimento de sua aprendizagem.<\/p>\n<p><strong>O AEE trabalha com alunos que possuem diagn\u00f3stico de: <\/strong><br \/>\n&#8211; Defici\u00eancia f\u00edsica;<br \/>\n&#8211; Defici\u00eancia intelectual;<br \/>\n&#8211; Defici\u00eancia visual;<br \/>\n&#8211; Defici\u00eancia auditiva;<br \/>\n&#8211; Defici\u00eancia m\u00faltiplas;<br \/>\n&#8211; TEA (Transtorno Espectro Autista);<br \/>\n&#8211; Altas habilidades \/ Superdota\u00e7\u00e3o.<\/p>\n<p><strong>S\u00e3o atribui\u00e7\u00f5es do AEE:<\/strong><br \/>\n&#8211; Elaborar Plano Educacional Individualizado;<br \/>\n&#8211; Acompanhar o processo de aprendizagem do aluno;<br \/>\n&#8211; Planejar atividades adaptadas;<br \/>\n&#8211; Atendimento no contraturno escolar ao aluno;<br \/>\n&#8211; Articular di\u00e1logo com profissionais que atendem o aluno;<br \/>\n&#8211; Dar suporte aos professores que trabalham com o aluno.<\/p>\n<p><strong>Hor\u00e1rio de funcionamento:<\/strong> agendar atendimento com o Centro Pedag\u00f3gico ou com a AEE, verificar disponibilidade.<\/p>\n","protected":false},"excerpt":{"rendered":"<p>O AEE tem por objetivo desenvolver o acesso ao processo de escolariza\u00e7\u00e3o de acordo com as necessidades espec\u00edficas de cada estudante, promovendo a acessibilidade atrav\u00e9s de atividades, recursos de acessibilidade e pedag\u00f3gicos, buscando complementar ou suplementar a forma\u00e7\u00e3o do estudante para a sua participa\u00e7\u00e3o na sociedade e desenvolvimento de sua aprendizagem. O AEE trabalha com&#8230;<\/p>\n","protected":false},"author":1,"featured_media":0,"parent":0,"menu_order":0,"comment_status":"closed","ping_status":"closed","template":"","meta":{"_acf_changed":false,"footnotes":""},"class_list":["post-53","page","type-page","status-publish","hentry"],"acf":[],"_links":{"self":[{"href":"https:\/\/www.acsc.com.br\/santacatarina\/wp-json\/wp\/v2\/pages\/53","targetHints":{"allow":["GET"]}}],"collection":[{"href":"https:\/\/www.acsc.com.br\/santacatarina\/wp-json\/wp\/v2\/pages"}],"about":[{"href":"https:\/\/www.acsc.com.br\/santacatarina\/wp-json\/wp\/v2\/types\/page"}],"author":[{"embeddable":true,"href":"https:\/\/www.acsc.com.br\/santacatarina\/wp-json\/wp\/v2\/users\/1"}],"replies":[{"embeddable":true,"href":"https:\/\/www.acsc.com.br\/santacatarina\/wp-json\/wp\/v2\/comments?post=53"}],"version-history":[{"count":3,"href":"https:\/\/www.acsc.com.br\/santacatarina\/wp-json\/wp\/v2\/pages\/53\/revisions"}],"predecessor-version":[{"id":419,"href":"https:\/\/www.acsc.com.br\/santacatarina\/wp-json\/wp\/v2\/pages\/53\/revisions\/419"}],"wp:attachment":[{"href":"https:\/\/www.acsc.com.br\/santacatarina\/wp-json\/wp\/v2\/media?parent=53"}],"curies":[{"name":"wp","href":"https:\/\/api.w.org\/{rel}","templated":true}]}}