{"id":43,"date":"2023-03-25T09:05:08","date_gmt":"2023-03-25T12:05:08","guid":{"rendered":"https:\/\/www.acsc.com.br\/santacatarina\/?page_id=43"},"modified":"2023-08-10T01:30:34","modified_gmt":"2023-08-10T04:30:34","slug":"sod","status":"publish","type":"page","link":"https:\/\/www.acsc.com.br\/santacatarina\/sod\/","title":{"rendered":"SOD"},"content":{"rendered":"<p style=\"text-align: justify;\">O Servi\u00e7o de Orienta\u00e7\u00e3o Disciplinar (SOD), atua na Educa\u00e7\u00e3o Infantil, no Ensino Fundamental e no Ensino M\u00e9dio com o objetivo de perceber, de acompanhar, de ajudar e de orientar cada aluno no seu desenvolvimento no processo de ensino-aprendizagem. Esse setor tem a responsabilidade de manter a ordem e disciplina entre os alunos, sendo composto por um grupo de monitores que zelam pelo bem-estar e seguran\u00e7a dos estudantes. Dentre as compet\u00eancias, o SOD tamb\u00e9m colabora para o processo de integra\u00e7\u00e3o entre Fam\u00edlia e Escola, orientando sobre a estrutura e o funcionamento, auxiliando na organiza\u00e7\u00e3o e no cumprimento do plano de estudos.<\/p>\n<p style=\"text-align: justify;\">\u00c9 para este setor que devem ser enviadas informa\u00e7\u00f5es por e-mail, como: sa\u00edda antecipada do aluno e avisos sobre alguma medica\u00e7\u00e3o que o aluno precisa utilizar.<\/p>\n<p><strong>Hor\u00e1rio atendimento:<\/strong> 07:00 \u00e0s 18:00.<br \/>\n<strong>E-mail:<\/strong> sod@colegiosantanh.com.br<\/p>\n","protected":false},"excerpt":{"rendered":"<p>O Servi\u00e7o de Orienta\u00e7\u00e3o Disciplinar (SOD), atua na Educa\u00e7\u00e3o Infantil, no Ensino Fundamental e no Ensino M\u00e9dio com o objetivo de perceber, de acompanhar, de ajudar e de orientar cada aluno no seu desenvolvimento no processo de ensino-aprendizagem. Esse setor tem a responsabilidade de manter a ordem e disciplina entre os alunos, sendo composto por&#8230;<\/p>\n","protected":false},"author":1,"featured_media":0,"parent":0,"menu_order":0,"comment_status":"closed","ping_status":"closed","template":"","meta":{"_acf_changed":false,"footnotes":""},"class_list":["post-43","page","type-page","status-publish","hentry"],"acf":[],"_links":{"self":[{"href":"https:\/\/www.acsc.com.br\/santacatarina\/wp-json\/wp\/v2\/pages\/43","targetHints":{"allow":["GET"]}}],"collection":[{"href":"https:\/\/www.acsc.com.br\/santacatarina\/wp-json\/wp\/v2\/pages"}],"about":[{"href":"https:\/\/www.acsc.com.br\/santacatarina\/wp-json\/wp\/v2\/types\/page"}],"author":[{"embeddable":true,"href":"https:\/\/www.acsc.com.br\/santacatarina\/wp-json\/wp\/v2\/users\/1"}],"replies":[{"embeddable":true,"href":"https:\/\/www.acsc.com.br\/santacatarina\/wp-json\/wp\/v2\/comments?post=43"}],"version-history":[{"count":3,"href":"https:\/\/www.acsc.com.br\/santacatarina\/wp-json\/wp\/v2\/pages\/43\/revisions"}],"predecessor-version":[{"id":420,"href":"https:\/\/www.acsc.com.br\/santacatarina\/wp-json\/wp\/v2\/pages\/43\/revisions\/420"}],"wp:attachment":[{"href":"https:\/\/www.acsc.com.br\/santacatarina\/wp-json\/wp\/v2\/media?parent=43"}],"curies":[{"name":"wp","href":"https:\/\/api.w.org\/{rel}","templated":true}]}}