{"id":41,"date":"2023-03-25T09:05:02","date_gmt":"2023-03-25T12:05:02","guid":{"rendered":"https:\/\/www.acsc.com.br\/santacatarina\/?page_id=41"},"modified":"2023-08-11T11:03:33","modified_gmt":"2023-08-11T14:03:33","slug":"cipe","status":"publish","type":"page","link":"https:\/\/www.acsc.com.br\/santacatarina\/cipe\/","title":{"rendered":"CIPE"},"content":{"rendered":"<p style=\"text-align: justify;\">O Centro Integrado Pedag\u00f3gico (CIPE) \u00e9 formado por uma equipe de profissionais que atuam diretamente com o aluno e o professor. Temos a orienta\u00e7\u00e3o pedag\u00f3gica que acompanha o aluno em seu rendimento escolar, investiga e orienta processos comportamentais em cada indiv\u00edduo, zelando pela forma\u00e7\u00e3o dos alunos como cidad\u00e3os. Neste local tamb\u00e9m encontramos os supervisores pedag\u00f3gicos, que auxiliam o professor em sua pr\u00e1tica, propondo novas abordagens, metodologias e estrat\u00e9gias para a forma\u00e7\u00e3o dos alunos e tamb\u00e9m resolu\u00e7\u00f5es de conflitos. O setor realiza a elabora\u00e7\u00e3o do calend\u00e1rio escolar e das informa\u00e7\u00f5es do projeto pol\u00edtico pedag\u00f3gico proposto pelo col\u00e9gio.<\/p>\n<p><strong>Hor\u00e1rio de atendimento:<\/strong> segunda \u00e0 sexta-feira das 07:00 \u00e0s 12:00 e das 13:15 \u00e0s 17:30.<br \/>\n<strong>WhatsApp de atendimento:<\/strong>\u00a0<a href=\"https:\/\/wa.link\/nvgdn7\">51 9666-9531<\/a><br \/>\n<strong>E-mail de contato para pais e alunos:<\/strong> cipe@colegiosantanh.com.br<br \/>\n<strong>E-mail de contato para atendimento \u00e0 imprensa:<\/strong> comunicacao@colegiosantanh.com.br<\/p>\n","protected":false},"excerpt":{"rendered":"<p>O Centro Integrado Pedag\u00f3gico (CIPE) \u00e9 formado por uma equipe de profissionais que atuam diretamente com o aluno e o professor. Temos a orienta\u00e7\u00e3o pedag\u00f3gica que acompanha o aluno em seu rendimento escolar, investiga e orienta processos comportamentais em cada indiv\u00edduo, zelando pela forma\u00e7\u00e3o dos alunos como cidad\u00e3os. Neste local tamb\u00e9m encontramos os supervisores pedag\u00f3gicos,&#8230;<\/p>\n","protected":false},"author":1,"featured_media":0,"parent":0,"menu_order":0,"comment_status":"closed","ping_status":"closed","template":"","meta":{"_acf_changed":false,"footnotes":""},"class_list":["post-41","page","type-page","status-publish","hentry"],"acf":[],"_links":{"self":[{"href":"https:\/\/www.acsc.com.br\/santacatarina\/wp-json\/wp\/v2\/pages\/41","targetHints":{"allow":["GET"]}}],"collection":[{"href":"https:\/\/www.acsc.com.br\/santacatarina\/wp-json\/wp\/v2\/pages"}],"about":[{"href":"https:\/\/www.acsc.com.br\/santacatarina\/wp-json\/wp\/v2\/types\/page"}],"author":[{"embeddable":true,"href":"https:\/\/www.acsc.com.br\/santacatarina\/wp-json\/wp\/v2\/users\/1"}],"replies":[{"embeddable":true,"href":"https:\/\/www.acsc.com.br\/santacatarina\/wp-json\/wp\/v2\/comments?post=41"}],"version-history":[{"count":5,"href":"https:\/\/www.acsc.com.br\/santacatarina\/wp-json\/wp\/v2\/pages\/41\/revisions"}],"predecessor-version":[{"id":462,"href":"https:\/\/www.acsc.com.br\/santacatarina\/wp-json\/wp\/v2\/pages\/41\/revisions\/462"}],"wp:attachment":[{"href":"https:\/\/www.acsc.com.br\/santacatarina\/wp-json\/wp\/v2\/media?parent=41"}],"curies":[{"name":"wp","href":"https:\/\/api.w.org\/{rel}","templated":true}]}}