{"id":37,"date":"2023-03-25T09:04:49","date_gmt":"2023-03-25T12:04:49","guid":{"rendered":"https:\/\/www.acsc.com.br\/santacatarina\/?page_id=37"},"modified":"2023-08-10T01:29:50","modified_gmt":"2023-08-10T04:29:50","slug":"direcao","status":"publish","type":"page","link":"https:\/\/www.acsc.com.br\/santacatarina\/direcao\/","title":{"rendered":"Dire\u00e7\u00e3o"},"content":{"rendered":"<p style=\"text-align: justify;\"><span style=\"font-weight: 400;\">O setor da dire\u00e7\u00e3o tem como papel realizar a gest\u00e3o escolar, realizando um trabalho educacional e sendo a maior refer\u00eancia pedag\u00f3gica. Suas atribui\u00e7\u00f5es lhe conferem a responsabilidade de garantir a qualidade do ensino na institui\u00e7\u00e3o e atender toda a comunidade escolar, de modo que atuem juntos no processo de ensino e aprendizagem para que ele seja efetivo.<\/span><\/p>\n<p>&nbsp;<\/p>\n<p><span style=\"font-weight: 400;\"><strong>Hor\u00e1rio de atendimento:<\/strong> segunda \u00e0 sexta-feira das 08:00 \u00e0s 12:00 e das 13:30 \u00e0s 17:30.\u00a0<\/span><\/p>\n<p>&nbsp;<\/p>\n<p><span style=\"font-weight: 400;\"><strong>E-mail:<\/strong> direcao@colegiosantanh.com.br<\/span><\/p>\n<p>&nbsp;<\/p>\n","protected":false},"excerpt":{"rendered":"<p>O setor da dire\u00e7\u00e3o tem como papel realizar a gest\u00e3o escolar, realizando um trabalho educacional e sendo a maior refer\u00eancia pedag\u00f3gica. Suas atribui\u00e7\u00f5es lhe conferem a responsabilidade de garantir a qualidade do ensino na institui\u00e7\u00e3o e atender toda a comunidade escolar, de modo que atuem juntos no processo de ensino e aprendizagem para que ele&#8230;<\/p>\n","protected":false},"author":1,"featured_media":0,"parent":0,"menu_order":0,"comment_status":"closed","ping_status":"closed","template":"","meta":{"_acf_changed":false,"footnotes":""},"class_list":["post-37","page","type-page","status-publish","hentry"],"acf":[],"_links":{"self":[{"href":"https:\/\/www.acsc.com.br\/santacatarina\/wp-json\/wp\/v2\/pages\/37","targetHints":{"allow":["GET"]}}],"collection":[{"href":"https:\/\/www.acsc.com.br\/santacatarina\/wp-json\/wp\/v2\/pages"}],"about":[{"href":"https:\/\/www.acsc.com.br\/santacatarina\/wp-json\/wp\/v2\/types\/page"}],"author":[{"embeddable":true,"href":"https:\/\/www.acsc.com.br\/santacatarina\/wp-json\/wp\/v2\/users\/1"}],"replies":[{"embeddable":true,"href":"https:\/\/www.acsc.com.br\/santacatarina\/wp-json\/wp\/v2\/comments?post=37"}],"version-history":[{"count":3,"href":"https:\/\/www.acsc.com.br\/santacatarina\/wp-json\/wp\/v2\/pages\/37\/revisions"}],"predecessor-version":[{"id":414,"href":"https:\/\/www.acsc.com.br\/santacatarina\/wp-json\/wp\/v2\/pages\/37\/revisions\/414"}],"wp:attachment":[{"href":"https:\/\/www.acsc.com.br\/santacatarina\/wp-json\/wp\/v2\/media?parent=37"}],"curies":[{"name":"wp","href":"https:\/\/api.w.org\/{rel}","templated":true}]}}