{"id":331,"date":"2023-04-17T12:05:35","date_gmt":"2023-04-17T15:05:35","guid":{"rendered":"https:\/\/www.acsc.com.br\/santacatarina\/?page_id=331"},"modified":"2026-01-28T10:02:18","modified_gmt":"2026-01-28T13:02:18","slug":"cantina","status":"publish","type":"page","link":"https:\/\/www.acsc.com.br\/santacatarina\/cantina\/","title":{"rendered":"Cantina"},"content":{"rendered":"<section class=\"l-section wpb_row height_medium\"><div class=\"l-section-h i-cf\"><div class=\"g-cols vc_row via_grid cols_1 laptops-cols_inherit tablets-cols_inherit mobiles-cols_1 valign_top type_default stacking_default\"><div class=\"wpb_column vc_column_container\"><div class=\"vc_column-inner\"><div class=\"wpb_text_column\"><div class=\"wpb_wrapper\"><p style=\"text-align: justify;\"><span style=\"font-weight: 400;\">O Col\u00e9gio conta com a parceria da Tia Lala Cantinas Escolares para presta\u00e7\u00e3o de servi\u00e7os de alimenta\u00e7\u00e3o. A cantina conta com uma diversidade de alimentos saud\u00e1veis, como: sucos naturais, sandu\u00edches, bolos, salgados assados, biscoitos, e muito mais. Temos dispon\u00edvel um espa\u00e7o pr\u00f3prio para esta finalidade, contendo um ambiente agrad\u00e1vel e organizado com mesas \u00e0 disposi\u00e7\u00e3o para as refei\u00e7\u00f5es dos alunos. Durante o per\u00edodo do almo\u00e7o tamb\u00e9m \u00e9 ofertado aos estudantes e respons\u00e1veis um buffet para realiza\u00e7\u00e3o das refei\u00e7\u00f5es.\u00a0<\/span><\/p>\n<p style=\"text-align: justify;\"><span style=\"font-weight: 400;\">Hor\u00e1rio de atendimento: 07:30 \u00e0s 13:30 e das 14:30 \u00e0s 19:30.<\/span><\/p>\n<p style=\"text-align: justify;\"><span style=\"font-weight: 400;\">Contato WhatsApp: 51 97317711<\/span><\/p>\n<\/div><\/div><div class=\"w-separator size_medium\"><\/div>[vc_btn title=&#8221;Informa\u00e7\u00f5es Cantina&#8221; color=&#8221;danger&#8221; align=&#8221;center&#8221; i_icon_fontawesome=&#8221;fas fa-download&#8221; css=&#8221;&#8221; button_block=&#8221;true&#8221; add_icon=&#8221;true&#8221; link=&#8221;url:https%3A%2F%2Fwww.acsc.com.br%2Fsantacatarina%2Fwp-content%2Fuploads%2Fsites%2F2%2F2026%2F01%2FOla-clique-aqui.pdf|target:_blank&#8221;]<\/div><\/div><\/div><\/div><\/section>\n","protected":false},"excerpt":{"rendered":"O Col\u00e9gio conta com a parceria da Tia Lala Cantinas Escolares para presta\u00e7\u00e3o de servi\u00e7os de alimenta\u00e7\u00e3o. A cantina conta com uma diversidade de alimentos saud\u00e1veis, como: sucos naturais, sandu\u00edches, bolos, salgados assados, biscoitos, e muito mais. Temos dispon\u00edvel um espa\u00e7o pr\u00f3prio para esta finalidade, contendo um ambiente agrad\u00e1vel e organizado com mesas \u00e0 disposi\u00e7\u00e3o...","protected":false},"author":1,"featured_media":0,"parent":0,"menu_order":0,"comment_status":"closed","ping_status":"closed","template":"","meta":{"_acf_changed":false,"footnotes":""},"class_list":["post-331","page","type-page","status-publish","hentry"],"acf":[],"_links":{"self":[{"href":"https:\/\/www.acsc.com.br\/santacatarina\/wp-json\/wp\/v2\/pages\/331","targetHints":{"allow":["GET"]}}],"collection":[{"href":"https:\/\/www.acsc.com.br\/santacatarina\/wp-json\/wp\/v2\/pages"}],"about":[{"href":"https:\/\/www.acsc.com.br\/santacatarina\/wp-json\/wp\/v2\/types\/page"}],"author":[{"embeddable":true,"href":"https:\/\/www.acsc.com.br\/santacatarina\/wp-json\/wp\/v2\/users\/1"}],"replies":[{"embeddable":true,"href":"https:\/\/www.acsc.com.br\/santacatarina\/wp-json\/wp\/v2\/comments?post=331"}],"version-history":[{"count":6,"href":"https:\/\/www.acsc.com.br\/santacatarina\/wp-json\/wp\/v2\/pages\/331\/revisions"}],"predecessor-version":[{"id":1538,"href":"https:\/\/www.acsc.com.br\/santacatarina\/wp-json\/wp\/v2\/pages\/331\/revisions\/1538"}],"wp:attachment":[{"href":"https:\/\/www.acsc.com.br\/santacatarina\/wp-json\/wp\/v2\/media?parent=331"}],"curies":[{"name":"wp","href":"https:\/\/api.w.org\/{rel}","templated":true}]}}