{"id":258,"date":"2023-04-17T10:23:59","date_gmt":"2023-04-17T13:23:59","guid":{"rendered":"https:\/\/www.acsc.com.br\/santacatarina\/?page_id=258"},"modified":"2026-01-23T17:54:14","modified_gmt":"2026-01-23T20:54:14","slug":"complexo-de-piscinas","status":"publish","type":"page","link":"https:\/\/www.acsc.com.br\/santacatarina\/complexo-de-piscinas\/","title":{"rendered":"Complexo de Piscinas"},"content":{"rendered":"<section class=\"l-section wpb_row height_medium\"><div class=\"l-section-h i-cf\"><div class=\"g-cols vc_row via_grid cols_2-1 laptops-cols_inherit tablets-cols_inherit mobiles-cols_1 valign_top type_default stacking_default\"><div class=\"wpb_column vc_column_container\"><div class=\"vc_column-inner\"><div class=\"wpb_text_column\"><div class=\"wpb_wrapper\"><p style=\"text-align: justify;\"><span style=\"font-weight: 400;\">As atividades do Complexo de Piscinas compreendem Hidrogin\u00e1stica, Nata\u00e7\u00e3o Adulto e infantil e Inicia\u00e7\u00e3o Adulto e Infantil. A dura\u00e7\u00e3o das aulas variam de 30, 40 ou 50 minutos, de acordo com a atividade contratada pelo aluno. O Complexo disponibiliza de amplo hor\u00e1rio de atendimento, turmas reduzidas, tr\u00eas tamanhos de piscinas, vesti\u00e1rio familiar e ainda estacionamento gratuito conforme disponibilidade de vagas.<\/span><\/p>\n<p style=\"text-align: justify;\"><b>Agende sua aula experimental!<\/b><\/p>\n<p style=\"text-align: justify;\"><b>Hor\u00e1rio de funcionamento:<\/b><span style=\"font-weight: 400;\"> Segunda \u00e0 Quinta das 06:50 \u00e0s 19<\/span><span style=\"font-weight: 400;\">:00.<\/span><\/p>\n<p style=\"text-align: justify;\"><b>Modalidades:<\/b><span style=\"font-weight: 400;\"><br \/>\n<\/span><span style=\"font-weight: 400;\">Inicia\u00e7\u00e3o adulto e infantil<\/span><span style=\"font-weight: 400;\"><br \/>\n<\/span><span style=\"font-weight: 400;\">Nata\u00e7\u00e3o adulto e infantil<\/span><span style=\"font-weight: 400;\"><br \/>\n<\/span><span style=\"font-weight: 400;\">Hidrogin\u00e1stica<\/span><\/p>\n<p style=\"text-align: justify;\"><b>Conv\u00eanios<\/b><span style=\"font-weight: 400;\">:<\/span><\/p>\n<ul style=\"text-align: justify;\">\n<li style=\"font-weight: 400;\" aria-level=\"1\"><span style=\"font-weight: 400;\">Colaboradores Col\u00e9gio Santa Catarina e SantaTec;<\/span><\/li>\n<li style=\"font-weight: 400;\" aria-level=\"1\"><span style=\"font-weight: 400;\">Alunos do Col\u00e9gio Santa Catarina;<\/span><\/li>\n<li style=\"font-weight: 400;\" aria-level=\"1\"><span style=\"font-weight: 400;\">Pais de alunos do Col\u00e9gio Santa Catarina;<\/span><\/li>\n<li style=\"font-weight: 400;\" aria-level=\"1\"><span style=\"font-weight: 400;\">Funcion\u00e1rios do Hospital Regina;<\/span><\/li>\n<li style=\"font-weight: 400;\" aria-level=\"1\"><span style=\"font-weight: 400;\">Desconto para 2\u00ba familiar matriculado;<\/span><\/li>\n<li style=\"font-weight: 400;\" aria-level=\"1\"><span style=\"font-weight: 400;\">Sindilojas;<\/span><\/li>\n<li style=\"font-weight: 400;\" aria-level=\"1\"><span style=\"font-weight: 400;\">Krause;<\/span><\/li>\n<li style=\"font-weight: 400;\" aria-level=\"1\"><span style=\"font-weight: 400;\">SBF NH e Regi\u00e3o.<\/span><\/li>\n<\/ul>\n<p style=\"text-align: justify;\"><b>Parceria com o Col\u00e9gio Santa Catarina<\/b><\/p>\n<p style=\"text-align: justify;\"><span style=\"font-weight: 400;\">No Complexo de Piscinas, os alunos da Educa\u00e7\u00e3o Infantil ao Ensino Fundamental I t\u00eam a Nata\u00e7\u00e3o integrada ao curr\u00edculo escolar. Uma vez por semana, durante o hor\u00e1rio de aula, eles participam das aulas, desenvolvendo habilidades aqu\u00e1ticas, coordena\u00e7\u00e3o motora e confian\u00e7a na \u00e1gua, sempre com acompanhamento de profissionais especializados. Essa experi\u00eancia proporciona momentos de aprendizado, divers\u00e3o e bem-estar, tornando a pr\u00e1tica esportiva uma parte essencial da rotina escolar.<\/span><\/p>\n<p style=\"text-align: justify;\"><b>E-mail<\/b><span style=\"font-weight: 400;\">: piscina@colegiosantanh.com.br<br \/>\n<b>Fone: <\/b>\u00a0(51) 3581-1789<b><br \/>\nou<br \/>\n<a href=\"https:\/\/wa.link\/vefkyi\"><img loading=\"lazy\" decoding=\"async\" class=\"size-medium wp-image-1056 alignleft\" src=\"https:\/\/www.acsc.com.br\/santacatarina\/wp-content\/uploads\/sites\/2\/2025\/02\/btn-chamar-whatsapp-300x51.webp\" alt=\"\" width=\"300\" height=\"51\" srcset=\"https:\/\/www.acsc.com.br\/santacatarina\/wp-content\/uploads\/sites\/2\/2025\/02\/btn-chamar-whatsapp-300x51.webp 300w, https:\/\/www.acsc.com.br\/santacatarina\/wp-content\/uploads\/sites\/2\/2025\/02\/btn-chamar-whatsapp-1024x174.webp 1024w, https:\/\/www.acsc.com.br\/santacatarina\/wp-content\/uploads\/sites\/2\/2025\/02\/btn-chamar-whatsapp.webp 1414w\" sizes=\"auto, (max-width: 300px) 100vw, 300px\" \/><\/a><br \/>\n<\/b><\/span><\/p>\n<\/div><\/div><div class=\"w-separator size_medium\"><\/div><div class=\"w-image align_center\"><div class=\"w-image-h\"><img loading=\"lazy\" decoding=\"async\" width=\"682\" height=\"1024\" src=\"https:\/\/www.acsc.com.br\/santacatarina\/wp-content\/uploads\/sites\/2\/2026\/01\/Valores-Complexo-682x1024.png\" class=\"attachment-large size-large\" alt=\"\" srcset=\"https:\/\/www.acsc.com.br\/santacatarina\/wp-content\/uploads\/sites\/2\/2026\/01\/Valores-Complexo-682x1024.png 682w, https:\/\/www.acsc.com.br\/santacatarina\/wp-content\/uploads\/sites\/2\/2026\/01\/Valores-Complexo-200x300.png 200w, https:\/\/www.acsc.com.br\/santacatarina\/wp-content\/uploads\/sites\/2\/2026\/01\/Valores-Complexo.png 1181w\" sizes=\"auto, (max-width: 682px) 100vw, 682px\" \/><\/div><\/div><\/div><\/div><div class=\"wpb_column vc_column_container\"><div class=\"vc_column-inner\"><div class=\"w-image align_center\"><a href=\"https:\/\/www.acsc.com.br\/santacatarina\/wp-content\/uploads\/sites\/2\/2025\/02\/Complexo-1.jpg\" ref=\"magnificPopup\" aria-label=\"Link\" class=\"w-image-h\"><img loading=\"lazy\" decoding=\"async\" width=\"1024\" height=\"768\" src=\"https:\/\/www.acsc.com.br\/santacatarina\/wp-content\/uploads\/sites\/2\/2025\/02\/Complexo-1-1024x768.jpg\" class=\"attachment-large size-large\" alt=\"\" srcset=\"https:\/\/www.acsc.com.br\/santacatarina\/wp-content\/uploads\/sites\/2\/2025\/02\/Complexo-1-1024x768.jpg 1024w, https:\/\/www.acsc.com.br\/santacatarina\/wp-content\/uploads\/sites\/2\/2025\/02\/Complexo-1-300x225.jpg 300w, https:\/\/www.acsc.com.br\/santacatarina\/wp-content\/uploads\/sites\/2\/2025\/02\/Complexo-1.jpg 1200w\" sizes=\"auto, (max-width: 1024px) 100vw, 1024px\" \/><\/a><\/div><div class=\"w-separator size_small\"><\/div><div class=\"w-image align_center\"><a href=\"https:\/\/www.acsc.com.br\/santacatarina\/wp-content\/uploads\/sites\/2\/2025\/02\/Complexo-2.jpg\" ref=\"magnificPopup\" aria-label=\"Link\" class=\"w-image-h\"><img loading=\"lazy\" decoding=\"async\" width=\"1024\" height=\"768\" src=\"https:\/\/www.acsc.com.br\/santacatarina\/wp-content\/uploads\/sites\/2\/2025\/02\/Complexo-2-1024x768.jpg\" class=\"attachment-large size-large\" alt=\"\" srcset=\"https:\/\/www.acsc.com.br\/santacatarina\/wp-content\/uploads\/sites\/2\/2025\/02\/Complexo-2-1024x768.jpg 1024w, https:\/\/www.acsc.com.br\/santacatarina\/wp-content\/uploads\/sites\/2\/2025\/02\/Complexo-2-300x225.jpg 300w, https:\/\/www.acsc.com.br\/santacatarina\/wp-content\/uploads\/sites\/2\/2025\/02\/Complexo-2.jpg 1200w\" sizes=\"auto, (max-width: 1024px) 100vw, 1024px\" \/><\/a><\/div><div class=\"w-separator size_small\"><\/div><div class=\"w-image align_center\"><a href=\"https:\/\/www.acsc.com.br\/santacatarina\/wp-content\/uploads\/sites\/2\/2025\/02\/Complexo-3.jpg\" ref=\"magnificPopup\" aria-label=\"Link\" class=\"w-image-h\"><img loading=\"lazy\" decoding=\"async\" width=\"1024\" height=\"683\" src=\"https:\/\/www.acsc.com.br\/santacatarina\/wp-content\/uploads\/sites\/2\/2025\/02\/Complexo-3-1024x683.jpg\" class=\"attachment-large size-large\" alt=\"\" srcset=\"https:\/\/www.acsc.com.br\/santacatarina\/wp-content\/uploads\/sites\/2\/2025\/02\/Complexo-3-1024x683.jpg 1024w, https:\/\/www.acsc.com.br\/santacatarina\/wp-content\/uploads\/sites\/2\/2025\/02\/Complexo-3-300x200.jpg 300w, https:\/\/www.acsc.com.br\/santacatarina\/wp-content\/uploads\/sites\/2\/2025\/02\/Complexo-3.jpg 1200w\" sizes=\"auto, (max-width: 1024px) 100vw, 1024px\" \/><\/a><\/div><div class=\"w-separator size_small\"><\/div><div class=\"w-image align_center\"><a href=\"https:\/\/www.acsc.com.br\/santacatarina\/wp-content\/uploads\/sites\/2\/2025\/02\/Complexo-4.jpg\" ref=\"magnificPopup\" aria-label=\"Link\" class=\"w-image-h\"><img loading=\"lazy\" decoding=\"async\" width=\"1024\" height=\"683\" src=\"https:\/\/www.acsc.com.br\/santacatarina\/wp-content\/uploads\/sites\/2\/2025\/02\/Complexo-4-1024x683.jpg\" class=\"attachment-large size-large\" alt=\"\" srcset=\"https:\/\/www.acsc.com.br\/santacatarina\/wp-content\/uploads\/sites\/2\/2025\/02\/Complexo-4-1024x683.jpg 1024w, https:\/\/www.acsc.com.br\/santacatarina\/wp-content\/uploads\/sites\/2\/2025\/02\/Complexo-4-300x200.jpg 300w, https:\/\/www.acsc.com.br\/santacatarina\/wp-content\/uploads\/sites\/2\/2025\/02\/Complexo-4.jpg 1200w\" sizes=\"auto, (max-width: 1024px) 100vw, 1024px\" \/><\/a><\/div><div class=\"w-separator size_small\"><\/div><div class=\"w-image align_center\"><a href=\"https:\/\/www.acsc.com.br\/santacatarina\/wp-content\/uploads\/sites\/2\/2025\/02\/Complexo-5.jpg\" ref=\"magnificPopup\" aria-label=\"Link\" class=\"w-image-h\"><img loading=\"lazy\" decoding=\"async\" width=\"683\" height=\"1024\" src=\"https:\/\/www.acsc.com.br\/santacatarina\/wp-content\/uploads\/sites\/2\/2025\/02\/Complexo-5-683x1024.jpg\" class=\"attachment-large size-large\" alt=\"\" srcset=\"https:\/\/www.acsc.com.br\/santacatarina\/wp-content\/uploads\/sites\/2\/2025\/02\/Complexo-5-683x1024.jpg 683w, https:\/\/www.acsc.com.br\/santacatarina\/wp-content\/uploads\/sites\/2\/2025\/02\/Complexo-5-200x300.jpg 200w, https:\/\/www.acsc.com.br\/santacatarina\/wp-content\/uploads\/sites\/2\/2025\/02\/Complexo-5.jpg 1200w\" sizes=\"auto, (max-width: 683px) 100vw, 683px\" \/><\/a><\/div><div class=\"w-separator size_small\"><\/div><div class=\"w-image align_center\"><a href=\"https:\/\/www.acsc.com.br\/santacatarina\/wp-content\/uploads\/sites\/2\/2025\/02\/Complexo-6.jpg\" ref=\"magnificPopup\" aria-label=\"Link\" class=\"w-image-h\"><img loading=\"lazy\" decoding=\"async\" width=\"683\" height=\"1024\" src=\"https:\/\/www.acsc.com.br\/santacatarina\/wp-content\/uploads\/sites\/2\/2025\/02\/Complexo-6-683x1024.jpg\" class=\"attachment-large size-large\" alt=\"\" srcset=\"https:\/\/www.acsc.com.br\/santacatarina\/wp-content\/uploads\/sites\/2\/2025\/02\/Complexo-6-683x1024.jpg 683w, https:\/\/www.acsc.com.br\/santacatarina\/wp-content\/uploads\/sites\/2\/2025\/02\/Complexo-6-200x300.jpg 200w, https:\/\/www.acsc.com.br\/santacatarina\/wp-content\/uploads\/sites\/2\/2025\/02\/Complexo-6.jpg 1200w\" sizes=\"auto, (max-width: 683px) 100vw, 683px\" \/><\/a><\/div><\/div><\/div><\/div><\/div><\/section>\n","protected":false},"excerpt":{"rendered":"As atividades do Complexo de Piscinas compreendem Hidrogin\u00e1stica, Nata\u00e7\u00e3o Adulto e infantil e Inicia\u00e7\u00e3o Adulto e Infantil. A dura\u00e7\u00e3o das aulas variam de 30, 40 ou 50 minutos, de acordo com a atividade contratada pelo aluno. O Complexo disponibiliza de amplo hor\u00e1rio de atendimento, turmas reduzidas, tr\u00eas tamanhos de piscinas, vesti\u00e1rio familiar e ainda estacionamento...","protected":false},"author":1,"featured_media":0,"parent":0,"menu_order":0,"comment_status":"closed","ping_status":"closed","template":"","meta":{"_acf_changed":false,"footnotes":""},"class_list":["post-258","page","type-page","status-publish","hentry"],"acf":[],"_links":{"self":[{"href":"https:\/\/www.acsc.com.br\/santacatarina\/wp-json\/wp\/v2\/pages\/258","targetHints":{"allow":["GET"]}}],"collection":[{"href":"https:\/\/www.acsc.com.br\/santacatarina\/wp-json\/wp\/v2\/pages"}],"about":[{"href":"https:\/\/www.acsc.com.br\/santacatarina\/wp-json\/wp\/v2\/types\/page"}],"author":[{"embeddable":true,"href":"https:\/\/www.acsc.com.br\/santacatarina\/wp-json\/wp\/v2\/users\/1"}],"replies":[{"embeddable":true,"href":"https:\/\/www.acsc.com.br\/santacatarina\/wp-json\/wp\/v2\/comments?post=258"}],"version-history":[{"count":14,"href":"https:\/\/www.acsc.com.br\/santacatarina\/wp-json\/wp\/v2\/pages\/258\/revisions"}],"predecessor-version":[{"id":1536,"href":"https:\/\/www.acsc.com.br\/santacatarina\/wp-json\/wp\/v2\/pages\/258\/revisions\/1536"}],"wp:attachment":[{"href":"https:\/\/www.acsc.com.br\/santacatarina\/wp-json\/wp\/v2\/media?parent=258"}],"curies":[{"name":"wp","href":"https:\/\/api.w.org\/{rel}","templated":true}]}}