{"id":20,"date":"2023-03-25T09:00:56","date_gmt":"2023-03-25T12:00:56","guid":{"rendered":"https:\/\/www.acsc.com.br\/santacatarina\/?page_id=20"},"modified":"2025-04-16T19:54:13","modified_gmt":"2025-04-16T22:54:13","slug":"normas","status":"publish","type":"page","link":"https:\/\/www.acsc.com.br\/santacatarina\/normas\/","title":{"rendered":"Normas"},"content":{"rendered":"<section class=\"l-section wpb_row height_medium\"><div class=\"l-section-h i-cf\"><div class=\"g-cols vc_row via_grid cols_1 laptops-cols_inherit tablets-cols_inherit mobiles-cols_1 valign_top type_default stacking_default\"><div class=\"wpb_column vc_column_container\"><div class=\"vc_column-inner\"><div class=\"wpb_text_column\"><div class=\"wpb_wrapper\"><p style=\"text-align: justify;\"><strong> Uso do celular<\/strong><\/p>\n<p style=\"text-align: justify;\"><span style=\"font-weight: 400;\">Celular, tablet, notebook e fones de ouvido do aluno, s\u00f3 ser\u00e3o permitidos, em sala de aula, quando utilizados como recursos pedag\u00f3gicos, solicitados e orientados pelo professor. O aluno que descumprir esta normativa, ser\u00e1 encaminhado ao CIPE para devidas condu\u00e7\u00f5es.<\/span><\/p>\n<p style=\"text-align: justify;\"><strong>Uniformes<\/strong><\/p>\n<p style=\"text-align: justify;\"><span style=\"font-weight: 400;\">Para a seguran\u00e7a dos alunos, \u00e9 obrigat\u00f3rio o uso do uniforme escolar completo em todas as atividades. Os uniformes dos projetos escolares n\u00e3o poder\u00e3o ser usados no hor\u00e1rio normal de aula, bem como camisetas de times.<\/span><\/p>\n<p style=\"text-align: justify;\"><span style=\"font-weight: 400;\">Camisetas de turma s\u00f3 ser\u00e3o permitidas aos alunos de 9\u00ba ano do EF e para os alunos da 3\u00ba s\u00e9rie do EM, moletom, ap\u00f3s aprova\u00e7\u00e3o do CIPE. Ser\u00e1 autorizada outras vestimentas em atividades escolares espec\u00edficas previamente combinadas com o CIPE e informadas.<\/span><\/p>\n<p style=\"text-align: justify;\"><strong>Troca entre per\u00edodos<\/strong><\/p>\n<p style=\"text-align: justify;\"><span style=\"font-weight: 400;\">Durante a troca dos professores, entre os per\u00edodos de aula, o aluno dever\u00e1 permanecer em sala ou dirigir-se diretamente \u00e0 sala espec\u00edfica. No caso de atrasos ap\u00f3s 5 min, o aluno ser\u00e1 conduzido \u00e0 disciplina.<\/span><\/p>\n<p style=\"text-align: justify;\"><strong>Alimenta\u00e7\u00e3o<\/strong><\/p>\n<p style=\"text-align: justify;\"><span style=\"font-weight: 400;\">N\u00e3o \u00e9 permitido consumir lanches em sala de aula, com exce\u00e7\u00e3o dos alunos da Educa\u00e7\u00e3o Infantil ao 4\u00ba ano, em hor\u00e1rio espec\u00edfico, acompanhados de suas professoras.<\/span><\/p>\n<p style=\"text-align: justify;\"><span style=\"font-weight: 400;\">Os lanches coletivos devem ser previamente autorizados e combinados com o CIPE. A escola incentiva a todos que os lanches trazidos de casa devem ser saud\u00e1veis.<\/span><\/p>\n<p style=\"text-align: justify;\"><strong>Recreios<\/strong><\/p>\n<p style=\"text-align: justify;\"><span style=\"font-weight: 400;\">Os recreios acontecem nos p\u00e1tios do Col\u00e9gio: p\u00e1tio das Bandeiras, p\u00e1tio da Letras, entorno da cantina, embaixo do gin\u00e1sio e em dias de chuva, no gin\u00e1sio. Os recreios s\u00e3o monitorados pelo SOD, disciplinadores que atendem os alunos em casos de incidentes e conflitos. S\u00e3o disponibilizados alguns materiais pedag\u00f3gicos para serem usufru\u00eddos pelos alunos ( cordas, bolas, bambol\u00eas, vai e vem , etc&#8230;).<\/span><\/p>\n<p><strong>Normas disciplinares<\/strong><\/p>\n<p style=\"text-align: justify;\"><span style=\"font-weight: 400;\">O aluno, no in\u00edcio do ano letivo, recebe explica\u00e7\u00f5es sobre como deve ser a sua postura no espa\u00e7o escolar. Entende-se como \u201cpostura escolar\u201d o educando que busca, por meio de uma conviv\u00eancia fraterna, solucionar os problemas com o di\u00e1logo, e que respeita as normas do Col\u00e9gio, demonstrando comprometimento com os estudos. As normas disciplinares apresentadas devem ser cumpridas para que haja bom andamento das atividades. Se forem descumpridas, o respons\u00e1vel pelo aluno ser\u00e1 notificado pelo Servi\u00e7o de Orienta\u00e7\u00e3o Disciplinar (SOD) e pelo Centro Integrado Pedag\u00f3gico (CIPE), conforme o Regimento Escolar vigente.<\/span><\/p>\n<\/div><\/div><\/div><\/div><\/div><\/div><\/section>\n","protected":false},"excerpt":{"rendered":"Uso do celular Celular, tablet, notebook e fones de ouvido do aluno, s\u00f3 ser\u00e3o permitidos, em sala de aula, quando utilizados como recursos pedag\u00f3gicos, solicitados e orientados pelo professor. O aluno que descumprir esta normativa, ser\u00e1 encaminhado ao CIPE para devidas condu\u00e7\u00f5es. Uniformes Para a seguran\u00e7a dos alunos, \u00e9 obrigat\u00f3rio o uso do uniforme escolar...","protected":false},"author":1,"featured_media":0,"parent":0,"menu_order":0,"comment_status":"closed","ping_status":"closed","template":"","meta":{"_acf_changed":false,"footnotes":""},"class_list":["post-20","page","type-page","status-publish","hentry"],"acf":[],"_links":{"self":[{"href":"https:\/\/www.acsc.com.br\/santacatarina\/wp-json\/wp\/v2\/pages\/20","targetHints":{"allow":["GET"]}}],"collection":[{"href":"https:\/\/www.acsc.com.br\/santacatarina\/wp-json\/wp\/v2\/pages"}],"about":[{"href":"https:\/\/www.acsc.com.br\/santacatarina\/wp-json\/wp\/v2\/types\/page"}],"author":[{"embeddable":true,"href":"https:\/\/www.acsc.com.br\/santacatarina\/wp-json\/wp\/v2\/users\/1"}],"replies":[{"embeddable":true,"href":"https:\/\/www.acsc.com.br\/santacatarina\/wp-json\/wp\/v2\/comments?post=20"}],"version-history":[{"count":8,"href":"https:\/\/www.acsc.com.br\/santacatarina\/wp-json\/wp\/v2\/pages\/20\/revisions"}],"predecessor-version":[{"id":1164,"href":"https:\/\/www.acsc.com.br\/santacatarina\/wp-json\/wp\/v2\/pages\/20\/revisions\/1164"}],"wp:attachment":[{"href":"https:\/\/www.acsc.com.br\/santacatarina\/wp-json\/wp\/v2\/media?parent=20"}],"curies":[{"name":"wp","href":"https:\/\/api.w.org\/{rel}","templated":true}]}}