{"id":52,"date":"2023-03-30T12:02:50","date_gmt":"2023-03-30T15:02:50","guid":{"rendered":"https:\/\/www.acsc.com.br\/imaculado\/?page_id=52"},"modified":"2023-04-18T15:28:15","modified_gmt":"2023-04-18T18:28:15","slug":"turno-inverso","status":"publish","type":"page","link":"https:\/\/www.acsc.com.br\/imaculado\/turno-inverso\/","title":{"rendered":"Turno Inverso"},"content":{"rendered":"<section class=\"l-section wpb_row height_medium\"><div class=\"l-section-h i-cf\"><div class=\"g-cols vc_row via_grid cols_1 laptops-cols_inherit tablets-cols_inherit mobiles-cols_1 valign_top type_default stacking_default\"><div class=\"wpb_column vc_column_container\"><div class=\"vc_column-inner\"><div class=\"wpb_text_column\"><div class=\"wpb_wrapper\"><p><span style=\"font-weight: 400;\">O Turno Inverso atende crian\u00e7as da Educa\u00e7\u00e3o Infantil (de 1 a 5 anos) e tem como objetivo oferecer atividades l\u00fadicas e recreativas. Na hora da matr\u00edcula, a fam\u00edlia opta por 3, 4 ou 5 dias por semana, nos quais o educando frequentar\u00e1 o Turno Inverso.<\/span><\/p>\n<p>&nbsp;<\/p>\n<p><strong>Atividades desenvolvidas:<\/strong><\/p>\n<p>&nbsp;<\/p>\n<p><span style=\"font-weight: 400;\">&#8211; Arte<br \/>\n<\/span><span style=\"font-weight: 400;\">&#8211; Culin\u00e1ria<br \/>\n<\/span><span style=\"font-weight: 400;\">&#8211; Atividades F\u00edsicas<br \/>\n<\/span><span style=\"font-weight: 400;\">&#8211; Hora do Conto<br \/>\n<\/span><span style=\"font-weight: 400;\">&#8211; Inform\u00e1tica Recreativa<br \/>\n<\/span><span style=\"font-weight: 400;\">&#8211; M\u00fasica<br \/>\n<\/span><span style=\"font-weight: 400;\">&#8211; Recrea\u00e7\u00e3o em diferentes espa\u00e7os (p\u00e1tio, quadra, pracinha de areia, etc&#8230;)<\/span><\/p>\n<p>&nbsp;<\/p>\n<p><b>Arte:<\/b><\/p>\n<ul>\n<li style=\"font-weight: 400;\" aria-level=\"1\"><span style=\"font-weight: 400;\">Interagir com materiais, instrumentos e procedimentos variados em artes &#8211; Artes Visuais, Dan\u00e7a, M\u00fasica, Teatro, experimentando-os e conhecendo-os para utiliz\u00e1-los nos trabalhos pessoais, articulando a percep\u00e7\u00e3o, a imagina\u00e7\u00e3o, a emo\u00e7\u00e3o, a sensibilidade e a reflex\u00e3o ao realizar produ\u00e7\u00f5es art\u00edsticas.<\/span><\/li>\n<\/ul>\n<p>&nbsp;<\/p>\n<p><b>Culin\u00e1ria:<\/b><\/p>\n<ul>\n<li style=\"font-weight: 400;\" aria-level=\"1\"><span style=\"font-weight: 400;\">Apreciar a arte da culin\u00e1ria, fazendo diversas receitas, degustando os alimentos feitos<\/span><\/li>\n<li style=\"font-weight: 400;\" aria-level=\"1\"><span style=\"font-weight: 400;\">\u00a0Explorar os utens\u00edlios que s\u00e3o utilizados na prepara\u00e7\u00e3o dos alimentos.<\/span><\/li>\n<li style=\"font-weight: 400;\" aria-level=\"1\"><span style=\"font-weight: 400;\">Identificar a origem dos ingredientes utilizados nos preparos dos alimentos.<\/span><\/li>\n<li style=\"font-weight: 400;\" aria-level=\"1\"><span style=\"font-weight: 400;\">Verificar as quantidades de ingredientes necess\u00e1rias<\/span><\/li>\n<li style=\"font-weight: 400;\" aria-level=\"1\"><span style=\"font-weight: 400;\">Visualizar livros, revistas e jornais com receitas.<\/span><\/li>\n<li style=\"font-weight: 400;\" aria-level=\"1\"><span style=\"font-weight: 400;\">Estimular h\u00e1bitos saud\u00e1veis tamb\u00e9m em casa.<\/span><\/li>\n<li style=\"font-weight: 400;\" aria-level=\"1\"><span style=\"font-weight: 400;\">Mensurar\u00a0a for\u00e7a ao quebrar um ovo ou encher uma x\u00edcara de farinha.\u00a0<\/span><\/li>\n<li style=\"font-weight: 400;\" aria-level=\"1\"><span style=\"font-weight: 400;\">Observar\u00a0as transforma\u00e7\u00f5es ocorridas na mistura quando mexemos ou batemos em batedeira\/liquidificador.\u00a0<\/span><\/li>\n<li style=\"font-weight: 400;\" aria-level=\"1\"><span style=\"font-weight: 400;\">Sentir\u00a0a temperatura quando sai do forno ou geladeira.<\/span><\/li>\n<li style=\"font-weight: 400;\" aria-level=\"1\"><span style=\"font-weight: 400;\">\u00a0Identificar\u00a0a quantidade dos ingredientes.<\/span><\/li>\n<li style=\"font-weight: 400;\" aria-level=\"1\"><span style=\"font-weight: 400;\">\u00a0Reconhecer\u00a0os s\u00edmbolos num\u00e9ricos que aparecem ou quando falamos\u00a0(falar)\u00a0da import\u00e2ncia da alimenta\u00e7\u00e3o saud\u00e1vel.<\/span><\/li>\n<\/ul>\n<p><b>Atividades F\u00edsicas:<\/b><\/p>\n<ul>\n<li style=\"font-weight: 400;\" aria-level=\"1\"><span style=\"font-weight: 400;\">Despertar nos alunos o interesse em envolver-se com as atividades e exerc\u00edcios corporais criando conviv\u00eancias harmoniosas e construtivas com outros cidad\u00e3os.<\/span><\/li>\n<li style=\"font-weight: 400;\" aria-level=\"1\"><span style=\"font-weight: 400;\">Reconhecer e respeitar as caracter\u00edsticas f\u00edsicas e desempenho de si pr\u00f3prio e de outros indiv\u00edduos.<\/span><\/li>\n<li style=\"font-weight: 400;\" aria-level=\"1\"><span style=\"font-weight: 400;\">Favorecer o desenvolvimento motor.<\/span><\/li>\n<li style=\"font-weight: 400;\" aria-level=\"1\"><span style=\"font-weight: 400;\">Contribuir para que o aluno se expresse melhor.<\/span><\/li>\n<li style=\"font-weight: 400;\" aria-level=\"1\"><span style=\"font-weight: 400;\">Ajudar o aluno a conhecer e a compreender as mudan\u00e7as e o limite do pr\u00f3prio corpo.<\/span><\/li>\n<li style=\"font-weight: 400;\" aria-level=\"1\"><span style=\"font-weight: 400;\">Reduzir o estresse e as press\u00f5es do dia a dia.<\/span><\/li>\n<li style=\"font-weight: 400;\" aria-level=\"1\"><span style=\"font-weight: 400;\">Cooperar para um estilo de vida melhor;<\/span><\/li>\n<\/ul>\n<p><b>Hora do Conto:<\/b><\/p>\n<ul>\n<li style=\"font-weight: 400;\" aria-level=\"1\"><span style=\"font-weight: 400;\">A hora do conto destina-se a divulgar a leitura, estimular o gosto pela mesma, proporcionando momentos de alegria, descontra\u00e7\u00e3o e desenvolvimento intelectual e moral, durante o manejo dos livros.<\/span><\/li>\n<\/ul>\n<p><b>Inform\u00e1tica Recreativa:<\/b><\/p>\n<ul>\n<li style=\"font-weight: 400;\" aria-level=\"1\"><span style=\"font-weight: 400;\">Aprender de forma l\u00fadica<\/span><\/li>\n<li style=\"font-weight: 400;\" aria-level=\"1\"><span style=\"font-weight: 400;\">Estimular a concentra\u00e7\u00e3o<\/span><\/li>\n<li style=\"font-weight: 400;\" aria-level=\"1\"><span style=\"font-weight: 400;\">Desenvolver o racioc\u00ednio l\u00f3gico<\/span><\/li>\n<li style=\"font-weight: 400;\" aria-level=\"1\"><span style=\"font-weight: 400;\">Despertar a crian\u00e7a para novos conhecimentos<\/span><\/li>\n<li style=\"font-weight: 400;\" aria-level=\"1\"><span style=\"font-weight: 400;\">Adquirir autonomia<\/span><\/li>\n<\/ul>\n<p><b>M\u00fasica:<\/b><\/p>\n<ul>\n<li style=\"font-weight: 400;\" aria-level=\"1\"><span style=\"font-weight: 400;\">A musicaliza\u00e7\u00e3o \u00e9 fundamental para o desenvolvimento cognitivo, lingu\u00edstico e social dos pequenos, al\u00e9m de estimular a criatividade, a capacidade r\u00edtmica e a coordena\u00e7\u00e3o dos seus movimentos.<\/span><\/li>\n<\/ul>\n<p><b>Recrea\u00e7\u00e3o em Diferentes Espa\u00e7os:<\/b><\/p>\n<ul>\n<li style=\"font-weight: 400;\" aria-level=\"1\"><span style=\"font-weight: 400;\">Auxiliar os alunos a conhecer e compreender os diferentes espa\u00e7os<\/span><\/li>\n<li style=\"font-weight: 400;\" aria-level=\"1\"><span style=\"font-weight: 400;\">Despertar curiosidade e explora\u00e7\u00e3o de ambientes diferenciados<\/span><\/li>\n<li style=\"font-weight: 400;\" aria-level=\"1\"><span style=\"font-weight: 400;\">Conv\u00edvio e socializa\u00e7\u00e3o<\/span><\/li>\n<li style=\"font-weight: 400;\" aria-level=\"1\"><span style=\"font-weight: 400;\">Coordena\u00e7\u00e3o motora e no\u00e7\u00e3o de espa\u00e7o<\/span><\/li>\n<\/ul>\n<\/div><\/div><\/div><\/div><\/div><\/div><\/section><section class=\"l-section wpb_row height_medium\"><div class=\"l-section-h i-cf\"><div class=\"g-cols vc_row via_grid cols_1 laptops-cols_inherit tablets-cols_inherit mobiles-cols_1 valign_top type_default stacking_default\"><div class=\"wpb_column vc_column_container\"><div class=\"vc_column-inner\"><div class=\"w-separator size_medium\"><\/div>[vc_images_carousel images=&#8221;127,128&#8243; img_size=&#8221;large&#8221; wrap=&#8221;yes&#8221;]<\/div><\/div><\/div><\/div><\/section>\n","protected":false},"excerpt":{"rendered":"O Turno Inverso atende crian\u00e7as da Educa\u00e7\u00e3o Infantil (de 1 a 5 anos) e tem como objetivo oferecer atividades l\u00fadicas e recreativas. Na hora da matr\u00edcula, a fam\u00edlia opta por 3, 4 ou 5 dias por semana, nos quais o educando frequentar\u00e1 o Turno Inverso. &nbsp; Atividades desenvolvidas: &nbsp; &#8211; Arte &#8211; Culin\u00e1ria &#8211; Atividades...","protected":false},"author":1,"featured_media":0,"parent":0,"menu_order":0,"comment_status":"closed","ping_status":"closed","template":"","meta":{"_acf_changed":false,"footnotes":""},"class_list":["post-52","page","type-page","status-publish","hentry"],"acf":[],"_links":{"self":[{"href":"https:\/\/www.acsc.com.br\/imaculado\/wp-json\/wp\/v2\/pages\/52","targetHints":{"allow":["GET"]}}],"collection":[{"href":"https:\/\/www.acsc.com.br\/imaculado\/wp-json\/wp\/v2\/pages"}],"about":[{"href":"https:\/\/www.acsc.com.br\/imaculado\/wp-json\/wp\/v2\/types\/page"}],"author":[{"embeddable":true,"href":"https:\/\/www.acsc.com.br\/imaculado\/wp-json\/wp\/v2\/users\/1"}],"replies":[{"embeddable":true,"href":"https:\/\/www.acsc.com.br\/imaculado\/wp-json\/wp\/v2\/comments?post=52"}],"version-history":[{"count":5,"href":"https:\/\/www.acsc.com.br\/imaculado\/wp-json\/wp\/v2\/pages\/52\/revisions"}],"predecessor-version":[{"id":130,"href":"https:\/\/www.acsc.com.br\/imaculado\/wp-json\/wp\/v2\/pages\/52\/revisions\/130"}],"wp:attachment":[{"href":"https:\/\/www.acsc.com.br\/imaculado\/wp-json\/wp\/v2\/media?parent=52"}],"curies":[{"name":"wp","href":"https:\/\/api.w.org\/{rel}","templated":true}]}}