{"id":42,"date":"2023-03-30T12:01:39","date_gmt":"2023-03-30T15:01:39","guid":{"rendered":"https:\/\/www.acsc.com.br\/imaculado\/?page_id=42"},"modified":"2023-05-26T11:15:32","modified_gmt":"2023-05-26T14:15:32","slug":"educacao-infantil","status":"publish","type":"page","link":"https:\/\/www.acsc.com.br\/imaculado\/educacao-infantil\/","title":{"rendered":"Educa\u00e7\u00e3o Infantil"},"content":{"rendered":"<section class=\"l-section wpb_row height_medium\"><div class=\"l-section-h i-cf\"><div class=\"g-cols vc_row via_grid cols_1 laptops-cols_inherit tablets-cols_inherit mobiles-cols_1 valign_top type_default stacking_default\"><div class=\"wpb_column vc_column_container\"><div class=\"vc_column-inner\"><div class=\"wpb_text_column\"><div class=\"wpb_wrapper\"><p><span style=\"font-weight: 400;\">\u00c9 na escola que\u00a0as crian\u00e7as constroem uma base de convivio social al\u00e9m da familia, Na educa\u00e7\u00e3o infantil \u00a0aprimoram h\u00e1bitos saud\u00e1veis,\u00a0desenvolvem habilidades fundamentais \u00e0 forma\u00e7\u00e3o humana, al\u00e9m das capacidades cognitivas e motoras. Com embasamento no acordo com a BNCC, a educa\u00e7\u00e3o infantil trabalha de forma ludica, as motricidades fina e ampla, a percep\u00e7\u00e3o e a capacidade de foco e concentra\u00e7\u00e3o, as capacidades lingu\u00edsticas e do senso moral, al\u00e9m de outras caracter\u00edsticas importantes, como a autoestima.<\/span><\/p>\n<\/div><\/div><div class=\"w-separator size_medium\"><\/div><div class=\"w-slider style_none fit_cover\"><div class=\"w-slider-h\"><div class=\"royalSlider\"><div class=\"rsContent\"><a class=\"rsImg\" data-rsw=\"1000\" data-rsh=\"750\" href=\"https:\/\/www.acsc.com.br\/imaculado\/wp-content\/uploads\/sites\/6\/2023\/04\/WhatsApp-Image-2023-03-30-at-09.41.32-1.jpeg\"><span data-alt=\"\"><\/span><\/a><\/div><div class=\"rsContent\"><a class=\"rsImg\" data-rsw=\"1000\" data-rsh=\"564\" href=\"https:\/\/www.acsc.com.br\/imaculado\/wp-content\/uploads\/sites\/6\/2023\/04\/P1300698.jpg\"><span data-alt=\"\"><\/span><\/a><\/div><div class=\"rsContent\"><a class=\"rsImg\" data-rsw=\"1000\" data-rsh=\"750\" href=\"https:\/\/www.acsc.com.br\/imaculado\/wp-content\/uploads\/sites\/6\/2023\/04\/IMG-20230303-WA0021.jpg\"><span data-alt=\"\"><\/span><\/a><\/div><div class=\"rsContent\"><a class=\"rsImg\" data-rsw=\"771\" data-rsh=\"1024\" href=\"https:\/\/www.acsc.com.br\/imaculado\/wp-content\/uploads\/sites\/6\/2023\/04\/1680199460990-771x1024.jpg\"><span data-alt=\"\"><\/span><\/a><\/div><div class=\"rsContent\"><a class=\"rsImg\" data-rsw=\"1000\" data-rsh=\"562\" href=\"https:\/\/www.acsc.com.br\/imaculado\/wp-content\/uploads\/sites\/6\/2023\/04\/P1300702.jpg\"><span data-alt=\"\"><\/span><\/a><\/div><div class=\"rsContent\"><a class=\"rsImg\" data-rsw=\"1000\" data-rsh=\"750\" href=\"https:\/\/www.acsc.com.br\/imaculado\/wp-content\/uploads\/sites\/6\/2023\/04\/20230316_144049.jpg\"><span data-alt=\"\"><\/span><\/a><\/div><\/div><img decoding=\"async\" src=\"https:\/\/www.acsc.com.br\/imaculado\/wp-content\/uploads\/sites\/6\/2023\/04\/WhatsApp-Image-2023-03-30-at-09.41.32-1.jpeg\" width=\"1000\" height=\"750\" alt loading=\"lazy\"><\/div><div class=\"w-slider-json\" onclick='return {&quot;autoScaleSlider&quot;:true,&quot;loop&quot;:true,&quot;fadeInLoadedSlide&quot;:false,&quot;slidesSpacing&quot;:0,&quot;imageScalePadding&quot;:0,&quot;numImagesToPreload&quot;:2,&quot;arrowsNav&quot;:true,&quot;arrowsNavAutoHide&quot;:false,&quot;transitionType&quot;:&quot;move&quot;,&quot;transitionSpeed&quot;:250,&quot;block&quot;:{&quot;moveEffect&quot;:&quot;none&quot;,&quot;speed&quot;:300},&quot;thumbs&quot;:{&quot;fitInViewport&quot;:false},&quot;controlNavigation&quot;:&quot;none&quot;,&quot;imageScaleMode&quot;:&quot;fill&quot;,&quot;autoScaleSliderWidth&quot;:1000,&quot;autoScaleSliderHeight&quot;:750}'><\/div><\/div><\/div><\/div><\/div><\/div><\/section>\n","protected":false},"excerpt":{"rendered":"\u00c9 na escola que\u00a0as crian\u00e7as constroem uma base de convivio social al\u00e9m da familia, Na educa\u00e7\u00e3o infantil \u00a0aprimoram h\u00e1bitos saud\u00e1veis,\u00a0desenvolvem habilidades fundamentais \u00e0 forma\u00e7\u00e3o humana, al\u00e9m das capacidades cognitivas e motoras. Com embasamento no acordo com a BNCC, a educa\u00e7\u00e3o infantil trabalha de forma ludica, as motricidades fina e ampla, a percep\u00e7\u00e3o e a capacidade...","protected":false},"author":1,"featured_media":0,"parent":0,"menu_order":0,"comment_status":"closed","ping_status":"closed","template":"","meta":{"_acf_changed":false,"footnotes":""},"class_list":["post-42","page","type-page","status-publish","hentry"],"acf":[],"_links":{"self":[{"href":"https:\/\/www.acsc.com.br\/imaculado\/wp-json\/wp\/v2\/pages\/42","targetHints":{"allow":["GET"]}}],"collection":[{"href":"https:\/\/www.acsc.com.br\/imaculado\/wp-json\/wp\/v2\/pages"}],"about":[{"href":"https:\/\/www.acsc.com.br\/imaculado\/wp-json\/wp\/v2\/types\/page"}],"author":[{"embeddable":true,"href":"https:\/\/www.acsc.com.br\/imaculado\/wp-json\/wp\/v2\/users\/1"}],"replies":[{"embeddable":true,"href":"https:\/\/www.acsc.com.br\/imaculado\/wp-json\/wp\/v2\/comments?post=42"}],"version-history":[{"count":7,"href":"https:\/\/www.acsc.com.br\/imaculado\/wp-json\/wp\/v2\/pages\/42\/revisions"}],"predecessor-version":[{"id":185,"href":"https:\/\/www.acsc.com.br\/imaculado\/wp-json\/wp\/v2\/pages\/42\/revisions\/185"}],"wp:attachment":[{"href":"https:\/\/www.acsc.com.br\/imaculado\/wp-json\/wp\/v2\/media?parent=42"}],"curies":[{"name":"wp","href":"https:\/\/api.w.org\/{rel}","templated":true}]}}