{"id":36,"date":"2023-03-30T12:01:14","date_gmt":"2023-03-30T15:01:14","guid":{"rendered":"https:\/\/www.acsc.com.br\/imaculado\/?page_id=36"},"modified":"2023-08-10T10:09:26","modified_gmt":"2023-08-10T13:09:26","slug":"metodologia","status":"publish","type":"page","link":"https:\/\/www.acsc.com.br\/imaculado\/metodologia\/","title":{"rendered":"Metodologia"},"content":{"rendered":"<p style=\"text-align: justify;\"><span style=\"font-weight: 400;\">A Escola de Educa\u00e7\u00e3o Infantil Imaculado Cora\u00e7\u00e3o de Maria segue a Base Nacional Comum Curricular, utilizando os campos de experi\u00eancias, mantendo como centro da pr\u00e1tica pedag\u00f3gica os alunos e tendo como finalidade o desenvolvimento integral da crian\u00e7a de at\u00e9 5 anos, em seus aspectos f\u00edsico, psicol\u00f3gico, intelectual e social.<\/span><\/p>\n","protected":false},"excerpt":{"rendered":"<p>A Escola de Educa\u00e7\u00e3o Infantil Imaculado Cora\u00e7\u00e3o de Maria segue a Base Nacional Comum Curricular, utilizando os campos de experi\u00eancias, mantendo como centro da pr\u00e1tica pedag\u00f3gica os alunos e tendo como finalidade o desenvolvimento integral da crian\u00e7a de at\u00e9 5 anos, em seus aspectos f\u00edsico, psicol\u00f3gico, intelectual e social.<\/p>\n","protected":false},"author":1,"featured_media":0,"parent":0,"menu_order":0,"comment_status":"closed","ping_status":"closed","template":"","meta":{"_acf_changed":false,"footnotes":""},"class_list":["post-36","page","type-page","status-publish","hentry"],"acf":[],"_links":{"self":[{"href":"https:\/\/www.acsc.com.br\/imaculado\/wp-json\/wp\/v2\/pages\/36","targetHints":{"allow":["GET"]}}],"collection":[{"href":"https:\/\/www.acsc.com.br\/imaculado\/wp-json\/wp\/v2\/pages"}],"about":[{"href":"https:\/\/www.acsc.com.br\/imaculado\/wp-json\/wp\/v2\/types\/page"}],"author":[{"embeddable":true,"href":"https:\/\/www.acsc.com.br\/imaculado\/wp-json\/wp\/v2\/users\/1"}],"replies":[{"embeddable":true,"href":"https:\/\/www.acsc.com.br\/imaculado\/wp-json\/wp\/v2\/comments?post=36"}],"version-history":[{"count":2,"href":"https:\/\/www.acsc.com.br\/imaculado\/wp-json\/wp\/v2\/pages\/36\/revisions"}],"predecessor-version":[{"id":192,"href":"https:\/\/www.acsc.com.br\/imaculado\/wp-json\/wp\/v2\/pages\/36\/revisions\/192"}],"wp:attachment":[{"href":"https:\/\/www.acsc.com.br\/imaculado\/wp-json\/wp\/v2\/media?parent=36"}],"curies":[{"name":"wp","href":"https:\/\/api.w.org\/{rel}","templated":true}]}}