{"id":34,"date":"2023-03-30T12:01:03","date_gmt":"2023-03-30T15:01:03","guid":{"rendered":"https:\/\/www.acsc.com.br\/imaculado\/?page_id=34"},"modified":"2023-04-17T18:43:36","modified_gmt":"2023-04-17T21:43:36","slug":"sobre-a-unidade","status":"publish","type":"page","link":"https:\/\/www.acsc.com.br\/imaculado\/sobre-a-unidade\/","title":{"rendered":"Sobre a Unidade"},"content":{"rendered":"<p><span style=\"font-weight: 400;\">O primeiro ano escolar funcionou com\u00a0 54 alunos matriculados. Em 1955, as Irm\u00e3s estabeleceram-se definitivamente em Sapiranga, sendo nesta \u00e9poca Irm\u00e3 Maria de Paula Scheid, a Diretora.<\/span><\/p>\n<p><span style=\"font-weight: 400;\">Em 1957 deu-se in\u00edcio \u00e0s obras do pr\u00e9dio da Escola que foi inaugurado em mar\u00e7o de 1958.<\/span><\/p>\n<p><span style=\"font-weight: 400;\">A amplia\u00e7\u00e3o da Escola deu-se em 1993, com mais 7 salas de aula, biblioteca, \u00e1rea coberta e outras depend\u00eancias.<\/span><\/p>\n<p><span style=\"font-weight: 400;\">A implanta\u00e7\u00e3o desse sistema administrativo tem como objetivo dar continuidade ao trabalho educacional que vem sendo realizado na escola, fortalecendo o processo da tomada de decis\u00f5es, conectando-as com os princ\u00edpios da Governan\u00e7a Corporativa, modelo que a Entidade Gestora adota desde o ano de 2006.<\/span><\/p>\n<p><span style=\"font-weight: 400;\">Em 2021, ap\u00f3s 69 anos de contribui\u00e7\u00e3o na educa\u00e7\u00e3o de muitas crian\u00e7as e adolescentes sapiranguenses, a institui\u00e7\u00e3o direcionou o foco para o p\u00fablica infantil, passando a atender somente alunos de 1 a 5 anos.<\/span><\/p>\n<p><span style=\"font-weight: 400;\">Desta forma, a escola agora passou a ser designada de Escola de Educa\u00e7\u00e3o Infantil Imaculado Cora\u00e7\u00e3o de Maria.<\/span><\/p>\n","protected":false},"excerpt":{"rendered":"<p>O primeiro ano escolar funcionou com\u00a0 54 alunos matriculados. Em 1955, as Irm\u00e3s estabeleceram-se definitivamente em Sapiranga, sendo nesta \u00e9poca Irm\u00e3 Maria de Paula Scheid, a Diretora. Em 1957 deu-se in\u00edcio \u00e0s obras do pr\u00e9dio da Escola que foi inaugurado em mar\u00e7o de 1958. A amplia\u00e7\u00e3o da Escola deu-se em 1993, com mais 7 salas&#8230;<\/p>\n","protected":false},"author":1,"featured_media":0,"parent":0,"menu_order":0,"comment_status":"closed","ping_status":"closed","template":"","meta":{"_acf_changed":false,"footnotes":""},"class_list":["post-34","page","type-page","status-publish","hentry"],"acf":[],"_links":{"self":[{"href":"https:\/\/www.acsc.com.br\/imaculado\/wp-json\/wp\/v2\/pages\/34","targetHints":{"allow":["GET"]}}],"collection":[{"href":"https:\/\/www.acsc.com.br\/imaculado\/wp-json\/wp\/v2\/pages"}],"about":[{"href":"https:\/\/www.acsc.com.br\/imaculado\/wp-json\/wp\/v2\/types\/page"}],"author":[{"embeddable":true,"href":"https:\/\/www.acsc.com.br\/imaculado\/wp-json\/wp\/v2\/users\/1"}],"replies":[{"embeddable":true,"href":"https:\/\/www.acsc.com.br\/imaculado\/wp-json\/wp\/v2\/comments?post=34"}],"version-history":[{"count":2,"href":"https:\/\/www.acsc.com.br\/imaculado\/wp-json\/wp\/v2\/pages\/34\/revisions"}],"predecessor-version":[{"id":109,"href":"https:\/\/www.acsc.com.br\/imaculado\/wp-json\/wp\/v2\/pages\/34\/revisions\/109"}],"wp:attachment":[{"href":"https:\/\/www.acsc.com.br\/imaculado\/wp-json\/wp\/v2\/media?parent=34"}],"curies":[{"name":"wp","href":"https:\/\/api.w.org\/{rel}","templated":true}]}}