{"id":271,"date":"2023-11-16T09:50:31","date_gmt":"2023-11-16T12:50:31","guid":{"rendered":"https:\/\/www.acsc.com.br\/imaculado\/?page_id=271"},"modified":"2025-12-16T10:09:51","modified_gmt":"2025-12-16T13:09:51","slug":"resultado-bolsa-de-estudos","status":"publish","type":"page","link":"https:\/\/www.acsc.com.br\/imaculado\/resultado-bolsa-de-estudos\/","title":{"rendered":"RESULTADO BOLSA DE ESTUDOS"},"content":{"rendered":"<section class=\"l-section wpb_row height_medium\"><div class=\"l-section-h i-cf\"><div class=\"g-cols vc_row via_grid cols_1 laptops-cols_inherit tablets-cols_inherit mobiles-cols_1 valign_top type_default stacking_default\"><div class=\"wpb_column vc_column_container\"><div class=\"vc_column-inner\"><div class=\"wpb_text_column\"><div class=\"wpb_wrapper\"><p class=\"p1\">Comiss\u00e3o Gestora de Concess\u00e3o de Bolsas de Estudo Filantr\u00f3pica da Associa\u00e7\u00e3o Congrega\u00e7\u00e3o de Santa Catarina, em cumprimento ao que determina o Edital n\u00b0 003\/2025 item 6 \u2013 DO RESULTADO FINAL<b>, <\/b>torna p\u00fablico o <b>resultado <\/b><b>final<\/b> do processo seletivo deste edital de BOLSA DE ESTUDO FILANTR\u00d3PICA para o <b>ano letivo de 2026<\/b>, do <b>ESCOLA IMACULADO CORA\u00c7\u00c3O DE MARIA \u2013<\/b><b>SAPIRANGA\/RS<\/b>.<\/p>\n<\/div><\/div><div class=\"w-separator size_medium\"><\/div>[vc_btn title=&#8221;Clique Aqui &#8211; Resultado Final&#8221; color=&#8221;danger&#8221; size=&#8221;lg&#8221; i_icon_fontawesome=&#8221;fas fa-arrow-circle-down&#8221; css=&#8221;&#8221; add_icon=&#8221;true&#8221; link=&#8221;url:https%3A%2F%2Fwww.acsc.com.br%2Fimaculado%2Fwp-content%2Fuploads%2Fsites%2F6%2F2025%2F12%2FResultado-Final-003.2025-Imaculado.pdf|target:_blank&#8221;]<\/div><\/div><\/div><\/div><\/section>\n","protected":false},"excerpt":{"rendered":"Comiss\u00e3o Gestora de Concess\u00e3o de Bolsas de Estudo Filantr\u00f3pica da Associa\u00e7\u00e3o Congrega\u00e7\u00e3o de Santa Catarina, em cumprimento ao que determina o Edital n\u00b0 003\/2025 item 6 \u2013 DO RESULTADO FINAL, torna p\u00fablico o resultado final do processo seletivo deste edital de BOLSA DE ESTUDO FILANTR\u00d3PICA para o ano letivo de 2026, do ESCOLA IMACULADO CORA\u00c7\u00c3O...","protected":false},"author":1,"featured_media":0,"parent":0,"menu_order":0,"comment_status":"closed","ping_status":"closed","template":"","meta":{"_acf_changed":false,"footnotes":""},"class_list":["post-271","page","type-page","status-publish","hentry"],"acf":[],"_links":{"self":[{"href":"https:\/\/www.acsc.com.br\/imaculado\/wp-json\/wp\/v2\/pages\/271","targetHints":{"allow":["GET"]}}],"collection":[{"href":"https:\/\/www.acsc.com.br\/imaculado\/wp-json\/wp\/v2\/pages"}],"about":[{"href":"https:\/\/www.acsc.com.br\/imaculado\/wp-json\/wp\/v2\/types\/page"}],"author":[{"embeddable":true,"href":"https:\/\/www.acsc.com.br\/imaculado\/wp-json\/wp\/v2\/users\/1"}],"replies":[{"embeddable":true,"href":"https:\/\/www.acsc.com.br\/imaculado\/wp-json\/wp\/v2\/comments?post=271"}],"version-history":[{"count":4,"href":"https:\/\/www.acsc.com.br\/imaculado\/wp-json\/wp\/v2\/pages\/271\/revisions"}],"predecessor-version":[{"id":376,"href":"https:\/\/www.acsc.com.br\/imaculado\/wp-json\/wp\/v2\/pages\/271\/revisions\/376"}],"wp:attachment":[{"href":"https:\/\/www.acsc.com.br\/imaculado\/wp-json\/wp\/v2\/media?parent=271"}],"curies":[{"name":"wp","href":"https:\/\/api.w.org\/{rel}","templated":true}]}}