{"id":155,"date":"2023-04-18T17:05:18","date_gmt":"2023-04-18T20:05:18","guid":{"rendered":"https:\/\/www.acsc.com.br\/imaculado\/?page_id=155"},"modified":"2023-04-18T17:11:16","modified_gmt":"2023-04-18T20:11:16","slug":"uniformes-2","status":"publish","type":"page","link":"https:\/\/www.acsc.com.br\/imaculado\/uniformes-2\/","title":{"rendered":"Uniformes"},"content":{"rendered":"<section class=\"l-section wpb_row height_medium\"><div class=\"l-section-h i-cf\"><div class=\"g-cols vc_row via_grid cols_1 laptops-cols_inherit tablets-cols_inherit mobiles-cols_1 valign_top type_default stacking_default\"><div class=\"wpb_column vc_column_container\"><div class=\"vc_column-inner\"><div class=\"wpb_text_column\"><div class=\"wpb_wrapper\"><p><b>Compra de uniformes<\/b><\/p>\n<p><span style=\"font-weight: 400;\">\u00a0S\u00e3o oferecidos uniformes como: camisetas, regatas, casacos, cal\u00e7as, bermudas e saias. Todos os uniformes s\u00e3o criados de acordo com a colora\u00e7\u00e3o da identidade visual do col\u00e9gio: vermelho, amarelo, branco e preto.<\/span><\/p>\n<p><span style=\"font-weight: 400;\">Informa\u00e7\u00f5es de valores e tamanhos podem ser consultados ao entrar em contato com a loja parceira.<\/span><\/p>\n<p>&nbsp;<\/p>\n<p><b>Normas<\/b><\/p>\n<p><span style=\"font-weight: 400;\">Para a seguran\u00e7a dos alunos, \u00e9 obrigat\u00f3rio o uso do uniforme escolar completo em todas as atividades. Os uniformes dos projetos escolares n\u00e3o poder\u00e3o ser usados no hor\u00e1rio normal de aula, bem como camisetas de times.<\/span><\/p>\n<\/div><\/div><div class=\"w-separator size_medium\"><\/div><div class=\"w-btn-wrapper align_center\"><a class=\"w-btn us-btn-style_1 icon_atleft\" target=\"_blank\" href=\"https:\/\/www.acsc.com.br\/santacatarina\/wp-content\/uploads\/sites\/2\/2023\/04\/Manual-de-Identidade-Visual-Uniformes.pdf\" rel=\"noopener\"><i class=\"fas fa-download\"><\/i><span class=\"w-btn-label\">Manual de Identidade Visual dos Uniformes em PDF<\/span><\/a><\/div><\/div><\/div><\/div><\/div><\/section>\n","protected":false},"excerpt":{"rendered":"Compra de uniformes \u00a0S\u00e3o oferecidos uniformes como: camisetas, regatas, casacos, cal\u00e7as, bermudas e saias. Todos os uniformes s\u00e3o criados de acordo com a colora\u00e7\u00e3o da identidade visual do col\u00e9gio: vermelho, amarelo, branco e preto. Informa\u00e7\u00f5es de valores e tamanhos podem ser consultados ao entrar em contato com a loja parceira. &nbsp; Normas Para a seguran\u00e7a...","protected":false},"author":1,"featured_media":0,"parent":0,"menu_order":0,"comment_status":"closed","ping_status":"closed","template":"","meta":{"_acf_changed":false,"footnotes":""},"class_list":["post-155","page","type-page","status-publish","hentry"],"acf":[],"_links":{"self":[{"href":"https:\/\/www.acsc.com.br\/imaculado\/wp-json\/wp\/v2\/pages\/155","targetHints":{"allow":["GET"]}}],"collection":[{"href":"https:\/\/www.acsc.com.br\/imaculado\/wp-json\/wp\/v2\/pages"}],"about":[{"href":"https:\/\/www.acsc.com.br\/imaculado\/wp-json\/wp\/v2\/types\/page"}],"author":[{"embeddable":true,"href":"https:\/\/www.acsc.com.br\/imaculado\/wp-json\/wp\/v2\/users\/1"}],"replies":[{"embeddable":true,"href":"https:\/\/www.acsc.com.br\/imaculado\/wp-json\/wp\/v2\/comments?post=155"}],"version-history":[{"count":4,"href":"https:\/\/www.acsc.com.br\/imaculado\/wp-json\/wp\/v2\/pages\/155\/revisions"}],"predecessor-version":[{"id":162,"href":"https:\/\/www.acsc.com.br\/imaculado\/wp-json\/wp\/v2\/pages\/155\/revisions\/162"}],"wp:attachment":[{"href":"https:\/\/www.acsc.com.br\/imaculado\/wp-json\/wp\/v2\/media?parent=155"}],"curies":[{"name":"wp","href":"https:\/\/api.w.org\/{rel}","templated":true}]}}