{"id":154,"date":"2023-04-18T17:08:57","date_gmt":"2023-04-18T20:08:57","guid":{"rendered":"https:\/\/www.acsc.com.br\/imaculado\/?page_id=154"},"modified":"2025-11-28T22:46:13","modified_gmt":"2025-11-29T01:46:13","slug":"bolsas-de-estudos","status":"publish","type":"page","link":"https:\/\/www.acsc.com.br\/imaculado\/bolsas-de-estudos\/","title":{"rendered":"EDITAL DO PROCESSO DE BOLSAS FILANTR\u00d3PICAS 2025"},"content":{"rendered":"<section class=\"l-section wpb_row height_medium\"><div class=\"l-section-h i-cf\"><div class=\"g-cols vc_row via_grid cols_1 laptops-cols_inherit tablets-cols_inherit mobiles-cols_1 valign_top type_default stacking_default\"><div class=\"wpb_column vc_column_container\"><div class=\"vc_column-inner\"><div class=\"wpb_text_column\"><div class=\"wpb_wrapper\"><p>A Comiss\u00e3o Gestora de Concess\u00e3o de Bolsas de Estudo informa que est\u00e3o abertas as inscri\u00e7\u00f5es para o processo de novas bolsas para o ano letivo 2026.<\/p>\n<\/div><\/div><\/div><\/div><\/div><\/div><\/section><section class=\"l-section wpb_row height_medium\"><div class=\"l-section-h i-cf\"><div class=\"g-cols vc_row via_grid cols_2 laptops-cols_inherit tablets-cols_inherit mobiles-cols_1 valign_top type_default stacking_default\"><div class=\"wpb_column vc_column_container\"><div class=\"vc_column-inner\">[vc_btn title=&#8221;Edital ACSC N\u00ba 003\/2025&#8243; color=&#8221;danger&#8221; align=&#8221;center&#8221; i_icon_fontawesome=&#8221;fas fa-download&#8221; css=&#8221;&#8221; button_block=&#8221;true&#8221; add_icon=&#8221;true&#8221; link=&#8221;url:https%3A%2F%2Fwww.acsc.com.br%2Fimaculado%2Fwp-content%2Fuploads%2Fsites%2F6%2F2025%2F11%2FEdital-ACSC-no003_2025.pdf|target:_blank&#8221;]<\/div><\/div><div class=\"wpb_column vc_column_container\"><div class=\"vc_column-inner\">[vc_btn title=&#8221;Declara\u00e7\u00e3o de Veracidade&#8221; color=&#8221;danger&#8221; align=&#8221;center&#8221; i_icon_fontawesome=&#8221;fas fa-download&#8221; css=&#8221;&#8221; button_block=&#8221;true&#8221; add_icon=&#8221;true&#8221; link=&#8221;url:https%3A%2F%2Fwww.acsc.com.br%2Fperpetuosocorro%2Fwp-content%2Fuploads%2Fsites%2F5%2F2025%2F08%2FDeclaracao-de-Veracidade-1.pdf&#8221;]<\/div><\/div><\/div><\/div><\/section>\n","protected":false},"excerpt":{"rendered":"A Comiss\u00e3o Gestora de Concess\u00e3o de Bolsas de Estudo informa que est\u00e3o abertas as inscri\u00e7\u00f5es para o processo de novas bolsas para o ano letivo 2026. [vc_btn title=\"Edital ACSC N\u00ba 003\/2025\" color=\"danger\" align=\"center\" i_icon_fontawesome=\"fas fa-download\" css=\"\" button_block=\"true\" add_icon=\"true\" link=\"url:https%3A%2F%2Fwww.acsc.com.br%2Fimaculado%2Fwp-content%2Fuploads%2Fsites%2F6%2F2025%2F11%2FEdital-ACSC-no003_2025.pdf|target:_blank\"][vc_btn title=\"Declara\u00e7\u00e3o de Veracidade\" color=\"danger\" align=\"center\" i_icon_fontawesome=\"fas fa-download\" css=\"\" button_block=\"true\" add_icon=\"true\" link=\"url:https%3A%2F%2Fwww.acsc.com.br%2Fperpetuosocorro%2Fwp-content%2Fuploads%2Fsites%2F5%2F2025%2F08%2FDeclaracao-de-Veracidade-1.pdf\"]","protected":false},"author":1,"featured_media":0,"parent":0,"menu_order":0,"comment_status":"closed","ping_status":"closed","template":"","meta":{"_acf_changed":false,"footnotes":""},"class_list":["post-154","page","type-page","status-publish","hentry"],"acf":[],"_links":{"self":[{"href":"https:\/\/www.acsc.com.br\/imaculado\/wp-json\/wp\/v2\/pages\/154","targetHints":{"allow":["GET"]}}],"collection":[{"href":"https:\/\/www.acsc.com.br\/imaculado\/wp-json\/wp\/v2\/pages"}],"about":[{"href":"https:\/\/www.acsc.com.br\/imaculado\/wp-json\/wp\/v2\/types\/page"}],"author":[{"embeddable":true,"href":"https:\/\/www.acsc.com.br\/imaculado\/wp-json\/wp\/v2\/users\/1"}],"replies":[{"embeddable":true,"href":"https:\/\/www.acsc.com.br\/imaculado\/wp-json\/wp\/v2\/comments?post=154"}],"version-history":[{"count":8,"href":"https:\/\/www.acsc.com.br\/imaculado\/wp-json\/wp\/v2\/pages\/154\/revisions"}],"predecessor-version":[{"id":369,"href":"https:\/\/www.acsc.com.br\/imaculado\/wp-json\/wp\/v2\/pages\/154\/revisions\/369"}],"wp:attachment":[{"href":"https:\/\/www.acsc.com.br\/imaculado\/wp-json\/wp\/v2\/media?parent=154"}],"curies":[{"name":"wp","href":"https:\/\/api.w.org\/{rel}","templated":true}]}}