{"id":146,"date":"2023-04-18T17:03:26","date_gmt":"2023-04-18T20:03:26","guid":{"rendered":"https:\/\/www.acsc.com.br\/imaculado\/?page_id=146"},"modified":"2025-12-16T12:16:01","modified_gmt":"2025-12-16T15:16:01","slug":"material-escolar-2","status":"publish","type":"page","link":"https:\/\/www.acsc.com.br\/imaculado\/material-escolar-2\/","title":{"rendered":"Material Escolar"},"content":{"rendered":"<section class=\"l-section wpb_row height_medium\"><div class=\"l-section-h i-cf\"><div class=\"g-cols vc_row via_grid cols_1 laptops-cols_inherit tablets-cols_inherit mobiles-cols_1 valign_top type_default stacking_default\"><div class=\"wpb_column vc_column_container\"><div class=\"vc_column-inner\"><div class=\"w-tabs layout_hor style_default switch_click has_scrolling\" style=\"--sections-title-size:1em\"><div class=\"w-tabs-list items_1 align_none\"><div class=\"w-tabs-list-h\"><button class=\"w-tabs-item active\" aria-controls=\"content-u65e\" aria-expanded=\"false\"><span class=\"w-tabs-item-title\">Educa\u00e7\u00e3o Infantil<\/span><\/button><\/div><\/div><div class=\"w-tabs-sections titles-align_none icon_chevron cpos_right\"><div class=\"w-tabs-section active\" id=\"u65e\"><button class=\"w-tabs-section-header active\" aria-controls=\"content-u65e\" aria-expanded=\"true\"><div class=\"w-tabs-section-title\">Educa\u00e7\u00e3o Infantil<\/div><div class=\"w-tabs-section-control\"><\/div><\/button><div  class=\"w-tabs-section-content\" id=\"content-u65e\"><div class=\"w-tabs-section-content-h i-cf\"><div class=\"w-btn-wrapper align_none\"><a class=\"w-btn us-btn-style_1 icon_atleft\" target=\"_blank\" href=\"https:\/\/www.acsc.com.br\/imaculado\/wp-content\/uploads\/sites\/6\/2025\/12\/Lista-de-materiais-2026-maternal-I-e-II.pdf\" rel=\"noopener\"><i class=\"fas fa-download\"><\/i><span class=\"w-btn-label\">LISTA DE MATERIAIS MATERNAL I e II<\/span><\/a><\/div><div class=\"w-btn-wrapper align_none\"><a class=\"w-btn us-btn-style_1 icon_atleft\" target=\"_blank\" href=\"https:\/\/www.acsc.com.br\/imaculado\/wp-content\/uploads\/sites\/6\/2025\/12\/lista-de-materiais-maternal-III-2025.docx.pdf\" rel=\"noopener\"><i class=\"fas fa-download\"><\/i><span class=\"w-btn-label\">LISTA DE MATERIAIS MATERNAL III<\/span><\/a><\/div><div class=\"w-btn-wrapper align_none\"><a class=\"w-btn us-btn-style_1 icon_atleft\" target=\"_blank\" href=\"https:\/\/www.acsc.com.br\/imaculado\/wp-content\/uploads\/sites\/6\/2025\/12\/lista-de-materiais-pre-2026.pdf\" rel=\"noopener\"><i class=\"fas fa-download\"><\/i><span class=\"w-btn-label\">LISTA DE MATERIAIS PR\u00c9<\/span><\/a><\/div><\/div><\/div><\/div><\/div><\/div><\/div><\/div><\/div><\/div><\/section>\n","protected":false},"excerpt":{"rendered":"Educa\u00e7\u00e3o InfantilEduca\u00e7\u00e3o InfantilLISTA DE MATERIAIS MATERNAL I e IILISTA DE MATERIAIS MATERNAL IIILISTA DE MATERIAIS PR\u00c9","protected":false},"author":1,"featured_media":0,"parent":0,"menu_order":0,"comment_status":"closed","ping_status":"closed","template":"","meta":{"_acf_changed":false,"footnotes":""},"class_list":["post-146","page","type-page","status-publish","hentry"],"acf":[],"_links":{"self":[{"href":"https:\/\/www.acsc.com.br\/imaculado\/wp-json\/wp\/v2\/pages\/146","targetHints":{"allow":["GET"]}}],"collection":[{"href":"https:\/\/www.acsc.com.br\/imaculado\/wp-json\/wp\/v2\/pages"}],"about":[{"href":"https:\/\/www.acsc.com.br\/imaculado\/wp-json\/wp\/v2\/types\/page"}],"author":[{"embeddable":true,"href":"https:\/\/www.acsc.com.br\/imaculado\/wp-json\/wp\/v2\/users\/1"}],"replies":[{"embeddable":true,"href":"https:\/\/www.acsc.com.br\/imaculado\/wp-json\/wp\/v2\/comments?post=146"}],"version-history":[{"count":7,"href":"https:\/\/www.acsc.com.br\/imaculado\/wp-json\/wp\/v2\/pages\/146\/revisions"}],"predecessor-version":[{"id":379,"href":"https:\/\/www.acsc.com.br\/imaculado\/wp-json\/wp\/v2\/pages\/146\/revisions\/379"}],"wp:attachment":[{"href":"https:\/\/www.acsc.com.br\/imaculado\/wp-json\/wp\/v2\/media?parent=146"}],"curies":[{"name":"wp","href":"https:\/\/api.w.org\/{rel}","templated":true}]}}