{"id":140,"date":"2023-04-18T16:55:09","date_gmt":"2023-04-18T19:55:09","guid":{"rendered":"https:\/\/www.acsc.com.br\/imaculado\/?page_id=140"},"modified":"2023-08-10T02:26:37","modified_gmt":"2023-08-10T05:26:37","slug":"setores","status":"publish","type":"page","link":"https:\/\/www.acsc.com.br\/imaculado\/setores\/","title":{"rendered":"Setores"},"content":{"rendered":"<section class=\"l-section wpb_row height_medium\"><div class=\"l-section-h i-cf\"><div class=\"g-cols vc_row via_grid cols_1 laptops-cols_inherit tablets-cols_inherit mobiles-cols_1 valign_top type_default stacking_default\"><div class=\"wpb_column vc_column_container\"><div class=\"vc_column-inner\"><div class=\"w-tabs layout_hor style_default switch_click has_scrolling\" style=\"--sections-title-size:1em\"><div class=\"w-tabs-list items_4 align_none\"><div class=\"w-tabs-list-h\"><button class=\"w-tabs-item active\" aria-controls=\"content-e18a\" aria-expanded=\"false\"><span class=\"w-tabs-item-title\">Dire\u00e7\u00e3o<\/span><\/button><button class=\"w-tabs-item\" aria-controls=\"content-k212\" aria-expanded=\"false\"><span class=\"w-tabs-item-title\">Secretaria<\/span><\/button><button class=\"w-tabs-item\" aria-controls=\"content-d28d\" aria-expanded=\"false\"><span class=\"w-tabs-item-title\">Tesouraria<\/span><\/button><button class=\"w-tabs-item\" aria-controls=\"content-y2d1\" aria-expanded=\"false\"><span class=\"w-tabs-item-title\">Pastoral<\/span><\/button><\/div><\/div><div class=\"w-tabs-sections titles-align_none icon_chevron cpos_right\"><div class=\"w-tabs-section active\" id=\"e18a\"><button class=\"w-tabs-section-header active\" aria-controls=\"content-e18a\" aria-expanded=\"true\"><div class=\"w-tabs-section-title\">Dire\u00e7\u00e3o<\/div><div class=\"w-tabs-section-control\"><\/div><\/button><div  class=\"w-tabs-section-content\" id=\"content-e18a\"><div class=\"w-tabs-section-content-h i-cf\"><div class=\"wpb_text_column\"><div class=\"wpb_wrapper\"><div class=\"l-canvas type_wide\">\n<p>&nbsp;<\/p>\n<section class=\"l-section height_medium\">\n<div class=\"l-section-h i-cf\">\n<p>A dire\u00e7\u00e3o escolar cabe a fun\u00e7\u00e3o de promover o bom funcionamento da escola, incentivar a equipe, acompanhar e supervisionar os processos administrativos e pedag\u00f3gicos. Realizar o atendimento a comunidade escolar, mostrando que papel de educar n\u00e3o cabe apenas para a escola.<\/p>\n<\/div>\n<\/section>\n<p>&nbsp;<\/p>\n<\/div>\n<footer id=\"page-footer\" class=\"l-footer\">\n<section class=\"l-section wpb_row us_custom_f19d5daa height_small width_full\"><\/section>\n<\/footer>\n<\/div><\/div><\/div><\/div><\/div><div class=\"w-tabs-section\" id=\"k212\"><button class=\"w-tabs-section-header\" aria-controls=\"content-k212\" aria-expanded=\"false\"><div class=\"w-tabs-section-title\">Secretaria<\/div><div class=\"w-tabs-section-control\"><\/div><\/button><div  class=\"w-tabs-section-content\" id=\"content-k212\"><div class=\"w-tabs-section-content-h i-cf\"><div class=\"wpb_text_column\"><div class=\"wpb_wrapper\"><div class=\"l-canvas type_wide\">\n<p><span style=\"font-weight: 400;\">A secretaria escolar\u00a0<\/span><span style=\"font-weight: 400;\">\u00e9 fundamental na administra\u00e7\u00e3o da institui\u00e7\u00e3o de ensino, ela cuida da organiza\u00e7\u00e3o e do bom funcionamento do fluxo de trabalho, atendendo professores e responsav\u00e9is nas rotinas administrativas.<\/span><\/p>\n<p><strong>Hor\u00e1rio de atendimento:\u00a0<\/strong><\/p>\n<p><span style=\"font-weight: 400;\">Segunda &#8211; 07h15 \u00e0s 11h \/ 13h \u00e0s 18h<br \/>\n<\/span><span style=\"font-weight: 400;\">Ter\u00e7a &#8211;\u00a0 07h15 \u00e0s 11h \/ 13h \u00e0s 18h<br \/>\n<\/span><span style=\"font-weight: 400;\">Quarta &#8211; 07h15 \u00e0s 11h \/ 13h \u00e0s 18h<br \/>\n<\/span><span style=\"font-weight: 400;\">Quinta &#8211; 07h15 \u00e0s 11h \/ 13h \u00e0s 18h<br \/>\n<\/span><span style=\"font-weight: 400;\">Sexta &#8211;\u00a0 07h15 \u00e0s 11h \/ 13h \u00e0s 18h <\/span><\/p>\n<\/div>\n<footer id=\"page-footer\" class=\"l-footer\">\n<section class=\"l-section wpb_row us_custom_f19d5daa height_small width_full\"><\/section>\n<\/footer>\n<\/div><\/div><\/div><\/div><\/div><div class=\"w-tabs-section\" id=\"d28d\"><button class=\"w-tabs-section-header\" aria-controls=\"content-d28d\" aria-expanded=\"false\"><div class=\"w-tabs-section-title\">Tesouraria<\/div><div class=\"w-tabs-section-control\"><\/div><\/button><div  class=\"w-tabs-section-content\" id=\"content-d28d\"><div class=\"w-tabs-section-content-h i-cf\"><div class=\"wpb_text_column\"><div class=\"wpb_wrapper\"><div class=\"l-canvas type_wide\">\n<p style=\"text-align: justify;\"><span style=\"font-weight: 400;\">A tesouraria de uma escola\u00a0<\/span><span style=\"font-weight: 400;\">\u00e9 onde se administra o fluxo de caixa e cuida dos pagamentos de contas e recebimento de mensalidades diariamente<\/span><span style=\"font-weight: 400;\">\u00a0de forma alinhada junto a contabilidade da institui\u00e7\u00e3o.<\/span><\/p>\n<p><strong>Hor\u00e1rio de atendimento:\u00a0<\/strong><\/p>\n<p><span style=\"font-weight: 400;\">Segunda &#8211; 07h15 \u00e0s 11h \/ 13h \u00e0s 18h<br \/>\n<\/span><span style=\"font-weight: 400;\">Ter\u00e7a &#8211;\u00a0 07h15 \u00e0s 11h \/ 13h \u00e0s 18h<br \/>\n<\/span><span style=\"font-weight: 400;\">Quarta &#8211; 07h15 \u00e0s 11h \/ 13h \u00e0s 18h<br \/>\n<\/span><span style=\"font-weight: 400;\">Quinta &#8211; 07h15 \u00e0s 11h \/ 13h \u00e0s 18h<br \/>\n<\/span><span style=\"font-weight: 400;\">Sexta &#8211;\u00a0 07h15 \u00e0s 11h \/ 13h \u00e0s 18h <\/span><\/p>\n<\/div>\n<footer id=\"page-footer\" class=\"l-footer\">\n<section class=\"l-section wpb_row us_custom_f19d5daa height_small width_full\"><\/section>\n<\/footer>\n<\/div><\/div><\/div><\/div><\/div><div class=\"w-tabs-section\" id=\"y2d1\"><button class=\"w-tabs-section-header\" aria-controls=\"content-y2d1\" aria-expanded=\"false\"><div class=\"w-tabs-section-title\">Pastoral<\/div><div class=\"w-tabs-section-control\"><\/div><\/button><div  class=\"w-tabs-section-content\" id=\"content-y2d1\"><div class=\"w-tabs-section-content-h i-cf\"><div class=\"wpb_text_column\"><div class=\"wpb_wrapper\"><p style=\"text-align: justify;\"><span style=\"font-weight: 400;\">A Pastoral escolar cabe estimular as pessoas que comp\u00f5em a comunidade educativa \u00e0 evangeliza\u00e7\u00e3o, para fortalecer a identidade cat\u00f3lica das Irm\u00e3s de Santa Catarina, \u00e0 luz do Evangelho e do Carisma Congregacional, construindo uma sociedade justa e solid\u00e1ria.<\/span><\/p>\n<\/div><\/div><\/div><\/div><\/div><\/div><\/div><\/div><\/div><\/div><\/div><\/section>\n","protected":false},"excerpt":{"rendered":"Dire\u00e7\u00e3oSecretariaTesourariaPastoralDire\u00e7\u00e3o &nbsp; A dire\u00e7\u00e3o escolar cabe a fun\u00e7\u00e3o de promover o bom funcionamento da escola, incentivar a equipe, acompanhar e supervisionar os processos administrativos e pedag\u00f3gicos. Realizar o atendimento a comunidade escolar, mostrando que papel de educar n\u00e3o cabe apenas para a escola. &nbsp; Secretaria A secretaria escolar\u00a0\u00e9 fundamental na administra\u00e7\u00e3o da institui\u00e7\u00e3o de ensino,...","protected":false},"author":1,"featured_media":0,"parent":0,"menu_order":0,"comment_status":"closed","ping_status":"closed","template":"","meta":{"_acf_changed":false,"footnotes":""},"class_list":["post-140","page","type-page","status-publish","hentry"],"acf":[],"_links":{"self":[{"href":"https:\/\/www.acsc.com.br\/imaculado\/wp-json\/wp\/v2\/pages\/140","targetHints":{"allow":["GET"]}}],"collection":[{"href":"https:\/\/www.acsc.com.br\/imaculado\/wp-json\/wp\/v2\/pages"}],"about":[{"href":"https:\/\/www.acsc.com.br\/imaculado\/wp-json\/wp\/v2\/types\/page"}],"author":[{"embeddable":true,"href":"https:\/\/www.acsc.com.br\/imaculado\/wp-json\/wp\/v2\/users\/1"}],"replies":[{"embeddable":true,"href":"https:\/\/www.acsc.com.br\/imaculado\/wp-json\/wp\/v2\/comments?post=140"}],"version-history":[{"count":3,"href":"https:\/\/www.acsc.com.br\/imaculado\/wp-json\/wp\/v2\/pages\/140\/revisions"}],"predecessor-version":[{"id":190,"href":"https:\/\/www.acsc.com.br\/imaculado\/wp-json\/wp\/v2\/pages\/140\/revisions\/190"}],"wp:attachment":[{"href":"https:\/\/www.acsc.com.br\/imaculado\/wp-json\/wp\/v2\/media?parent=140"}],"curies":[{"name":"wp","href":"https:\/\/api.w.org\/{rel}","templated":true}]}}