{"id":98,"date":"2023-04-17T14:43:00","date_gmt":"2023-04-17T17:43:00","guid":{"rendered":"https:\/\/www.acsc.com.br\/divinocoracao\/?page_id=98"},"modified":"2023-08-11T11:49:29","modified_gmt":"2023-08-11T14:49:29","slug":"o-centro-integrado-pedagogico-cipe","status":"publish","type":"page","link":"https:\/\/www.acsc.com.br\/divinocoracao\/o-centro-integrado-pedagogico-cipe\/","title":{"rendered":"O Centro Integrado Pedag\u00f3gico (CIPE)"},"content":{"rendered":"<p style=\"text-align: justify;\"><b>O Centro Integrado Pedag\u00f3gico (CIPE) <\/b><span style=\"font-weight: 400;\">tem como miss\u00e3o dinamizar e qualificar a a\u00e7\u00e3o pedag\u00f3gica, garantindo a excel\u00eancia do e no saber, oportunizando o desenvolvimento de habilidades, compet\u00eancias e valores no processo de ensino e aprendizagem, visando \u00e0 integra\u00e7\u00e3o global do ser humano.\u00a0\u00a0<\/span><\/p>\n<p style=\"text-align: justify;\"><span style=\"font-weight: 400;\">O CIPE \u00e9 formado por uma equipe de profissionais que atuam diretamente com os alunos e os professores. Essa equipe \u00e9 dividida em:<\/span><\/p>\n<p style=\"text-align: justify;\"><b>Orientador Educacional:<\/b><span style=\"font-weight: 400;\"> Acompanha o aluno em seu rendimento escolar, investiga e orienta processos comportamentais em cada indiv\u00edduo, zelando pela forma\u00e7\u00e3o dos alunos como cidad\u00e3os. Auxilia os alunos com baixos rendimentos e problemas comportamentais. Assessora os professores em casos especiais. Analisa, juntamente com a supervis\u00e3o escolar, os resultados das avalia\u00e7\u00f5es identificando lacunas e propondo novas estrat\u00e9gias de aprendizagem, dentre outras atividades que ajudem no processo de ensino-aprendizagem.\u00a0<\/span><\/p>\n<p style=\"text-align: justify;\"><b>Supervisores Pedag\u00f3gicos:<\/b><span style=\"font-weight: 400;\"> Acompanha , orienta, avalia e prop\u00f5e melhorias ao professor no processo de ensino e aprendizagem<\/span><span style=\"font-weight: 400;\">, propondo novas abordagens, metodologias e estrat\u00e9gias para a forma\u00e7\u00e3o dos alunos e tamb\u00e9m resolu\u00e7\u00f5es de conflitos. <\/span><span style=\"font-weight: 400;\">\u00a0Supervisiona e orienta o trabalho dos auxiliares em sala de aula. Organiza e planeja as reuni\u00f5es dos pais e de professores. Orienta e controla os planejamentos do ano das turmas e turnos.<\/span><\/p>\n<p style=\"text-align: justify;\"><span style=\"font-weight: 400;\">O setor tamb\u00e9m realiza a elabora\u00e7\u00e3o do calend\u00e1rio escolar e das informa\u00e7\u00f5es do projeto pol\u00edtico pedag\u00f3gico proposto pelo col\u00e9gio.\u00a0<\/span><\/p>\n<p style=\"text-align: justify;\">\n","protected":false},"excerpt":{"rendered":"<p>O Centro Integrado Pedag\u00f3gico (CIPE) tem como miss\u00e3o dinamizar e qualificar a a\u00e7\u00e3o pedag\u00f3gica, garantindo a excel\u00eancia do e no saber, oportunizando o desenvolvimento de habilidades, compet\u00eancias e valores no processo de ensino e aprendizagem, visando \u00e0 integra\u00e7\u00e3o global do ser humano.\u00a0\u00a0 O CIPE \u00e9 formado por uma equipe de profissionais que atuam diretamente com&#8230;<\/p>\n","protected":false},"author":1,"featured_media":0,"parent":0,"menu_order":0,"comment_status":"closed","ping_status":"closed","template":"","meta":{"_acf_changed":false,"footnotes":""},"class_list":["post-98","page","type-page","status-publish","hentry"],"acf":[],"_links":{"self":[{"href":"https:\/\/www.acsc.com.br\/divinocoracao\/wp-json\/wp\/v2\/pages\/98","targetHints":{"allow":["GET"]}}],"collection":[{"href":"https:\/\/www.acsc.com.br\/divinocoracao\/wp-json\/wp\/v2\/pages"}],"about":[{"href":"https:\/\/www.acsc.com.br\/divinocoracao\/wp-json\/wp\/v2\/types\/page"}],"author":[{"embeddable":true,"href":"https:\/\/www.acsc.com.br\/divinocoracao\/wp-json\/wp\/v2\/users\/1"}],"replies":[{"embeddable":true,"href":"https:\/\/www.acsc.com.br\/divinocoracao\/wp-json\/wp\/v2\/comments?post=98"}],"version-history":[{"count":2,"href":"https:\/\/www.acsc.com.br\/divinocoracao\/wp-json\/wp\/v2\/pages\/98\/revisions"}],"predecessor-version":[{"id":222,"href":"https:\/\/www.acsc.com.br\/divinocoracao\/wp-json\/wp\/v2\/pages\/98\/revisions\/222"}],"wp:attachment":[{"href":"https:\/\/www.acsc.com.br\/divinocoracao\/wp-json\/wp\/v2\/media?parent=98"}],"curies":[{"name":"wp","href":"https:\/\/api.w.org\/{rel}","templated":true}]}}