{"id":90,"date":"2023-04-17T14:30:49","date_gmt":"2023-04-17T17:30:49","guid":{"rendered":"https:\/\/www.acsc.com.br\/divinocoracao\/?page_id=90"},"modified":"2023-08-11T11:48:39","modified_gmt":"2023-08-11T14:48:39","slug":"recursos-humanos","status":"publish","type":"page","link":"https:\/\/www.acsc.com.br\/divinocoracao\/recursos-humanos\/","title":{"rendered":"Recursos Humanos"},"content":{"rendered":"<p style=\"text-align: justify;\"><span style=\"font-weight: 400;\">O Setor tem como miss\u00e3o zelar, organizar e executar as rela\u00e7\u00f5es de trabalho dos colaboradores, desde a aplica\u00e7\u00e3o das leis trabalhistas, conforme legisla\u00e7\u00e3o vigente e as determina\u00e7\u00f5es da institui\u00e7\u00e3o.\u00a0<\/span><\/p>\n<p><b>Hor\u00e1rios de atendimento:<br \/>\n<\/b><span style=\"font-weight: 400;\">Segunda-feira a Sexta-feira<br \/>\n<\/span><span style=\"font-weight: 400;\">Manh\u00e3: 8h \u00e0s 11h30min<br \/>\n<\/span><span style=\"font-weight: 400;\">Tarde: 13h30min \u00e0s 17h.<\/span><\/p>\n<p><b>E-mail:<\/b><span style=\"font-weight: 400;\">:<\/span><a href=\"mailto:financeiro@divinocoracao.com.br\"><span style=\"font-weight: 400;\"> financeiro@divinocoracao.com.br<\/span><\/a><\/p>\n","protected":false},"excerpt":{"rendered":"<p>O Setor tem como miss\u00e3o zelar, organizar e executar as rela\u00e7\u00f5es de trabalho dos colaboradores, desde a aplica\u00e7\u00e3o das leis trabalhistas, conforme legisla\u00e7\u00e3o vigente e as determina\u00e7\u00f5es da institui\u00e7\u00e3o.\u00a0 Hor\u00e1rios de atendimento: Segunda-feira a Sexta-feira Manh\u00e3: 8h \u00e0s 11h30min Tarde: 13h30min \u00e0s 17h. E-mail:: financeiro@divinocoracao.com.br<\/p>\n","protected":false},"author":1,"featured_media":0,"parent":0,"menu_order":0,"comment_status":"closed","ping_status":"closed","template":"","meta":{"_acf_changed":false,"footnotes":""},"class_list":["post-90","page","type-page","status-publish","hentry"],"acf":[],"_links":{"self":[{"href":"https:\/\/www.acsc.com.br\/divinocoracao\/wp-json\/wp\/v2\/pages\/90","targetHints":{"allow":["GET"]}}],"collection":[{"href":"https:\/\/www.acsc.com.br\/divinocoracao\/wp-json\/wp\/v2\/pages"}],"about":[{"href":"https:\/\/www.acsc.com.br\/divinocoracao\/wp-json\/wp\/v2\/types\/page"}],"author":[{"embeddable":true,"href":"https:\/\/www.acsc.com.br\/divinocoracao\/wp-json\/wp\/v2\/users\/1"}],"replies":[{"embeddable":true,"href":"https:\/\/www.acsc.com.br\/divinocoracao\/wp-json\/wp\/v2\/comments?post=90"}],"version-history":[{"count":2,"href":"https:\/\/www.acsc.com.br\/divinocoracao\/wp-json\/wp\/v2\/pages\/90\/revisions"}],"predecessor-version":[{"id":221,"href":"https:\/\/www.acsc.com.br\/divinocoracao\/wp-json\/wp\/v2\/pages\/90\/revisions\/221"}],"wp:attachment":[{"href":"https:\/\/www.acsc.com.br\/divinocoracao\/wp-json\/wp\/v2\/media?parent=90"}],"curies":[{"name":"wp","href":"https:\/\/api.w.org\/{rel}","templated":true}]}}