{"id":88,"date":"2023-04-17T14:30:27","date_gmt":"2023-04-17T17:30:27","guid":{"rendered":"https:\/\/www.acsc.com.br\/divinocoracao\/?page_id=88"},"modified":"2023-08-11T15:25:28","modified_gmt":"2023-08-11T18:25:28","slug":"biblioteca","status":"publish","type":"page","link":"https:\/\/www.acsc.com.br\/divinocoracao\/biblioteca\/","title":{"rendered":"Biblioteca"},"content":{"rendered":"<p style=\"text-align: justify;\"><span style=\"font-weight: 400;\">A biblioteca \u00e9 imprescind\u00edvel no que confere ao tratamento, organiza\u00e7\u00e3o, armazenamento, recupera\u00e7\u00e3o e dissemina\u00e7\u00e3o da informa\u00e7\u00e3o, al\u00e9m de ser um espa\u00e7o que permite o desenvolvimento cognitivo e o\u00a0 incentivo a leitura<\/span><\/p>\n<p style=\"text-align: justify;\"><span style=\"font-weight: 400;\">Ela atende a comunidade escolar quanto \u00e0s solicita\u00e7\u00f5es de materiais de leitura e pesquisa, ou seja, \u00e9 o local onde o aluno realiza pesquisas e retirada de livros solicitados pelo professor, e tamb\u00e9m a retirada de livros de sua pr\u00f3pria escolha para aprendizagem ou entretenimento. Os professores tamb\u00e9m utilizam o espa\u00e7o para a realiza\u00e7\u00e3o de momentos de leitura, hora do conto e conta\u00e7\u00e3o de hist\u00f3rias.<\/span><\/p>\n<p style=\"text-align: justify;\"><span style=\"font-weight: 400;\">Algumas das fun\u00e7\u00f5es necess\u00e1rias \u00e0 biblioteca; registrar o acervo bibliogr\u00e1fico e dar baixa, sempre que necess\u00e1rio; atender a comunidade escolar, disponibilizando e controlando o empr\u00e9stimo do acervo bibliogr\u00e1fico; zelar pela preserva\u00e7\u00e3o, conserva\u00e7\u00e3o e restauro do acervo; dinamizar e implementar atividades de leituras.<\/span><\/p>\n<p style=\"text-align: justify;\">\n<p style=\"text-align: justify;\"><b>Hor\u00e1rios de Atendimento<\/b><span style=\"font-weight: 400;\">:<\/span><\/p>\n<p style=\"text-align: justify;\"><b>Segunda \u00e0 sexta-feira<br \/>\n<\/b><span style=\"font-weight: 400;\">Manh\u00e3: 07h45min \u00e0s 11h45min<br \/>\n<\/span><span style=\"font-weight: 400;\">Tarde: 13h15min \u00e0s 17h15min<\/span><\/p>\n<p style=\"text-align: justify;\"><b>e-mail: <\/b><span style=\"font-weight: 400;\">biblioteca@divinocoracao.com.br<\/span><\/p>\n","protected":false},"excerpt":{"rendered":"<p>A biblioteca \u00e9 imprescind\u00edvel no que confere ao tratamento, organiza\u00e7\u00e3o, armazenamento, recupera\u00e7\u00e3o e dissemina\u00e7\u00e3o da informa\u00e7\u00e3o, al\u00e9m de ser um espa\u00e7o que permite o desenvolvimento cognitivo e o\u00a0 incentivo a leitura Ela atende a comunidade escolar quanto \u00e0s solicita\u00e7\u00f5es de materiais de leitura e pesquisa, ou seja, \u00e9 o local onde o aluno realiza pesquisas&#8230;<\/p>\n","protected":false},"author":1,"featured_media":0,"parent":0,"menu_order":0,"comment_status":"closed","ping_status":"closed","template":"","meta":{"_acf_changed":false,"footnotes":""},"class_list":["post-88","page","type-page","status-publish","hentry"],"acf":[],"_links":{"self":[{"href":"https:\/\/www.acsc.com.br\/divinocoracao\/wp-json\/wp\/v2\/pages\/88","targetHints":{"allow":["GET"]}}],"collection":[{"href":"https:\/\/www.acsc.com.br\/divinocoracao\/wp-json\/wp\/v2\/pages"}],"about":[{"href":"https:\/\/www.acsc.com.br\/divinocoracao\/wp-json\/wp\/v2\/types\/page"}],"author":[{"embeddable":true,"href":"https:\/\/www.acsc.com.br\/divinocoracao\/wp-json\/wp\/v2\/users\/1"}],"replies":[{"embeddable":true,"href":"https:\/\/www.acsc.com.br\/divinocoracao\/wp-json\/wp\/v2\/comments?post=88"}],"version-history":[{"count":4,"href":"https:\/\/www.acsc.com.br\/divinocoracao\/wp-json\/wp\/v2\/pages\/88\/revisions"}],"predecessor-version":[{"id":271,"href":"https:\/\/www.acsc.com.br\/divinocoracao\/wp-json\/wp\/v2\/pages\/88\/revisions\/271"}],"wp:attachment":[{"href":"https:\/\/www.acsc.com.br\/divinocoracao\/wp-json\/wp\/v2\/media?parent=88"}],"curies":[{"name":"wp","href":"https:\/\/api.w.org\/{rel}","templated":true}]}}