{"id":84,"date":"2023-04-17T14:29:36","date_gmt":"2023-04-17T17:29:36","guid":{"rendered":"https:\/\/www.acsc.com.br\/divinocoracao\/?page_id=84"},"modified":"2023-08-11T11:50:09","modified_gmt":"2023-08-11T14:50:09","slug":"pastoral","status":"publish","type":"page","link":"https:\/\/www.acsc.com.br\/divinocoracao\/pastoral\/","title":{"rendered":"Pastoral"},"content":{"rendered":"<p style=\"text-align: justify;\"><span style=\"font-weight: 400;\">A Pastoral Escolar tem como objetivo estimular e envolver pessoas que comp\u00f5em a comunidade escolar na evangeliza\u00e7\u00e3o (alunos, pais, professores e funcion\u00e1rios) para fortalecer a identidade cat\u00f3lica da Escola, \u00e0 luz do Evangelho e do Carisma Congregacional. O carisma\u00a0 da Congrega\u00e7\u00e3o das irm\u00e3s de Santa Catarina \u00e9 inspirado por sua fundadora, Bem-aventurada Madre Regina Protmann: educar mergulhando no grande mist\u00e9rio do infinito amor de Deus.\u00a0<\/span><\/p>\n<p style=\"text-align: justify;\"><span style=\"font-weight: 400;\">Em fun\u00e7\u00f5es espec\u00edficas, a pastoral auxilia nos momentos de espiritualidade em todos os n\u00edveis, d\u00e1 suporte ao ensino religioso atrav\u00e9s de disponibilidade de materiais, motiva a celebra\u00e7\u00f5es e datas especiais ligadas ao catolicismo. Incentiva a educa\u00e7\u00e3o e suas did\u00e1ticas como meio de desenvolvimento completo do ser humano atrav\u00e9s do olhar, do ouvir, do falar, da express\u00e3o corporal, da musicaliza\u00e7\u00e3o e outras artes.<\/span><\/p>\n<p>&nbsp;<\/p>\n<p><b>Hor\u00e1rios de Atendimento<\/b><span style=\"font-weight: 400;\">:<\/span><\/p>\n<p><span style=\"font-weight: 400;\">Ter\u00e7a-feira: 13h30min \u00e1s 17h30min<br \/>\n<\/span><span style=\"font-weight: 400;\">Quarta-feira:08h00 \u00e0 12h00 e 13h30min \u00e1s 17h30min<br \/>\n<\/span><span style=\"font-weight: 400;\">Quinta-feira:08h00 \u00e0 12h00 e 13h30min \u00e1s17h30min<\/span><\/p>\n<p><b>e-mail:<\/b> <a href=\"mailto:eduardo.pastoral@divinocoracao.com.br\"><span style=\"font-weight: 400;\">eduardo.pastoral@divinocoracao.com.br<\/span><\/a><\/p>\n","protected":false},"excerpt":{"rendered":"<p>A Pastoral Escolar tem como objetivo estimular e envolver pessoas que comp\u00f5em a comunidade escolar na evangeliza\u00e7\u00e3o (alunos, pais, professores e funcion\u00e1rios) para fortalecer a identidade cat\u00f3lica da Escola, \u00e0 luz do Evangelho e do Carisma Congregacional. O carisma\u00a0 da Congrega\u00e7\u00e3o das irm\u00e3s de Santa Catarina \u00e9 inspirado por sua fundadora, Bem-aventurada Madre Regina Protmann:&#8230;<\/p>\n","protected":false},"author":1,"featured_media":0,"parent":0,"menu_order":0,"comment_status":"closed","ping_status":"closed","template":"","meta":{"_acf_changed":false,"footnotes":""},"class_list":["post-84","page","type-page","status-publish","hentry"],"acf":[],"_links":{"self":[{"href":"https:\/\/www.acsc.com.br\/divinocoracao\/wp-json\/wp\/v2\/pages\/84","targetHints":{"allow":["GET"]}}],"collection":[{"href":"https:\/\/www.acsc.com.br\/divinocoracao\/wp-json\/wp\/v2\/pages"}],"about":[{"href":"https:\/\/www.acsc.com.br\/divinocoracao\/wp-json\/wp\/v2\/types\/page"}],"author":[{"embeddable":true,"href":"https:\/\/www.acsc.com.br\/divinocoracao\/wp-json\/wp\/v2\/users\/1"}],"replies":[{"embeddable":true,"href":"https:\/\/www.acsc.com.br\/divinocoracao\/wp-json\/wp\/v2\/comments?post=84"}],"version-history":[{"count":3,"href":"https:\/\/www.acsc.com.br\/divinocoracao\/wp-json\/wp\/v2\/pages\/84\/revisions"}],"predecessor-version":[{"id":224,"href":"https:\/\/www.acsc.com.br\/divinocoracao\/wp-json\/wp\/v2\/pages\/84\/revisions\/224"}],"wp:attachment":[{"href":"https:\/\/www.acsc.com.br\/divinocoracao\/wp-json\/wp\/v2\/media?parent=84"}],"curies":[{"name":"wp","href":"https:\/\/api.w.org\/{rel}","templated":true}]}}