{"id":82,"date":"2023-04-17T14:29:16","date_gmt":"2023-04-17T17:29:16","guid":{"rendered":"https:\/\/www.acsc.com.br\/divinocoracao\/?page_id=82"},"modified":"2023-08-11T11:55:38","modified_gmt":"2023-08-11T14:55:38","slug":"secretaria","status":"publish","type":"page","link":"https:\/\/www.acsc.com.br\/divinocoracao\/secretaria\/","title":{"rendered":"Secretaria"},"content":{"rendered":"<p style=\"text-align: justify;\"><span style=\"font-weight: 400;\">O Setor de Secretaria tem como miss\u00e3o manter atualizados e organizados, de forma eficiente e acess\u00edvel, todos os registros e documentos escolares e oficiais de todos os integrantes da Institui\u00e7\u00e3o Escolar. Tamb\u00e9m registra e documenta todos os processos que envolvem a entrada do aluno na institui\u00e7\u00e3o como; matr\u00edculas, entregas de hist\u00f3rico escolar, diplomas, emiss\u00e3o de atestados e frequ\u00eancia, agendamento de visitas e entrevistas para futuros alunos e demais atividades institucionais.<\/span><\/p>\n<p>&nbsp;<\/p>\n<p><b>Hor\u00e1rios de atendimento:\u00a0<\/b><\/p>\n<p><span style=\"font-weight: 400;\">Manh\u00e3 8h \u00e0s 11h30min<\/span><\/p>\n<p><span style=\"font-weight: 400;\">Tarde 13h30min \u00e0s 17h.\u00a0<\/span><\/p>\n<p><b>E-mail:<\/b> <a href=\"mailto:secretaria@divinocoracao.com.br\"><span style=\"font-weight: 400;\">secretaria@divinocoracao.com.br<\/span><\/a><span style=\"font-weight: 400;\">.\u00a0 <\/span><\/p>\n","protected":false},"excerpt":{"rendered":"<p>O Setor de Secretaria tem como miss\u00e3o manter atualizados e organizados, de forma eficiente e acess\u00edvel, todos os registros e documentos escolares e oficiais de todos os integrantes da Institui\u00e7\u00e3o Escolar. Tamb\u00e9m registra e documenta todos os processos que envolvem a entrada do aluno na institui\u00e7\u00e3o como; matr\u00edculas, entregas de hist\u00f3rico escolar, diplomas, emiss\u00e3o de&#8230;<\/p>\n","protected":false},"author":1,"featured_media":0,"parent":0,"menu_order":0,"comment_status":"closed","ping_status":"closed","template":"","meta":{"_acf_changed":false,"footnotes":""},"class_list":["post-82","page","type-page","status-publish","hentry"],"acf":[],"_links":{"self":[{"href":"https:\/\/www.acsc.com.br\/divinocoracao\/wp-json\/wp\/v2\/pages\/82","targetHints":{"allow":["GET"]}}],"collection":[{"href":"https:\/\/www.acsc.com.br\/divinocoracao\/wp-json\/wp\/v2\/pages"}],"about":[{"href":"https:\/\/www.acsc.com.br\/divinocoracao\/wp-json\/wp\/v2\/types\/page"}],"author":[{"embeddable":true,"href":"https:\/\/www.acsc.com.br\/divinocoracao\/wp-json\/wp\/v2\/users\/1"}],"replies":[{"embeddable":true,"href":"https:\/\/www.acsc.com.br\/divinocoracao\/wp-json\/wp\/v2\/comments?post=82"}],"version-history":[{"count":2,"href":"https:\/\/www.acsc.com.br\/divinocoracao\/wp-json\/wp\/v2\/pages\/82\/revisions"}],"predecessor-version":[{"id":229,"href":"https:\/\/www.acsc.com.br\/divinocoracao\/wp-json\/wp\/v2\/pages\/82\/revisions\/229"}],"wp:attachment":[{"href":"https:\/\/www.acsc.com.br\/divinocoracao\/wp-json\/wp\/v2\/media?parent=82"}],"curies":[{"name":"wp","href":"https:\/\/api.w.org\/{rel}","templated":true}]}}