{"id":72,"date":"2023-04-17T14:14:53","date_gmt":"2023-04-17T17:14:53","guid":{"rendered":"https:\/\/www.acsc.com.br\/divinocoracao\/?page_id=72"},"modified":"2023-08-11T11:46:45","modified_gmt":"2023-08-11T14:46:45","slug":"ensino-fundamental-anos-finais","status":"publish","type":"page","link":"https:\/\/www.acsc.com.br\/divinocoracao\/ensino-fundamental-anos-finais\/","title":{"rendered":"Ensino Fundamental \u2013 Anos Finais"},"content":{"rendered":"<p style=\"text-align: justify;\"><span style=\"font-weight: 400;\">O Ensino Fundamental tem como objetivo a forma\u00e7\u00e3o b\u00e1sica do aluno, mediante a sua capacidade de aprendizagem a leitura, escrita e c\u00e1lculo, constru\u00e7\u00e3o de conhecimentos, forma\u00e7\u00e3o de habilidades e compet\u00eancias, atitudes e valores humano-crist\u00e3s, da constru\u00e7\u00e3o coletiva, criatividade e a viv\u00eancia das rela\u00e7\u00f5es solid\u00e1rias e fraternas. Dentre seus objetivos tamb\u00e9m constam, ter compreens\u00e3o cr\u00edtica da realidade social, pol\u00edtica, econ\u00f4mica e religiosa do mundo e do meio em que se vive, <\/span><span style=\"font-weight: 400;\">desenvolver habilidades de intera\u00e7\u00e3o com o mundo, tecnologia, a partir de atitudes e valores humano-crist\u00e3os, intensificar a autonomia e compromisso com a cidadania, fortalecer os v\u00ednculos familiares, com redes de solidariedade, toler\u00e2ncia rec\u00edproca, comprometer-se como ser social que se empenha por uma sociedade mais justa e que a vida seja cuidada.<\/span><\/p>\n<p style=\"text-align: justify;\"><span style=\"font-weight: 400;\">O <\/span><b>Col\u00e9gio Divino Cora\u00e7\u00e3o<\/b><span style=\"font-weight: 400;\"> nos anos finais do <\/span><b>Ensino Fundamental (5\u00ba ao 9\u00ba ano)<\/b><span style=\"font-weight: 400;\">, tem professores pluridocentes que realizam o ensino de mat\u00e9rias espec\u00edficas de cada \u00e1rea de conhecimento. <\/span><span style=\"font-weight: 400;\">Este nivelamento conta com algumas atividades importantes para o desenvolvimento do aluno como acad\u00eamico e como cidad\u00e3o.<\/span><\/p>\n<p style=\"text-align: justify;\">\n<p style=\"text-align: justify;\"><b>Feira de Ci\u00eancias: <\/b><span style=\"font-weight: 400;\">Projeto realizado do 5\u00ba ao 8\u00ba ano, que tem por objetivo despertar a curiosidade e o interesse dos alunos,\u00a0 bem como incentivar a pesquisa, estimular a produ\u00e7\u00e3o de experimentos e curiosidades cient\u00edficas, a fim de contribuir para as mais diversas habilidades e compet\u00eancias pelos alunos.<\/span><\/p>\n<p style=\"text-align: justify;\"><b>Mostra Multidisciplinar do Conhecimento: <\/b><span style=\"font-weight: 400;\">\u00e9 um evento realizado do 6\u00ba ano ao Ensino M\u00e9dio,\u00a0 de car\u00e1ter acad\u00eamico-cient\u00edfico com a finalidade de difundir e dar visibilidade \u00e0s a\u00e7\u00f5es did\u00e1ticas desenvolvidas pelos professores na condu\u00e7\u00e3o de suas disciplinas curriculares. Um dos seus principais objetivos \u00e9 estimular a organiza\u00e7\u00e3o da escrita, produ\u00e7\u00e3o e apresenta\u00e7\u00e3o de trabalhos nos padr\u00f5es acad\u00eamicos de acordo com as possibilidades de cada faixa et\u00e1ria, al\u00e9m de favorecer <\/span><span style=\"font-weight: 400;\">a pesquisa, o senso cr\u00edtico, o trabalho em equipe e a avalia\u00e7\u00e3o externa.<\/span><\/p>\n<p style=\"text-align: justify;\"><b>Projeto de Vida:<\/b><span style=\"font-weight: 400;\"> realiza\u00e7\u00e3o de testes vocacionais e projeto \u201cprofiss\u00e3o e vida\u201d, onde profissionais de v\u00e1rias \u00e1reas de atua\u00e7\u00e3o de interesse dos alunos, s\u00e3o convidados para uma roda de conversa, a fim de elucidar as d\u00favidas dos estudantes sobre o mercado de trabalho.<\/span><\/p>\n<p style=\"text-align: justify;\"><b>Hor\u00e1rios<br \/>\n<\/b><b>Manh\u00e3: <\/b><span style=\"font-weight: 400;\">07h30min a 12h00<br \/>\n<\/span><b>email:<\/b><span style=\"font-weight: 400;\"> greyce.sse@divinocoracao.com.br<\/span><\/p>\n","protected":false},"excerpt":{"rendered":"<p>O Ensino Fundamental tem como objetivo a forma\u00e7\u00e3o b\u00e1sica do aluno, mediante a sua capacidade de aprendizagem a leitura, escrita e c\u00e1lculo, constru\u00e7\u00e3o de conhecimentos, forma\u00e7\u00e3o de habilidades e compet\u00eancias, atitudes e valores humano-crist\u00e3s, da constru\u00e7\u00e3o coletiva, criatividade e a viv\u00eancia das rela\u00e7\u00f5es solid\u00e1rias e fraternas. Dentre seus objetivos tamb\u00e9m constam, ter compreens\u00e3o cr\u00edtica da&#8230;<\/p>\n","protected":false},"author":1,"featured_media":0,"parent":0,"menu_order":0,"comment_status":"closed","ping_status":"closed","template":"","meta":{"_acf_changed":false,"footnotes":""},"class_list":["post-72","page","type-page","status-publish","hentry"],"acf":[],"_links":{"self":[{"href":"https:\/\/www.acsc.com.br\/divinocoracao\/wp-json\/wp\/v2\/pages\/72","targetHints":{"allow":["GET"]}}],"collection":[{"href":"https:\/\/www.acsc.com.br\/divinocoracao\/wp-json\/wp\/v2\/pages"}],"about":[{"href":"https:\/\/www.acsc.com.br\/divinocoracao\/wp-json\/wp\/v2\/types\/page"}],"author":[{"embeddable":true,"href":"https:\/\/www.acsc.com.br\/divinocoracao\/wp-json\/wp\/v2\/users\/1"}],"replies":[{"embeddable":true,"href":"https:\/\/www.acsc.com.br\/divinocoracao\/wp-json\/wp\/v2\/comments?post=72"}],"version-history":[{"count":3,"href":"https:\/\/www.acsc.com.br\/divinocoracao\/wp-json\/wp\/v2\/pages\/72\/revisions"}],"predecessor-version":[{"id":218,"href":"https:\/\/www.acsc.com.br\/divinocoracao\/wp-json\/wp\/v2\/pages\/72\/revisions\/218"}],"wp:attachment":[{"href":"https:\/\/www.acsc.com.br\/divinocoracao\/wp-json\/wp\/v2\/media?parent=72"}],"curies":[{"name":"wp","href":"https:\/\/api.w.org\/{rel}","templated":true}]}}