{"id":70,"date":"2023-04-17T14:14:37","date_gmt":"2023-04-17T17:14:37","guid":{"rendered":"https:\/\/www.acsc.com.br\/divinocoracao\/?page_id=70"},"modified":"2023-08-11T11:46:27","modified_gmt":"2023-08-11T14:46:27","slug":"ensino-fundamental-anos-iniciais","status":"publish","type":"page","link":"https:\/\/www.acsc.com.br\/divinocoracao\/ensino-fundamental-anos-iniciais\/","title":{"rendered":"Ensino Fundamental \u2013 Anos Iniciais"},"content":{"rendered":"<p style=\"text-align: justify;\"><span style=\"font-weight: 400;\">O Ensino Fundamental tem como objetivo a forma\u00e7\u00e3o b\u00e1sica do aluno, mediante a sua capacidade de aprendizagem a leitura, escrita e c\u00e1lculo, constru\u00e7\u00e3o de conhecimentos, forma\u00e7\u00e3o de habilidades e compet\u00eancias, atitudes e valores humano-crist\u00e3s, da constru\u00e7\u00e3o coletiva, criatividade e a viv\u00eancia das rela\u00e7\u00f5es solid\u00e1rias e fraternas. Dentre seus objetivos tamb\u00e9m constam, ter compreens\u00e3o cr\u00edtica da realidade social, pol\u00edtica, econ\u00f4mica e religiosa do mundo e do meio em que se vive, <\/span><span style=\"font-weight: 400;\">desenvolver habilidades de intera\u00e7\u00e3o com o mundo, tecnologia, a partir de atitudes e valores humano-crist\u00e3os, intensificar a autonomia e compromisso com a cidadania, fortalecer os v\u00ednculos familiares, com redes de solidariedade, toler\u00e2ncia rec\u00edproca, comprometer-se como ser social que se empenha por uma sociedade mais justa e que a vida seja cuidada.<\/span><\/p>\n<p style=\"text-align: justify;\"><b>No Col\u00e9gio Divino Cora\u00e7\u00e3o, nos anos iniciais (1\u00ba ao 4\u00ba ano<\/b><span style=\"font-weight: 400;\">), os alunos possuem um professor unidocente que realiza o ensino das disciplinas fundamentais para a grade curricular de forma\u00e7\u00e3o. Al\u00e9m disso, os alunos dos anos iniciais, possuem professores que lecionam disciplinas exclusivas, como: ingl\u00eas e educa\u00e7\u00e3o f\u00edsica.<\/span><\/p>\n<p style=\"text-align: justify;\"><span style=\"font-weight: 400;\">Este nivelamento conta com o <\/span><b>PROJETO ESTANTE M\u00c1GICA<\/b><span style=\"font-weight: 400;\">, projeto que d\u00e1 suporte \u00e0 produ\u00e7\u00e3o de livros dos estudantes, que criam hist\u00f3rias escritas e\/ou ilustra\u00e7\u00f5es com o aux\u00edlio dos docentes.\u00a0 <\/span><span style=\"font-weight: 400;\">\u00a0<\/span><span style=\"font-weight: 400;\">Essas produ\u00e7\u00f5es s\u00e3o enviadas \u00e0 Estante M\u00e1gica por meio das plataformas da marca, e s\u00e3o transformadas digitalmente em livros digitais gratuitos, que podem ser acessados pela institui\u00e7\u00e3o de ensino e por familiares.<\/span><\/p>\n<p style=\"text-align: justify;\"><span style=\"font-weight: 400;\">Conta tamb\u00e9m com o Projeto <\/span><b>CDC FEST<\/b><span style=\"font-weight: 400;\"> (Festival de Criatividade, Diversidade e Cultura), um festival interdisciplinar que ocorre anualmente, geralmente no m\u00eas de Julho, dentro do ambiente escolar a fim de discutir sobre os temas escolhidos, favorecendo a pesquisa, trabalho em equipe, envolvimento familiar, dentre outros.<\/span><\/p>\n<p style=\"text-align: justify;\"><b>Hor\u00e1rios<br \/>\n<\/b><b>Tarde: 1<\/b><span style=\"font-weight: 400;\">3h15min \u00e1s 17h30min<br \/>\n<\/span><b>E-mail:<\/b><span style=\"font-weight: 400;\"> paula.cipe@divinocoracao.com.br<\/span><\/p>\n","protected":false},"excerpt":{"rendered":"<p>O Ensino Fundamental tem como objetivo a forma\u00e7\u00e3o b\u00e1sica do aluno, mediante a sua capacidade de aprendizagem a leitura, escrita e c\u00e1lculo, constru\u00e7\u00e3o de conhecimentos, forma\u00e7\u00e3o de habilidades e compet\u00eancias, atitudes e valores humano-crist\u00e3s, da constru\u00e7\u00e3o coletiva, criatividade e a viv\u00eancia das rela\u00e7\u00f5es solid\u00e1rias e fraternas. Dentre seus objetivos tamb\u00e9m constam, ter compreens\u00e3o cr\u00edtica da&#8230;<\/p>\n","protected":false},"author":1,"featured_media":0,"parent":0,"menu_order":0,"comment_status":"closed","ping_status":"closed","template":"","meta":{"_acf_changed":false,"footnotes":""},"class_list":["post-70","page","type-page","status-publish","hentry"],"acf":[],"_links":{"self":[{"href":"https:\/\/www.acsc.com.br\/divinocoracao\/wp-json\/wp\/v2\/pages\/70","targetHints":{"allow":["GET"]}}],"collection":[{"href":"https:\/\/www.acsc.com.br\/divinocoracao\/wp-json\/wp\/v2\/pages"}],"about":[{"href":"https:\/\/www.acsc.com.br\/divinocoracao\/wp-json\/wp\/v2\/types\/page"}],"author":[{"embeddable":true,"href":"https:\/\/www.acsc.com.br\/divinocoracao\/wp-json\/wp\/v2\/users\/1"}],"replies":[{"embeddable":true,"href":"https:\/\/www.acsc.com.br\/divinocoracao\/wp-json\/wp\/v2\/comments?post=70"}],"version-history":[{"count":3,"href":"https:\/\/www.acsc.com.br\/divinocoracao\/wp-json\/wp\/v2\/pages\/70\/revisions"}],"predecessor-version":[{"id":217,"href":"https:\/\/www.acsc.com.br\/divinocoracao\/wp-json\/wp\/v2\/pages\/70\/revisions\/217"}],"wp:attachment":[{"href":"https:\/\/www.acsc.com.br\/divinocoracao\/wp-json\/wp\/v2\/media?parent=70"}],"curies":[{"name":"wp","href":"https:\/\/api.w.org\/{rel}","templated":true}]}}