{"id":65,"date":"2023-04-17T14:12:55","date_gmt":"2023-04-17T17:12:55","guid":{"rendered":"https:\/\/www.acsc.com.br\/divinocoracao\/?page_id=65"},"modified":"2023-04-17T14:12:55","modified_gmt":"2023-04-17T17:12:55","slug":"objetivos-gerais-da-escola","status":"publish","type":"page","link":"https:\/\/www.acsc.com.br\/divinocoracao\/objetivos-gerais-da-escola\/","title":{"rendered":"Objetivos Gerais da Escola"},"content":{"rendered":"<p><span style=\"font-weight: 400;\">As institui\u00e7\u00f5es escolares da Associa\u00e7\u00e3o Congrega\u00e7\u00e3o de Santa Catarina (ACSC) tem confessionalidade crist\u00e3 inspiradas no Carisma de sua fundadora, a Bem-Aventurada Regina Protmann, tendo como objetivo promover e consolidar educa\u00e7\u00e3o como processo de crescimento humano crist\u00e3o e profissional, assegurando a forma\u00e7\u00e3o comum indispens\u00e1vel para o exerc\u00edcio da cidadania, fornecendo meios para prosseguir no trabalho e nos estudos posteriores, conforme o\u00a0 Projeto Pol\u00edtico Pedag\u00f3gico Pastoral (PPPP).\u00a0\u00a0<\/span><\/p>\n<p><span style=\"font-weight: 400;\">Ainda, a ACSC oferece educa\u00e7\u00e3o b\u00e1sica em seus n\u00edveis de Educa\u00e7\u00e3o Infantil, Ensino Fundamental, Ensino M\u00e9dio e Novo Ensino M\u00e9dio e Atendimento Educacional Especializado (AEE) para estudantes com defici\u00eancia, transtornos globais do desenvolvimento e altas habilidades\/superdota\u00e7\u00e3o.\u00a0<\/span><\/p>\n","protected":false},"excerpt":{"rendered":"<p>As institui\u00e7\u00f5es escolares da Associa\u00e7\u00e3o Congrega\u00e7\u00e3o de Santa Catarina (ACSC) tem confessionalidade crist\u00e3 inspiradas no Carisma de sua fundadora, a Bem-Aventurada Regina Protmann, tendo como objetivo promover e consolidar educa\u00e7\u00e3o como processo de crescimento humano crist\u00e3o e profissional, assegurando a forma\u00e7\u00e3o comum indispens\u00e1vel para o exerc\u00edcio da cidadania, fornecendo meios para prosseguir no trabalho e&#8230;<\/p>\n","protected":false},"author":1,"featured_media":0,"parent":0,"menu_order":0,"comment_status":"closed","ping_status":"closed","template":"","meta":{"_acf_changed":false,"footnotes":""},"class_list":["post-65","page","type-page","status-publish","hentry"],"acf":[],"_links":{"self":[{"href":"https:\/\/www.acsc.com.br\/divinocoracao\/wp-json\/wp\/v2\/pages\/65","targetHints":{"allow":["GET"]}}],"collection":[{"href":"https:\/\/www.acsc.com.br\/divinocoracao\/wp-json\/wp\/v2\/pages"}],"about":[{"href":"https:\/\/www.acsc.com.br\/divinocoracao\/wp-json\/wp\/v2\/types\/page"}],"author":[{"embeddable":true,"href":"https:\/\/www.acsc.com.br\/divinocoracao\/wp-json\/wp\/v2\/users\/1"}],"replies":[{"embeddable":true,"href":"https:\/\/www.acsc.com.br\/divinocoracao\/wp-json\/wp\/v2\/comments?post=65"}],"version-history":[{"count":1,"href":"https:\/\/www.acsc.com.br\/divinocoracao\/wp-json\/wp\/v2\/pages\/65\/revisions"}],"predecessor-version":[{"id":66,"href":"https:\/\/www.acsc.com.br\/divinocoracao\/wp-json\/wp\/v2\/pages\/65\/revisions\/66"}],"wp:attachment":[{"href":"https:\/\/www.acsc.com.br\/divinocoracao\/wp-json\/wp\/v2\/media?parent=65"}],"curies":[{"name":"wp","href":"https:\/\/api.w.org\/{rel}","templated":true}]}}