{"id":588,"date":"2026-03-24T15:57:31","date_gmt":"2026-03-24T18:57:31","guid":{"rendered":"https:\/\/www.acsc.com.br\/divinocoracao\/?page_id=588"},"modified":"2026-03-24T15:57:58","modified_gmt":"2026-03-24T18:57:58","slug":"o-projeto-transicao-de-turno-do-4o-para-o-5o-ano","status":"publish","type":"page","link":"https:\/\/www.acsc.com.br\/divinocoracao\/o-projeto-transicao-de-turno-do-4o-para-o-5o-ano\/","title":{"rendered":"O Projeto Transi\u00e7\u00e3o de Turno \u2014 do 4\u00ba para o 5\u00ba ano"},"content":{"rendered":"<p>O Projeto Transi\u00e7\u00e3o de Turno \u2014 do 4\u00ba para o 5\u00ba ano \u2014 \u00e9 um momento essencial de acolhimento e prepara\u00e7\u00e3o dos estudantes para uma nova etapa de sua trajet\u00f3ria escolar. A iniciativa busca proporcionar seguran\u00e7a, fortalecer a autonomia e orientar os alunos diante das mudan\u00e7as de rotina, professores e responsabilidades, tornando esse processo mais tranquilo e significativo. Com cuidado e intencionalidade, valorizamos cada passo desse crescimento, incentivando a confian\u00e7a e o protagonismo dos nossos estudantes.<\/p>\n<p>&nbsp;<\/p>\n<div class=\"w-gallery cols_4 link_file with_indents\"><div class=\"w-gallery-list\"><a class=\"w-gallery-item order_1\" href=\"https:\/\/www.acsc.com.br\/divinocoracao\/wp-content\/uploads\/sites\/4\/2026\/03\/WhatsApp-Image-2026-03-24-at-15.26.14-1.jpeg\" title=\"\"><div class=\"w-gallery-item-img\"><img loading=\"lazy\" decoding=\"async\" width=\"720\" height=\"1280\" src=\"https:\/\/www.acsc.com.br\/divinocoracao\/wp-content\/uploads\/sites\/4\/2026\/03\/WhatsApp-Image-2026-03-24-at-15.26.14-1.jpeg\" class=\"attachment-full size-full\" alt=\"\" srcset=\"https:\/\/www.acsc.com.br\/divinocoracao\/wp-content\/uploads\/sites\/4\/2026\/03\/WhatsApp-Image-2026-03-24-at-15.26.14-1.jpeg 720w, https:\/\/www.acsc.com.br\/divinocoracao\/wp-content\/uploads\/sites\/4\/2026\/03\/WhatsApp-Image-2026-03-24-at-15.26.14-1-169x300.jpeg 169w, https:\/\/www.acsc.com.br\/divinocoracao\/wp-content\/uploads\/sites\/4\/2026\/03\/WhatsApp-Image-2026-03-24-at-15.26.14-1-576x1024.jpeg 576w\" sizes=\"auto, (max-width: 720px) 100vw, 720px\" \/><\/div><\/a><a class=\"w-gallery-item order_2\" href=\"https:\/\/www.acsc.com.br\/divinocoracao\/wp-content\/uploads\/sites\/4\/2026\/03\/WhatsApp-Image-2026-03-24-at-15.26.14.jpeg\" title=\"\"><div class=\"w-gallery-item-img\"><img loading=\"lazy\" decoding=\"async\" width=\"720\" height=\"1280\" src=\"https:\/\/www.acsc.com.br\/divinocoracao\/wp-content\/uploads\/sites\/4\/2026\/03\/WhatsApp-Image-2026-03-24-at-15.26.14.jpeg\" class=\"attachment-full size-full\" alt=\"\" srcset=\"https:\/\/www.acsc.com.br\/divinocoracao\/wp-content\/uploads\/sites\/4\/2026\/03\/WhatsApp-Image-2026-03-24-at-15.26.14.jpeg 720w, https:\/\/www.acsc.com.br\/divinocoracao\/wp-content\/uploads\/sites\/4\/2026\/03\/WhatsApp-Image-2026-03-24-at-15.26.14-169x300.jpeg 169w, https:\/\/www.acsc.com.br\/divinocoracao\/wp-content\/uploads\/sites\/4\/2026\/03\/WhatsApp-Image-2026-03-24-at-15.26.14-576x1024.jpeg 576w\" sizes=\"auto, (max-width: 720px) 100vw, 720px\" \/><\/div><\/a><a class=\"w-gallery-item order_3\" href=\"https:\/\/www.acsc.com.br\/divinocoracao\/wp-content\/uploads\/sites\/4\/2026\/03\/WhatsApp-Image-2026-03-24-at-15.26.13-1.jpeg\" title=\"\"><div class=\"w-gallery-item-img\"><img loading=\"lazy\" decoding=\"async\" width=\"720\" height=\"1280\" src=\"https:\/\/www.acsc.com.br\/divinocoracao\/wp-content\/uploads\/sites\/4\/2026\/03\/WhatsApp-Image-2026-03-24-at-15.26.13-1.jpeg\" class=\"attachment-full size-full\" alt=\"\" srcset=\"https:\/\/www.acsc.com.br\/divinocoracao\/wp-content\/uploads\/sites\/4\/2026\/03\/WhatsApp-Image-2026-03-24-at-15.26.13-1.jpeg 720w, https:\/\/www.acsc.com.br\/divinocoracao\/wp-content\/uploads\/sites\/4\/2026\/03\/WhatsApp-Image-2026-03-24-at-15.26.13-1-169x300.jpeg 169w, https:\/\/www.acsc.com.br\/divinocoracao\/wp-content\/uploads\/sites\/4\/2026\/03\/WhatsApp-Image-2026-03-24-at-15.26.13-1-576x1024.jpeg 576w\" sizes=\"auto, (max-width: 720px) 100vw, 720px\" \/><\/div><\/a><a class=\"w-gallery-item order_4\" href=\"https:\/\/www.acsc.com.br\/divinocoracao\/wp-content\/uploads\/sites\/4\/2026\/03\/WhatsApp-Image-2026-03-24-at-15.26.13.jpeg\" title=\"\"><div class=\"w-gallery-item-img\"><img loading=\"lazy\" decoding=\"async\" width=\"1200\" height=\"1600\" src=\"https:\/\/www.acsc.com.br\/divinocoracao\/wp-content\/uploads\/sites\/4\/2026\/03\/WhatsApp-Image-2026-03-24-at-15.26.13.jpeg\" class=\"attachment-full size-full\" alt=\"\" srcset=\"https:\/\/www.acsc.com.br\/divinocoracao\/wp-content\/uploads\/sites\/4\/2026\/03\/WhatsApp-Image-2026-03-24-at-15.26.13.jpeg 1200w, https:\/\/www.acsc.com.br\/divinocoracao\/wp-content\/uploads\/sites\/4\/2026\/03\/WhatsApp-Image-2026-03-24-at-15.26.13-225x300.jpeg 225w, https:\/\/www.acsc.com.br\/divinocoracao\/wp-content\/uploads\/sites\/4\/2026\/03\/WhatsApp-Image-2026-03-24-at-15.26.13-768x1024.jpeg 768w\" sizes=\"auto, (max-width: 1200px) 100vw, 1200px\" \/><\/div><\/a><\/div><\/div>\n","protected":false},"excerpt":{"rendered":"<p>O Projeto Transi\u00e7\u00e3o de Turno \u2014 do 4\u00ba para o 5\u00ba ano \u2014 \u00e9 um momento essencial de acolhimento e prepara\u00e7\u00e3o dos estudantes para uma nova etapa de sua trajet\u00f3ria escolar. A iniciativa busca proporcionar seguran\u00e7a, fortalecer a autonomia e orientar os alunos diante das mudan\u00e7as de rotina, professores e responsabilidades, tornando esse processo mais&#8230;<\/p>\n","protected":false},"author":1,"featured_media":0,"parent":0,"menu_order":0,"comment_status":"closed","ping_status":"closed","template":"","meta":{"_acf_changed":false,"footnotes":""},"class_list":["post-588","page","type-page","status-publish","hentry"],"acf":[],"_links":{"self":[{"href":"https:\/\/www.acsc.com.br\/divinocoracao\/wp-json\/wp\/v2\/pages\/588","targetHints":{"allow":["GET"]}}],"collection":[{"href":"https:\/\/www.acsc.com.br\/divinocoracao\/wp-json\/wp\/v2\/pages"}],"about":[{"href":"https:\/\/www.acsc.com.br\/divinocoracao\/wp-json\/wp\/v2\/types\/page"}],"author":[{"embeddable":true,"href":"https:\/\/www.acsc.com.br\/divinocoracao\/wp-json\/wp\/v2\/users\/1"}],"replies":[{"embeddable":true,"href":"https:\/\/www.acsc.com.br\/divinocoracao\/wp-json\/wp\/v2\/comments?post=588"}],"version-history":[{"count":2,"href":"https:\/\/www.acsc.com.br\/divinocoracao\/wp-json\/wp\/v2\/pages\/588\/revisions"}],"predecessor-version":[{"id":594,"href":"https:\/\/www.acsc.com.br\/divinocoracao\/wp-json\/wp\/v2\/pages\/588\/revisions\/594"}],"wp:attachment":[{"href":"https:\/\/www.acsc.com.br\/divinocoracao\/wp-json\/wp\/v2\/media?parent=588"}],"curies":[{"name":"wp","href":"https:\/\/api.w.org\/{rel}","templated":true}]}}