{"id":556,"date":"2026-03-24T14:01:38","date_gmt":"2026-03-24T17:01:38","guid":{"rendered":"https:\/\/www.acsc.com.br\/divinocoracao\/?page_id=556"},"modified":"2026-03-24T14:05:22","modified_gmt":"2026-03-24T17:05:22","slug":"projeto-fluir-para-o-futuro","status":"publish","type":"page","link":"https:\/\/www.acsc.com.br\/divinocoracao\/projeto-fluir-para-o-futuro\/","title":{"rendered":"Projeto Fluir para o Futuro"},"content":{"rendered":"<p>Cultura de Paz no ambiente escolar uma pr\u00e1tica antibullying!<\/p>\n<p>Projeto Fluir para o Futuro:<br \/>\nTem como objetivo promover o desenvolvimento socioemocional de estudantes do Ensino Fundamental e M\u00e9dio, por meio de interven\u00e7\u00f5es psicoeducativas que abordam temas contempor\u00e2neos relevantes, como conviv\u00eancia, uso da tecnologia, responsabilidade e constru\u00e7\u00e3o de projeto de vida.<\/p>\n<div class=\"w-gallery cols_3 link_file\"><div class=\"w-gallery-list\"><a class=\"w-gallery-item order_1\" href=\"https:\/\/www.acsc.com.br\/divinocoracao\/wp-content\/uploads\/sites\/4\/2026\/03\/WhatsApp-Image-2026-03-24-at-13.21.31.jpeg\" title=\"\"><div class=\"w-gallery-item-img\"><img loading=\"lazy\" decoding=\"async\" width=\"150\" height=\"150\" src=\"https:\/\/www.acsc.com.br\/divinocoracao\/wp-content\/uploads\/sites\/4\/2026\/03\/WhatsApp-Image-2026-03-24-at-13.21.31-150x150.jpeg\" class=\"attachment-thumbnail size-thumbnail\" alt=\"\" \/><\/div><\/a><a class=\"w-gallery-item order_2\" href=\"https:\/\/www.acsc.com.br\/divinocoracao\/wp-content\/uploads\/sites\/4\/2026\/03\/WhatsApp-Image-2026-03-24-at-13.21.33.jpeg\" title=\"\"><div class=\"w-gallery-item-img\"><img loading=\"lazy\" decoding=\"async\" width=\"150\" height=\"150\" src=\"https:\/\/www.acsc.com.br\/divinocoracao\/wp-content\/uploads\/sites\/4\/2026\/03\/WhatsApp-Image-2026-03-24-at-13.21.33-150x150.jpeg\" class=\"attachment-thumbnail size-thumbnail\" alt=\"\" \/><\/div><\/a><a class=\"w-gallery-item order_3\" href=\"https:\/\/www.acsc.com.br\/divinocoracao\/wp-content\/uploads\/sites\/4\/2026\/03\/WhatsApp-Image-2026-03-24-at-13.21.32-2.jpeg\" title=\"\"><div class=\"w-gallery-item-img\"><img loading=\"lazy\" decoding=\"async\" width=\"150\" height=\"150\" src=\"https:\/\/www.acsc.com.br\/divinocoracao\/wp-content\/uploads\/sites\/4\/2026\/03\/WhatsApp-Image-2026-03-24-at-13.21.32-2-150x150.jpeg\" class=\"attachment-thumbnail size-thumbnail\" alt=\"\" \/><\/div><\/a><a class=\"w-gallery-item order_4\" href=\"https:\/\/www.acsc.com.br\/divinocoracao\/wp-content\/uploads\/sites\/4\/2026\/03\/WhatsApp-Image-2026-03-24-at-13.21.32-1.jpeg\" title=\"\"><div class=\"w-gallery-item-img\"><img loading=\"lazy\" decoding=\"async\" width=\"150\" height=\"150\" src=\"https:\/\/www.acsc.com.br\/divinocoracao\/wp-content\/uploads\/sites\/4\/2026\/03\/WhatsApp-Image-2026-03-24-at-13.21.32-1-150x150.jpeg\" class=\"attachment-thumbnail size-thumbnail\" alt=\"\" \/><\/div><\/a><a class=\"w-gallery-item order_5\" href=\"https:\/\/www.acsc.com.br\/divinocoracao\/wp-content\/uploads\/sites\/4\/2026\/03\/WhatsApp-Image-2026-03-24-at-13.21.32.jpeg\" title=\"\"><div class=\"w-gallery-item-img\"><img loading=\"lazy\" decoding=\"async\" width=\"150\" height=\"150\" src=\"https:\/\/www.acsc.com.br\/divinocoracao\/wp-content\/uploads\/sites\/4\/2026\/03\/WhatsApp-Image-2026-03-24-at-13.21.32-150x150.jpeg\" class=\"attachment-thumbnail size-thumbnail\" alt=\"\" \/><\/div><\/a><a class=\"w-gallery-item order_6\" href=\"https:\/\/www.acsc.com.br\/divinocoracao\/wp-content\/uploads\/sites\/4\/2026\/03\/WhatsApp-Image-2026-03-24-at-13.21.31-1.jpeg\" title=\"\"><div class=\"w-gallery-item-img\"><img loading=\"lazy\" decoding=\"async\" width=\"150\" height=\"150\" src=\"https:\/\/www.acsc.com.br\/divinocoracao\/wp-content\/uploads\/sites\/4\/2026\/03\/WhatsApp-Image-2026-03-24-at-13.21.31-1-150x150.jpeg\" class=\"attachment-thumbnail size-thumbnail\" alt=\"\" \/><\/div><\/a><\/div><\/div>\n","protected":false},"excerpt":{"rendered":"<p>Cultura de Paz no ambiente escolar uma pr\u00e1tica antibullying! Projeto Fluir para o Futuro: Tem como objetivo promover o desenvolvimento socioemocional de estudantes do Ensino Fundamental e M\u00e9dio, por meio de interven\u00e7\u00f5es psicoeducativas que abordam temas contempor\u00e2neos relevantes, como conviv\u00eancia, uso da tecnologia, responsabilidade e constru\u00e7\u00e3o de projeto de vida.<\/p>\n","protected":false},"author":1,"featured_media":0,"parent":0,"menu_order":0,"comment_status":"closed","ping_status":"closed","template":"","meta":{"_acf_changed":false,"footnotes":""},"class_list":["post-556","page","type-page","status-publish","hentry"],"acf":[],"_links":{"self":[{"href":"https:\/\/www.acsc.com.br\/divinocoracao\/wp-json\/wp\/v2\/pages\/556","targetHints":{"allow":["GET"]}}],"collection":[{"href":"https:\/\/www.acsc.com.br\/divinocoracao\/wp-json\/wp\/v2\/pages"}],"about":[{"href":"https:\/\/www.acsc.com.br\/divinocoracao\/wp-json\/wp\/v2\/types\/page"}],"author":[{"embeddable":true,"href":"https:\/\/www.acsc.com.br\/divinocoracao\/wp-json\/wp\/v2\/users\/1"}],"replies":[{"embeddable":true,"href":"https:\/\/www.acsc.com.br\/divinocoracao\/wp-json\/wp\/v2\/comments?post=556"}],"version-history":[{"count":2,"href":"https:\/\/www.acsc.com.br\/divinocoracao\/wp-json\/wp\/v2\/pages\/556\/revisions"}],"predecessor-version":[{"id":573,"href":"https:\/\/www.acsc.com.br\/divinocoracao\/wp-json\/wp\/v2\/pages\/556\/revisions\/573"}],"wp:attachment":[{"href":"https:\/\/www.acsc.com.br\/divinocoracao\/wp-json\/wp\/v2\/media?parent=556"}],"curies":[{"name":"wp","href":"https:\/\/api.w.org\/{rel}","templated":true}]}}