{"id":262,"date":"2023-08-11T15:04:39","date_gmt":"2023-08-11T18:04:39","guid":{"rendered":"https:\/\/www.acsc.com.br\/divinocoracao\/?page_id=262"},"modified":"2023-08-11T15:04:39","modified_gmt":"2023-08-11T18:04:39","slug":"projeto-de-iniciacao-esportiva","status":"publish","type":"page","link":"https:\/\/www.acsc.com.br\/divinocoracao\/projeto-de-iniciacao-esportiva\/","title":{"rendered":"Projeto de Inicia\u00e7\u00e3o Esportiva"},"content":{"rendered":"<p style=\"text-align: justify;\"><span style=\"font-weight: 400;\">O programa de Inicia\u00e7\u00e3o Esportiva promove m\u00faltiplos benef\u00edcios para a forma\u00e7\u00e3o integral da crian\u00e7a tais como: o desenvolvimento f\u00edsico, psicol\u00f3gico, cognitivo e social. Possibilitando um estilo de vida saud\u00e1vel na vida adulta. Assim o Col\u00e9gio Divino Cora\u00e7\u00e3o tem por objetivo atrav\u00e9s deste projeto promover o desenvolvimento motor, s\u00f3cio educacional, s\u00f3cio afetivo e esportivos dos alunos atrav\u00e9s do ensino-aprendizagem e pr\u00e1tica de v\u00e1rias modalidades esportivas, proporcionando-lhes uma maior autonomia e integra\u00e7\u00e3o social.<\/span><\/p>\n<p>&nbsp;<\/p>\n<p style=\"text-align: center;\"><img loading=\"lazy\" decoding=\"async\" class=\"alignnone wp-image-263 size-full\" src=\"https:\/\/www.acsc.com.br\/divinocoracao\/wp-content\/uploads\/sites\/4\/2023\/08\/Screenshot-2023-08-11-at-15.03.47.png\" alt=\"\" width=\"622\" height=\"882\" srcset=\"https:\/\/www.acsc.com.br\/divinocoracao\/wp-content\/uploads\/sites\/4\/2023\/08\/Screenshot-2023-08-11-at-15.03.47.png 622w, https:\/\/www.acsc.com.br\/divinocoracao\/wp-content\/uploads\/sites\/4\/2023\/08\/Screenshot-2023-08-11-at-15.03.47-212x300.png 212w\" sizes=\"auto, (max-width: 622px) 100vw, 622px\" \/><\/p>\n","protected":false},"excerpt":{"rendered":"<p>O programa de Inicia\u00e7\u00e3o Esportiva promove m\u00faltiplos benef\u00edcios para a forma\u00e7\u00e3o integral da crian\u00e7a tais como: o desenvolvimento f\u00edsico, psicol\u00f3gico, cognitivo e social. Possibilitando um estilo de vida saud\u00e1vel na vida adulta. Assim o Col\u00e9gio Divino Cora\u00e7\u00e3o tem por objetivo atrav\u00e9s deste projeto promover o desenvolvimento motor, s\u00f3cio educacional, s\u00f3cio afetivo e esportivos dos alunos&#8230;<\/p>\n","protected":false},"author":1,"featured_media":0,"parent":0,"menu_order":0,"comment_status":"closed","ping_status":"closed","template":"","meta":{"_acf_changed":false,"footnotes":""},"class_list":["post-262","page","type-page","status-publish","hentry"],"acf":[],"_links":{"self":[{"href":"https:\/\/www.acsc.com.br\/divinocoracao\/wp-json\/wp\/v2\/pages\/262","targetHints":{"allow":["GET"]}}],"collection":[{"href":"https:\/\/www.acsc.com.br\/divinocoracao\/wp-json\/wp\/v2\/pages"}],"about":[{"href":"https:\/\/www.acsc.com.br\/divinocoracao\/wp-json\/wp\/v2\/types\/page"}],"author":[{"embeddable":true,"href":"https:\/\/www.acsc.com.br\/divinocoracao\/wp-json\/wp\/v2\/users\/1"}],"replies":[{"embeddable":true,"href":"https:\/\/www.acsc.com.br\/divinocoracao\/wp-json\/wp\/v2\/comments?post=262"}],"version-history":[{"count":1,"href":"https:\/\/www.acsc.com.br\/divinocoracao\/wp-json\/wp\/v2\/pages\/262\/revisions"}],"predecessor-version":[{"id":264,"href":"https:\/\/www.acsc.com.br\/divinocoracao\/wp-json\/wp\/v2\/pages\/262\/revisions\/264"}],"wp:attachment":[{"href":"https:\/\/www.acsc.com.br\/divinocoracao\/wp-json\/wp\/v2\/media?parent=262"}],"curies":[{"name":"wp","href":"https:\/\/api.w.org\/{rel}","templated":true}]}}