{"id":259,"date":"2023-08-11T14:48:58","date_gmt":"2023-08-11T17:48:58","guid":{"rendered":"https:\/\/www.acsc.com.br\/divinocoracao\/?page_id=259"},"modified":"2026-03-24T14:23:11","modified_gmt":"2026-03-24T17:23:11","slug":"projeto-estante-magica","status":"publish","type":"page","link":"https:\/\/www.acsc.com.br\/divinocoracao\/projeto-estante-magica\/","title":{"rendered":"Projeto \u201cEstante M\u00e1gica\u201d"},"content":{"rendered":"<p>O projeto Estante M\u00e1gica, desenvolvido com os estudantes do 1\u00ba ao 4\u00ba ano do Col\u00e9gio Divino Cora\u00e7\u00e3o, tem como principal objetivo incentivar a leitura e a escrita de forma significativa e afetiva, alinhada aos valores da nossa institui\u00e7\u00e3o. A proposta convida cada crian\u00e7a a se reconhecer como autora de sua pr\u00f3pria hist\u00f3ria, estimulando a criatividade, a express\u00e3o de sentimentos e o desenvolvimento da autonomia. Como culmin\u00e2ncia, realizamos um momento especial de celebra\u00e7\u00e3o, uma tarde de aut\u00f3grafos, em que os alunos compartilham suas produ\u00e7\u00f5es com as fam\u00edlias, vivenciando uma experi\u00eancia \u00fanica de reconhecimento e pertencimento.<\/p>\n<p>&nbsp;<\/p>\n<div class=\"w-gallery cols_3 link_file with_indents\"><div class=\"w-gallery-list\"><a class=\"w-gallery-item order_1\" href=\"https:\/\/www.acsc.com.br\/divinocoracao\/wp-content\/uploads\/sites\/4\/2026\/03\/WhatsApp-Image-2026-03-24-at-13.20.20.jpeg\" title=\"\"><div class=\"w-gallery-item-img\"><img loading=\"lazy\" decoding=\"async\" width=\"1264\" height=\"696\" src=\"https:\/\/www.acsc.com.br\/divinocoracao\/wp-content\/uploads\/sites\/4\/2026\/03\/WhatsApp-Image-2026-03-24-at-13.20.20.jpeg\" class=\"attachment-full size-full\" alt=\"\" srcset=\"https:\/\/www.acsc.com.br\/divinocoracao\/wp-content\/uploads\/sites\/4\/2026\/03\/WhatsApp-Image-2026-03-24-at-13.20.20.jpeg 1264w, https:\/\/www.acsc.com.br\/divinocoracao\/wp-content\/uploads\/sites\/4\/2026\/03\/WhatsApp-Image-2026-03-24-at-13.20.20-300x165.jpeg 300w, https:\/\/www.acsc.com.br\/divinocoracao\/wp-content\/uploads\/sites\/4\/2026\/03\/WhatsApp-Image-2026-03-24-at-13.20.20-1024x564.jpeg 1024w\" sizes=\"auto, (max-width: 1264px) 100vw, 1264px\" \/><\/div><\/a><a class=\"w-gallery-item order_2\" href=\"https:\/\/www.acsc.com.br\/divinocoracao\/wp-content\/uploads\/sites\/4\/2026\/03\/WhatsApp-Image-2026-03-24-at-13.20.22.jpeg\" title=\"\"><div class=\"w-gallery-item-img\"><img loading=\"lazy\" decoding=\"async\" width=\"918\" height=\"1384\" src=\"https:\/\/www.acsc.com.br\/divinocoracao\/wp-content\/uploads\/sites\/4\/2026\/03\/WhatsApp-Image-2026-03-24-at-13.20.22.jpeg\" class=\"attachment-full size-full\" alt=\"\" srcset=\"https:\/\/www.acsc.com.br\/divinocoracao\/wp-content\/uploads\/sites\/4\/2026\/03\/WhatsApp-Image-2026-03-24-at-13.20.22.jpeg 918w, https:\/\/www.acsc.com.br\/divinocoracao\/wp-content\/uploads\/sites\/4\/2026\/03\/WhatsApp-Image-2026-03-24-at-13.20.22-199x300.jpeg 199w, https:\/\/www.acsc.com.br\/divinocoracao\/wp-content\/uploads\/sites\/4\/2026\/03\/WhatsApp-Image-2026-03-24-at-13.20.22-679x1024.jpeg 679w\" sizes=\"auto, (max-width: 918px) 100vw, 918px\" \/><\/div><\/a><a class=\"w-gallery-item order_3\" href=\"https:\/\/www.acsc.com.br\/divinocoracao\/wp-content\/uploads\/sites\/4\/2026\/03\/WhatsApp-Image-2026-03-24-at-13.20.21-1.jpeg\" title=\"\"><div class=\"w-gallery-item-img\"><img loading=\"lazy\" decoding=\"async\" width=\"542\" height=\"774\" src=\"https:\/\/www.acsc.com.br\/divinocoracao\/wp-content\/uploads\/sites\/4\/2026\/03\/WhatsApp-Image-2026-03-24-at-13.20.21-1.jpeg\" class=\"attachment-full size-full\" alt=\"\" srcset=\"https:\/\/www.acsc.com.br\/divinocoracao\/wp-content\/uploads\/sites\/4\/2026\/03\/WhatsApp-Image-2026-03-24-at-13.20.21-1.jpeg 542w, https:\/\/www.acsc.com.br\/divinocoracao\/wp-content\/uploads\/sites\/4\/2026\/03\/WhatsApp-Image-2026-03-24-at-13.20.21-1-210x300.jpeg 210w\" sizes=\"auto, (max-width: 542px) 100vw, 542px\" \/><\/div><\/a><a class=\"w-gallery-item order_4\" href=\"https:\/\/www.acsc.com.br\/divinocoracao\/wp-content\/uploads\/sites\/4\/2026\/03\/WhatsApp-Image-2026-03-24-at-13.20.21.jpeg\" title=\"\"><div class=\"w-gallery-item-img\"><img loading=\"lazy\" decoding=\"async\" width=\"1455\" height=\"1587\" src=\"https:\/\/www.acsc.com.br\/divinocoracao\/wp-content\/uploads\/sites\/4\/2026\/03\/WhatsApp-Image-2026-03-24-at-13.20.21.jpeg\" class=\"attachment-full size-full\" alt=\"\" srcset=\"https:\/\/www.acsc.com.br\/divinocoracao\/wp-content\/uploads\/sites\/4\/2026\/03\/WhatsApp-Image-2026-03-24-at-13.20.21.jpeg 1455w, https:\/\/www.acsc.com.br\/divinocoracao\/wp-content\/uploads\/sites\/4\/2026\/03\/WhatsApp-Image-2026-03-24-at-13.20.21-275x300.jpeg 275w, https:\/\/www.acsc.com.br\/divinocoracao\/wp-content\/uploads\/sites\/4\/2026\/03\/WhatsApp-Image-2026-03-24-at-13.20.21-939x1024.jpeg 939w\" sizes=\"auto, (max-width: 1455px) 100vw, 1455px\" \/><\/div><\/a><a class=\"w-gallery-item order_5\" href=\"https:\/\/www.acsc.com.br\/divinocoracao\/wp-content\/uploads\/sites\/4\/2026\/03\/WhatsApp-Image-2026-03-24-at-13.20.20-1.jpeg\" title=\"\"><div class=\"w-gallery-item-img\"><img loading=\"lazy\" decoding=\"async\" width=\"720\" height=\"1600\" src=\"https:\/\/www.acsc.com.br\/divinocoracao\/wp-content\/uploads\/sites\/4\/2026\/03\/WhatsApp-Image-2026-03-24-at-13.20.20-1.jpeg\" class=\"attachment-full size-full\" alt=\"\" srcset=\"https:\/\/www.acsc.com.br\/divinocoracao\/wp-content\/uploads\/sites\/4\/2026\/03\/WhatsApp-Image-2026-03-24-at-13.20.20-1.jpeg 720w, https:\/\/www.acsc.com.br\/divinocoracao\/wp-content\/uploads\/sites\/4\/2026\/03\/WhatsApp-Image-2026-03-24-at-13.20.20-1-135x300.jpeg 135w, https:\/\/www.acsc.com.br\/divinocoracao\/wp-content\/uploads\/sites\/4\/2026\/03\/WhatsApp-Image-2026-03-24-at-13.20.20-1-461x1024.jpeg 461w\" sizes=\"auto, (max-width: 720px) 100vw, 720px\" \/><\/div><\/a><\/div><\/div>\n","protected":false},"excerpt":{"rendered":"<p>O projeto Estante M\u00e1gica, desenvolvido com os estudantes do 1\u00ba ao 4\u00ba ano do Col\u00e9gio Divino Cora\u00e7\u00e3o, tem como principal objetivo incentivar a leitura e a escrita de forma significativa e afetiva, alinhada aos valores da nossa institui\u00e7\u00e3o. A proposta convida cada crian\u00e7a a se reconhecer como autora de sua pr\u00f3pria hist\u00f3ria, estimulando a criatividade,&#8230;<\/p>\n","protected":false},"author":1,"featured_media":0,"parent":0,"menu_order":0,"comment_status":"closed","ping_status":"closed","template":"","meta":{"_acf_changed":false,"footnotes":""},"class_list":["post-259","page","type-page","status-publish","hentry"],"acf":[],"_links":{"self":[{"href":"https:\/\/www.acsc.com.br\/divinocoracao\/wp-json\/wp\/v2\/pages\/259","targetHints":{"allow":["GET"]}}],"collection":[{"href":"https:\/\/www.acsc.com.br\/divinocoracao\/wp-json\/wp\/v2\/pages"}],"about":[{"href":"https:\/\/www.acsc.com.br\/divinocoracao\/wp-json\/wp\/v2\/types\/page"}],"author":[{"embeddable":true,"href":"https:\/\/www.acsc.com.br\/divinocoracao\/wp-json\/wp\/v2\/users\/1"}],"replies":[{"embeddable":true,"href":"https:\/\/www.acsc.com.br\/divinocoracao\/wp-json\/wp\/v2\/comments?post=259"}],"version-history":[{"count":8,"href":"https:\/\/www.acsc.com.br\/divinocoracao\/wp-json\/wp\/v2\/pages\/259\/revisions"}],"predecessor-version":[{"id":577,"href":"https:\/\/www.acsc.com.br\/divinocoracao\/wp-json\/wp\/v2\/pages\/259\/revisions\/577"}],"wp:attachment":[{"href":"https:\/\/www.acsc.com.br\/divinocoracao\/wp-json\/wp\/v2\/media?parent=259"}],"curies":[{"name":"wp","href":"https:\/\/api.w.org\/{rel}","templated":true}]}}