{"id":257,"date":"2023-08-11T14:47:37","date_gmt":"2023-08-11T17:47:37","guid":{"rendered":"https:\/\/www.acsc.com.br\/divinocoracao\/?page_id=257"},"modified":"2023-08-11T14:47:37","modified_gmt":"2023-08-11T17:47:37","slug":"baby-ballet","status":"publish","type":"page","link":"https:\/\/www.acsc.com.br\/divinocoracao\/baby-ballet\/","title":{"rendered":"Baby Ballet"},"content":{"rendered":"<p style=\"text-align: justify;\"><span style=\"font-weight: 400;\">A dan\u00e7a contempor\u00e2nea e o bal\u00e9 despertam o gosto pela arte, al\u00e9m de desenvolverem aspectos motores, cognitivos e afetivo-sociais, mantendo em harmonia, corpo, mente, intelig\u00eancia e sensibilidade.\u00a0<\/span><\/p>\n<p style=\"text-align: justify;\"><span style=\"font-weight: 400;\">O Col\u00e9gio Divino Cora\u00e7\u00e3o oferece aulas para crian\u00e7as de 3 a 5 anos, as aulas s\u00e3o ministradas pela professora Jaqueline Zacarias &#8211; Diretora da Escola Ballerina.<\/span><\/p>\n","protected":false},"excerpt":{"rendered":"<p>A dan\u00e7a contempor\u00e2nea e o bal\u00e9 despertam o gosto pela arte, al\u00e9m de desenvolverem aspectos motores, cognitivos e afetivo-sociais, mantendo em harmonia, corpo, mente, intelig\u00eancia e sensibilidade.\u00a0 O Col\u00e9gio Divino Cora\u00e7\u00e3o oferece aulas para crian\u00e7as de 3 a 5 anos, as aulas s\u00e3o ministradas pela professora Jaqueline Zacarias &#8211; Diretora da Escola Ballerina.<\/p>\n","protected":false},"author":1,"featured_media":0,"parent":0,"menu_order":0,"comment_status":"closed","ping_status":"closed","template":"","meta":{"_acf_changed":false,"footnotes":""},"class_list":["post-257","page","type-page","status-publish","hentry"],"acf":[],"_links":{"self":[{"href":"https:\/\/www.acsc.com.br\/divinocoracao\/wp-json\/wp\/v2\/pages\/257","targetHints":{"allow":["GET"]}}],"collection":[{"href":"https:\/\/www.acsc.com.br\/divinocoracao\/wp-json\/wp\/v2\/pages"}],"about":[{"href":"https:\/\/www.acsc.com.br\/divinocoracao\/wp-json\/wp\/v2\/types\/page"}],"author":[{"embeddable":true,"href":"https:\/\/www.acsc.com.br\/divinocoracao\/wp-json\/wp\/v2\/users\/1"}],"replies":[{"embeddable":true,"href":"https:\/\/www.acsc.com.br\/divinocoracao\/wp-json\/wp\/v2\/comments?post=257"}],"version-history":[{"count":1,"href":"https:\/\/www.acsc.com.br\/divinocoracao\/wp-json\/wp\/v2\/pages\/257\/revisions"}],"predecessor-version":[{"id":258,"href":"https:\/\/www.acsc.com.br\/divinocoracao\/wp-json\/wp\/v2\/pages\/257\/revisions\/258"}],"wp:attachment":[{"href":"https:\/\/www.acsc.com.br\/divinocoracao\/wp-json\/wp\/v2\/media?parent=257"}],"curies":[{"name":"wp","href":"https:\/\/api.w.org\/{rel}","templated":true}]}}