{"id":254,"date":"2023-08-11T14:43:24","date_gmt":"2023-08-11T17:43:24","guid":{"rendered":"https:\/\/www.acsc.com.br\/divinocoracao\/?page_id=254"},"modified":"2023-08-11T14:43:24","modified_gmt":"2023-08-11T17:43:24","slug":"eventos-anuais","status":"publish","type":"page","link":"https:\/\/www.acsc.com.br\/divinocoracao\/eventos-anuais\/","title":{"rendered":"Eventos Anuais"},"content":{"rendered":"<p style=\"text-align: justify;\"><b>Caminhada da Paz:<\/b><span style=\"font-weight: 400;\"> Evento pela cultura da paz, marca registrada da Institui\u00e7\u00e3o.\u00c9 realizada uma caminhada a fim de proporcionar momentos de reflex\u00f5es atrav\u00e9s da espiritualidade, da supera\u00e7\u00e3o dos limites f\u00edsicos e da experi\u00eancia fraterna.<\/span><\/p>\n<p style=\"text-align: justify;\"><b>CDC Fest &#8211; <\/b><b>Festival de Criatividade, Diversidade e Cultura:<\/b><span style=\"font-weight: 400;\"> um festival interdisciplinar que ocorre anualmente, geralmente no m\u00eas de Julho, dentro do ambiente escolar a fim de discutir sobre os temas escolhidos, favorecendo a pesquisa, trabalho em equipe, envolvimento familiar, dentre outros.<\/span><\/p>\n<p style=\"text-align: justify;\"><b>Celebra\u00e7\u00e3o de P\u00e1scoa:<\/b><span style=\"font-weight: 400;\"> A P\u00e1scoa \u00e9 a celebra\u00e7\u00e3o religiosa mais importante do cristianismo, pois trata de um feito muito importante na cren\u00e7a crist\u00e3: a ressurrei\u00e7\u00e3o de Jesus Cristo. O Col\u00e9gio Divino Cora\u00e7\u00e3o\u00a0 celebra com atividades como a b\u00ean\u00e7\u00e3o dos\u00a0 Ramos, ora\u00e7\u00f5es, cantos, gincanas e muito mais.<\/span><\/p>\n<p style=\"text-align: justify;\"><b>Exposi\u00e7\u00e3o M\u00eas Liter\u00e1rio:<\/b><span style=\"font-weight: 400;\"> A exposi\u00e7\u00e3o liter\u00e1ria \u00e9 um evento que tem por objetivo a valoriza\u00e7\u00e3o da produ\u00e7\u00e3o textual dos alunos e est\u00edmulo \u00e0 leitura, onde s\u00e3o expostos os trabalhos dos alunos desenvolvidos a partir de referenciais liter\u00e1rios selecionados pelos professores.<\/span><\/p>\n<p style=\"text-align: justify;\"><b>Feira de Ci\u00eancias:<\/b><span style=\"font-weight: 400;\"> Projeto realizado com o 5\u00ba ano, que tem por objetivo despertar a curiosidade e o interesse dos alunos,\u00a0 bem como incentivar a pesquisa, estimular a produ\u00e7\u00e3o de experimentos e curiosidades cient\u00edficas, a fim de contribuir para as mais diversas habilidades e compet\u00eancias pelos alunos.<\/span><\/p>\n<p style=\"text-align: justify;\"><b>Festejos Farroupilha:<\/b><span style=\"font-weight: 400;\"> Evento de comemora\u00e7\u00e3o, valoriza\u00e7\u00e3o e resgate da cultura ga\u00facha, com roda de chimarr\u00e3o e apresenta\u00e7\u00f5es musicais t\u00edpicas da regi\u00e3o, feitas pelos alunos e convidados.<\/span><\/p>\n<p style=\"text-align: justify;\"><b>Festa Junina:<\/b><span style=\"font-weight: 400;\"> Momento de valoriza\u00e7\u00e3o da cultura brasileira e integra\u00e7\u00e3o entre alunos, pais e colaboradores. S\u00e3o realizadas apresenta\u00e7\u00f5es das dan\u00e7as t\u00edpicas, como as quadrilhas, comidas t\u00edpicas, geralmente feitas a base de milho e v\u00e1rias brincadeiras divertidas.<\/span><\/p>\n<p style=\"text-align: justify;\"><b>Inters\u00e9ries:<\/b><span style=\"font-weight: 400;\"> Atividade de incentivo a pr\u00e1tica esportiva e a socializa\u00e7\u00e3o dos alunos do col\u00e9gio. O objetivo \u00e9 complementar o trabalho realizado nas aulas de Educa\u00e7\u00e3o F\u00edsica, resgatar e enfatizar, atrav\u00e9s da pr\u00e1tica do esporte, valores como solidariedade, lealdade, amizade e responsabilidade.<\/span><\/p>\n<p style=\"text-align: justify;\"><b>Mostra Multidisciplinar do Conhecimento:<\/b><span style=\"font-weight: 400;\"> \u00e9 um evento realizado do 6\u00ba ano ao Ensino M\u00e9dio,\u00a0 de car\u00e1ter acad\u00eamico-cient\u00edfico com a finalidade de difundir e dar visibilidade \u00e0s a\u00e7\u00f5es did\u00e1ticas desenvolvidas pelos professores na condu\u00e7\u00e3o de suas disciplinas curriculares. Um dos seus principais objetivos \u00e9 estimular a organiza\u00e7\u00e3o da escrita, produ\u00e7\u00e3o e apresenta\u00e7\u00e3o de trabalhos nos padr\u00f5es acad\u00eamicos de acordo com as possibilidades de cada faixa et\u00e1ria, al\u00e9m de favorecer a pesquisa, o senso cr\u00edtico, o trabalho em equipe e a avalia\u00e7\u00e3o externa.<\/span><\/p>\n<p style=\"text-align: justify;\"><b>OBMEP: <\/b><span style=\"font-weight: 400;\">Participa\u00e7\u00e3o dos estudantes no projeto nacional das Olimp\u00edadas Brasileira de Matem\u00e1tica das Escolas P\u00fablicas, que tem por miss\u00e3o <\/span><span style=\"font-weight: 400;\">estimular e promover o estudo da Matem\u00e1tica no Brasil.<\/span><\/p>\n<p style=\"text-align: justify;\"><b>Projeto de Transi\u00e7\u00e3o de Turno:<\/b><span style=\"font-weight: 400;\"> Contempla os alunos do 4\u00ba ano, e consiste na experi\u00eancia de um aluno do 5\u00ba ano por um dia. Os estudantes s\u00e3o convidados a participarem de atividades no turno da manh\u00e3, onde conhecem a din\u00e2mica dos novos desafios do ano seguinte, bem como alguns professores e o recreio compartilhado com alunos das outras turmas.<\/span><\/p>\n<p style=\"text-align: justify;\"><b>Projeto de Vida: <\/b><span style=\"font-weight: 400;\">Realiza\u00e7\u00e3o de testes vocacionais e projeto \u201cprofiss\u00e3o e vida\u201d, onde profissionais de v\u00e1rias \u00e1reas de atua\u00e7\u00e3o de interesse dos alunos, s\u00e3o convidados para uma roda de conversa, a fim de elucidar as d\u00favidas dos estudantes sobre o mercado de trabalho.<\/span><\/p>\n<p style=\"text-align: justify;\"><b>Semana da Arte e Exposi\u00e7\u00e3o dos Trabalhos:<\/b><span style=\"font-weight: 400;\"> \u00e9 uma mostra realizada a partir da Educa\u00e7\u00e3o Infantil ao Ensino M\u00e9dio, onde ocorre a exposi\u00e7\u00e3o de trabalhos art\u00edsticos dos alunos, com a tem\u00e1tica espec\u00edfica a cada ano e tem como objetivo o incentivo da criatividade e imagina\u00e7\u00e3o, al\u00e9m da integra\u00e7\u00e3o escolar entre pais, alunos, professores e a comunidade.<\/span><\/p>\n<p style=\"text-align: justify;\"><b>Semana Solid\u00e1ria da Escola:<\/b><span style=\"font-weight: 400;\"> Projeto que visa a arrecada\u00e7\u00e3o de donativos, sendo alimentos e vestu\u00e1rio destinados a Pastoral Social da cidade.<\/span><\/p>\n<p style=\"text-align: justify;\"><b>Show de Talentos: <\/b><span style=\"font-weight: 400;\">Conta com a participa\u00e7\u00e3o da Educa\u00e7\u00e3o Infantil ao Ensino M\u00e9dio. O intuito deste projeto \u00e9 o est\u00edmulo da autonomia e valoriza\u00e7\u00e3o dos estudantes, bem como suas potencialidades. H\u00e1 apresenta\u00e7\u00f5es dos talentos do CDC, nas mais diversas \u00e1reas, como dan\u00e7a, poesia, m\u00fasica, teatro, entre outros.<\/span><\/p>\n<p style=\"text-align: justify;\"><b>Shows de Final de Ano:<\/b><span style=\"font-weight: 400;\"> Mostra art\u00edstica dos alunos para comunidade escolar, sendo que cada ano letivo as apresenta\u00e7\u00f5es t\u00eam em espec\u00edfico uma tem\u00e1tica\u00a0<\/span><\/p>\n<p style=\"text-align: justify;\">\n","protected":false},"excerpt":{"rendered":"<p>Caminhada da Paz: Evento pela cultura da paz, marca registrada da Institui\u00e7\u00e3o.\u00c9 realizada uma caminhada a fim de proporcionar momentos de reflex\u00f5es atrav\u00e9s da espiritualidade, da supera\u00e7\u00e3o dos limites f\u00edsicos e da experi\u00eancia fraterna. CDC Fest &#8211; Festival de Criatividade, Diversidade e Cultura: um festival interdisciplinar que ocorre anualmente, geralmente no m\u00eas de Julho, dentro&#8230;<\/p>\n","protected":false},"author":1,"featured_media":0,"parent":0,"menu_order":0,"comment_status":"closed","ping_status":"closed","template":"","meta":{"_acf_changed":false,"footnotes":""},"class_list":["post-254","page","type-page","status-publish","hentry"],"acf":[],"_links":{"self":[{"href":"https:\/\/www.acsc.com.br\/divinocoracao\/wp-json\/wp\/v2\/pages\/254","targetHints":{"allow":["GET"]}}],"collection":[{"href":"https:\/\/www.acsc.com.br\/divinocoracao\/wp-json\/wp\/v2\/pages"}],"about":[{"href":"https:\/\/www.acsc.com.br\/divinocoracao\/wp-json\/wp\/v2\/types\/page"}],"author":[{"embeddable":true,"href":"https:\/\/www.acsc.com.br\/divinocoracao\/wp-json\/wp\/v2\/users\/1"}],"replies":[{"embeddable":true,"href":"https:\/\/www.acsc.com.br\/divinocoracao\/wp-json\/wp\/v2\/comments?post=254"}],"version-history":[{"count":1,"href":"https:\/\/www.acsc.com.br\/divinocoracao\/wp-json\/wp\/v2\/pages\/254\/revisions"}],"predecessor-version":[{"id":255,"href":"https:\/\/www.acsc.com.br\/divinocoracao\/wp-json\/wp\/v2\/pages\/254\/revisions\/255"}],"wp:attachment":[{"href":"https:\/\/www.acsc.com.br\/divinocoracao\/wp-json\/wp\/v2\/media?parent=254"}],"curies":[{"name":"wp","href":"https:\/\/api.w.org\/{rel}","templated":true}]}}