{"id":247,"date":"2023-08-11T14:37:14","date_gmt":"2023-08-11T17:37:14","guid":{"rendered":"https:\/\/www.acsc.com.br\/divinocoracao\/?page_id=247"},"modified":"2023-08-11T14:37:14","modified_gmt":"2023-08-11T17:37:14","slug":"metodologia","status":"publish","type":"page","link":"https:\/\/www.acsc.com.br\/divinocoracao\/metodologia\/","title":{"rendered":"Metodologia"},"content":{"rendered":"<p style=\"text-align: justify;\"><span style=\"font-weight: 400;\">O Curr\u00edculo educacional \u00e9 organizado com base na filosofia Crist\u00e3 Cat\u00f3lica, no Carisma Congregacional, no PPPP da ACSC e na legisla\u00e7\u00e3o vigente, para consecu\u00e7\u00e3o dos seus objetivos\u00a0 educacionais.<\/span><\/p>\n<p style=\"text-align: justify;\"><span style=\"font-weight: 400;\">As matrizes curriculares do Ensino Fundamental e Ensino M\u00e9dio s\u00e3o elaboradas atrav\u00e9s dos Planos de Estudo, onde cont\u00e9m a organiza\u00e7\u00e3o curricular, o objetivo de cada \u00e1rea de conhecimento, eixos tem\u00e1ticos, compet\u00eancias e habilidades, os conte\u00fados program\u00e1ticos e a pr\u00e1tica avaliativa. J\u00e1 na Educa\u00e7\u00e3o Infantil s\u00e3o elaboradas atrav\u00e9s dos Planos de Atividades, onde est\u00e3o especificadas as atividades l\u00fadico-educativas, conforme os objetivos estabelecidos para essa etapa da Educa\u00e7\u00e3o B\u00e1sica.\u00a0<\/span><\/p>\n<p style=\"text-align: justify;\"><span style=\"font-weight: 400;\">Embora os componentes curriculares aparecem divididos na Matriz Curricular de cada n\u00edvel de ensino, o trabalho educativo da institui\u00e7\u00e3o poder\u00e1 ser desenvolvido de modo interdisciplinar e\/ou transversal, conforme a conveni\u00eancia do processo de ensino e aprendizagem.<\/span><\/p>\n","protected":false},"excerpt":{"rendered":"<p>O Curr\u00edculo educacional \u00e9 organizado com base na filosofia Crist\u00e3 Cat\u00f3lica, no Carisma Congregacional, no PPPP da ACSC e na legisla\u00e7\u00e3o vigente, para consecu\u00e7\u00e3o dos seus objetivos\u00a0 educacionais. As matrizes curriculares do Ensino Fundamental e Ensino M\u00e9dio s\u00e3o elaboradas atrav\u00e9s dos Planos de Estudo, onde cont\u00e9m a organiza\u00e7\u00e3o curricular, o objetivo de cada \u00e1rea de&#8230;<\/p>\n","protected":false},"author":1,"featured_media":0,"parent":0,"menu_order":0,"comment_status":"closed","ping_status":"closed","template":"","meta":{"_acf_changed":false,"footnotes":""},"class_list":["post-247","page","type-page","status-publish","hentry"],"acf":[],"_links":{"self":[{"href":"https:\/\/www.acsc.com.br\/divinocoracao\/wp-json\/wp\/v2\/pages\/247","targetHints":{"allow":["GET"]}}],"collection":[{"href":"https:\/\/www.acsc.com.br\/divinocoracao\/wp-json\/wp\/v2\/pages"}],"about":[{"href":"https:\/\/www.acsc.com.br\/divinocoracao\/wp-json\/wp\/v2\/types\/page"}],"author":[{"embeddable":true,"href":"https:\/\/www.acsc.com.br\/divinocoracao\/wp-json\/wp\/v2\/users\/1"}],"replies":[{"embeddable":true,"href":"https:\/\/www.acsc.com.br\/divinocoracao\/wp-json\/wp\/v2\/comments?post=247"}],"version-history":[{"count":1,"href":"https:\/\/www.acsc.com.br\/divinocoracao\/wp-json\/wp\/v2\/pages\/247\/revisions"}],"predecessor-version":[{"id":248,"href":"https:\/\/www.acsc.com.br\/divinocoracao\/wp-json\/wp\/v2\/pages\/247\/revisions\/248"}],"wp:attachment":[{"href":"https:\/\/www.acsc.com.br\/divinocoracao\/wp-json\/wp\/v2\/media?parent=247"}],"curies":[{"name":"wp","href":"https:\/\/api.w.org\/{rel}","templated":true}]}}