{"id":244,"date":"2023-08-11T14:34:45","date_gmt":"2023-08-11T17:34:45","guid":{"rendered":"https:\/\/www.acsc.com.br\/divinocoracao\/?page_id=244"},"modified":"2023-08-11T14:34:45","modified_gmt":"2023-08-11T17:34:45","slug":"normas","status":"publish","type":"page","link":"https:\/\/www.acsc.com.br\/divinocoracao\/normas\/","title":{"rendered":"Normas"},"content":{"rendered":"<p style=\"text-align: justify;\"><b>Normas<\/b><\/p>\n<p style=\"text-align: justify;\"><span style=\"font-weight: 400;\">As normas s\u00e3o elaboradas coletivamente, com o objetivo de assegurar direitos e deveres entre o estudante e a escola, e o bom andamento do ano letivo.<\/span><\/p>\n<p style=\"text-align: justify;\"><b>In\u00edcio das aulas ano letivo 2023<\/b><\/p>\n<p style=\"text-align: justify;\">\n<p style=\"text-align: justify;\"><b>5\u00ba ano ao Ensino M\u00e9dio <\/b><span style=\"font-weight: 400;\">&#8211; 13\/02\/2023<br \/>\n<\/span><span style=\"font-weight: 400;\">Turno: Manh\u00e3<br \/>\n<\/span><span style=\"font-weight: 400;\">Entrada e Sa\u00edda (hor\u00e1rio): 07h30min \u00e0s 11h55min\u00a0<\/span><\/p>\n<p style=\"text-align: justify;\"><span style=\"font-weight: 400;\">No <\/span><span style=\"font-weight: 400;\">turno da manh\u00e3<\/span><span style=\"font-weight: 400;\"> o aluno ter\u00e1 05 minutos de toler\u00e2ncia em caso de atraso. O port\u00e3o ser\u00e1 fechado \u00e0s 07h35min. O aluno que chegar ap\u00f3s o fechamento do port\u00e3o, deve registrar seu atraso no CIPE e aguardar na Sala de Espera para entrar no segundo per\u00edodo.\u00a0<\/span><\/p>\n<p style=\"text-align: justify;\">\n<p style=\"text-align: justify;\"><b>Educa\u00e7\u00e3o Infantil ao 4\u00ba Ano<\/b><span style=\"font-weight: 400;\"> \u2013 16\/02\/2023<\/span><\/p>\n<p style=\"text-align: justify;\"><span style=\"font-weight: 400;\">Turno: Tarde<\/span><\/p>\n<p style=\"text-align: justify;\"><span style=\"font-weight: 400;\">Entrada e Sa\u00edda (hor\u00e1rio): 13h15min \u00e0s 17h30min\u00a0<\/span><\/p>\n<p style=\"text-align: justify;\"><span style=\"font-weight: 400;\">No <\/span><span style=\"font-weight: 400;\">turno da tarde<\/span><span style=\"font-weight: 400;\"> o aluno ter\u00e1 05 minutos de toler\u00e2ncia, em caso de atraso. O port\u00e3o ser\u00e1 fechado \u00e0s 13h30min. O aluno que chegar ap\u00f3s o fechamento dos port\u00f5es, deve registrar seu atraso no CIPE e aguardar na Sala de Espera para entrar no segundo per\u00edodo.<\/span><\/p>\n<p style=\"text-align: justify;\">\n<p style=\"text-align: justify;\"><b>Sa\u00eddas antecipadas: <\/b><span style=\"font-weight: 400;\">Os respons\u00e1veis dever\u00e3o autorizar, via agenda, a sa\u00edda do aluno.<\/span><\/p>\n<p style=\"text-align: justify;\"><b>Uso da Agenda Escolar:<\/b><span style=\"font-weight: 400;\">\u00a0 \u00c9 obrigat\u00f3rio o uso da agenda escolar para os alunos da Educa\u00e7\u00e3o Infantil e Ensino Fundamental. A agenda serve para a comunica\u00e7\u00e3o entre o col\u00e9gio e os respons\u00e1veis pelo aluno ou vice-versa, anota\u00e7\u00f5es do aluno, etc.<\/span><\/p>\n<p style=\"text-align: justify;\"><b>Uniforme Escolar:<\/b><span style=\"font-weight: 400;\"> O uniforme escolar \u00e9 a identifica\u00e7\u00e3o do aluno, sendo seu uso di\u00e1rio obrigat\u00f3rio,<\/span><span style=\"font-weight: 400;\"> em sala de aula e em qualquer atividade, nas depend\u00eancias da Escola, em todos os dias da semana, <\/span><span style=\"font-weight: 400;\">inclusive para atividades escolares em turno oposto e sa\u00eddas de estudo.<\/span><\/p>\n<p style=\"text-align: justify;\"><b>Aparelhos Eletr\u00f4nicos e M\u00eddias Sociais:<\/b><span style=\"font-weight: 400;\"> Somente sob solicita\u00e7\u00e3o e autoriza\u00e7\u00e3o do professor em sala de aula, ser\u00e1 permitido o uso de telefone celular, tablet, notebooks ou outros aparelhos de som, imagem, filmagem ou grava\u00e7\u00e3o, e quando usados como recursos pedag\u00f3gicos. O aluno que descumprir esta regra, ser\u00e1 encaminhado para o CIPE para as devidas provid\u00eancias.<\/span><\/p>\n<p style=\"text-align: justify;\"><b>Perda de Avalia\u00e7\u00f5es: <\/b><span style=\"font-weight: 400;\">Todo aluno que faltar em dias de atividades avaliativas, o respons\u00e1vel, pelo aluno, dever\u00e1 entregar no CIPE o atestado m\u00e9dico, justificando a aus\u00eancia do aluno. O professor marcar\u00e1 outra oportunidade para realizar os instrumentos avaliativos faltados e justificados.<\/span><\/p>\n<p style=\"text-align: justify;\"><b>Atestados M\u00e9dicos:<\/b><span style=\"font-weight: 400;\"> Todo o aluno que necessitar faltar \u00e0 aula, por motivo de sa\u00fade, dever\u00e1 trazer o atestado m\u00e9dico e entregar no CIPE, justificando sua aus\u00eancia.<\/span><\/p>\n<p style=\"text-align: justify;\">\n","protected":false},"excerpt":{"rendered":"<p>Normas As normas s\u00e3o elaboradas coletivamente, com o objetivo de assegurar direitos e deveres entre o estudante e a escola, e o bom andamento do ano letivo. In\u00edcio das aulas ano letivo 2023 5\u00ba ano ao Ensino M\u00e9dio &#8211; 13\/02\/2023 Turno: Manh\u00e3 Entrada e Sa\u00edda (hor\u00e1rio): 07h30min \u00e0s 11h55min\u00a0 No turno da manh\u00e3 o aluno&#8230;<\/p>\n","protected":false},"author":1,"featured_media":0,"parent":0,"menu_order":0,"comment_status":"closed","ping_status":"closed","template":"","meta":{"_acf_changed":false,"footnotes":""},"class_list":["post-244","page","type-page","status-publish","hentry"],"acf":[],"_links":{"self":[{"href":"https:\/\/www.acsc.com.br\/divinocoracao\/wp-json\/wp\/v2\/pages\/244","targetHints":{"allow":["GET"]}}],"collection":[{"href":"https:\/\/www.acsc.com.br\/divinocoracao\/wp-json\/wp\/v2\/pages"}],"about":[{"href":"https:\/\/www.acsc.com.br\/divinocoracao\/wp-json\/wp\/v2\/types\/page"}],"author":[{"embeddable":true,"href":"https:\/\/www.acsc.com.br\/divinocoracao\/wp-json\/wp\/v2\/users\/1"}],"replies":[{"embeddable":true,"href":"https:\/\/www.acsc.com.br\/divinocoracao\/wp-json\/wp\/v2\/comments?post=244"}],"version-history":[{"count":1,"href":"https:\/\/www.acsc.com.br\/divinocoracao\/wp-json\/wp\/v2\/pages\/244\/revisions"}],"predecessor-version":[{"id":245,"href":"https:\/\/www.acsc.com.br\/divinocoracao\/wp-json\/wp\/v2\/pages\/244\/revisions\/245"}],"wp:attachment":[{"href":"https:\/\/www.acsc.com.br\/divinocoracao\/wp-json\/wp\/v2\/media?parent=244"}],"curies":[{"name":"wp","href":"https:\/\/api.w.org\/{rel}","templated":true}]}}